{"id":4380,"date":"2024-12-07T10:25:33","date_gmt":"2024-12-07T10:25:33","guid":{"rendered":"https:\/\/lomoro.nl\/?post_type=product&#038;p=4380"},"modified":"2025-01-05T15:09:53","modified_gmt":"2025-01-05T15:09:53","slug":"trouwpak-25","status":"publish","type":"product","link":"https:\/\/www.lomoro.nl\/de\/products\/trouwpak-25\/","title":{"rendered":"Schwarzes Kost\u00fcm"},"content":{"rendered":"<section id=\"shopify-section-template--23762923880771__rich_text_kx9yLB\" class=\"shopify-section section\">\n<div class=\"isolate\">\n<div class=\"rich-text content-container color-scheme-1 gradient rich-text--full-width content-container--full-width section-template--23762923880771__rich_text_kx9yLB-padding\">\n<div class=\"rich-text__wrapper rich-text__wrapper--left page-width\">\n<div class=\"rich-text__blocks left\">\n<div class=\"rich-text__text rte scroll-trigger animate--slide-in\" data-cascade=\"\">\n<p>Der schwarze Hochzeitsanzug ist die ideale Wahl f\u00fcr den Br\u00e4utigam, der eine Kombination aus klassischer Eleganz und modernem Komfort sucht. Mit ma\u00dfgeschneiderter Passform und aus hochwertigen Stoffen gefertigt, bietet dieser Anzug einen raffinierten Look, der sich perfekt an Ihren K\u00f6rper anpasst. Unsere Kollektion umfasst verschiedene Stile und Schwarzt\u00f6ne, sodass Sie immer einen Anzug finden, der Ihrem pers\u00f6nlichen Geschmack entspricht. Machen Sie mit diesem stilvollen Hochzeitsanzug einen unvergesslichen Eindruck und erleben Sie den Luxus und die Handwerkskunst, die Lomoro zu bieten hat.<\/p>\n<p>Erleben Sie unsere Kollektion schwarzer Herrenanz\u00fcge, die f\u00fcr jeden Anlass entworfen wurden. Egal, ob Sie einen schwarzen Herrenanzug f\u00fcr einen formellen Anlass oder einen schwarzen Anzug f\u00fcr eine Party w\u00e4hlen, Sie werden immer stilvoll und elegant aussehen. Unsere schwarzen Anz\u00fcge sind aus hochwertigen Materialien gefertigt, die Komfort und Haltbarkeit bieten. Lomoro garantiert, dass Sie den ganzen Tag \u00fcber Komfort genie\u00dfen werden. Mit einem schwarzen Herrenanzug hinterlassen Sie einen starken und bleibenden Eindruck und er passt perfekt zu verschiedenen Accessoires und Hemden. Egal, ob Sie ein schwarzes Engelskost\u00fcm oder ein klassisches schwarzes Kost\u00fcm suchen, Lomoro ist die beste Wahl f\u00fcr Sie. W\u00e4hlen Sie noch heute Ihren perfekten schwarzen Anzug und lassen Sie Ihren Stil erstrahlen.<\/p>\n<\/div>\n<\/div>\n<\/div>\n<\/div>\n<\/div>\n<\/section>\n<section id=\"shopify-section-template--23762923880771__rich_text_hiQLtE\" class=\"shopify-section section\">\n<table>\n<thead>\n<tr>\n<th>Merkmal<\/th>\n<th>Details<\/th>\n<\/tr>\n<\/thead>\n<tbody>\n<tr>\n<td>Material<\/td>\n<td>Hochwertige Stoffe<\/td>\n<\/tr>\n<tr>\n<td>Farbe<\/td>\n<td>Schwarz<\/td>\n<\/tr>\n<tr>\n<td>Verf\u00fcgbare Gr\u00f6\u00dfen<\/td>\n<td>Bis Gr\u00f6\u00dfe 72<\/td>\n<\/tr>\n<tr>\n<td>Passform<\/td>\n<td>Ma\u00dfgeschneidert f\u00fcr perfekten Sitz<\/td>\n<\/tr>\n<tr>\n<td>Stil<\/td>\n<td>Klassisch mit modernen Akzenten<\/td>\n<\/tr>\n<tr>\n<td>Pflege<\/td>\n<td>Professionelle Reinigung empfohlen<\/td>\n<\/tr>\n<\/tbody>\n<\/table>\n<\/section>\n","protected":false},"excerpt":{"rendered":"<div class=\"product__tax caption rte\">Erleben Sie zeitlose Eleganz mit unserem schwarzen Hochzeitsanzug. Dieser ma\u00dfgeschneiderte Anzug kombiniert klassischen Stil mit modernem Komfort und ist perfekt f\u00fcr den Br\u00e4utigam, der an seinem besonderen Tag einen eleganten Look w\u00fcnscht. Der schwarze Hochzeitsanzug ist ein raffinierter dreiteiliger Anzug, ideal f\u00fcr formelle Anl\u00e4sse. Aus luxuri\u00f6sem schwarzem Stoff gefertigt, strahlt es Eleganz aus. Die einreihige Jacke hat einen klassischen Zwei-Knopf-Verschluss, ein fallendes Revers und einen einzelnen Schlitz. Die passende Weste mit sechs Kn\u00f6pfen und geradem Saum sorgt f\u00fcr zus\u00e4tzliche Formalit\u00e4t. Die Hose mit flacher Vorderseite bietet eine schlanke und ma\u00dfgeschneiderte Silhouette. Dieser Anzug eignet sich perfekt f\u00fcr Hochzeiten, Black-Tie-Events und andere formelle Zusammenk\u00fcnfte, bei denen ein zeitloser Look erw\u00fcnscht ist.<\/div>\n<div>\n<p><span style=\"font-weight: 400;\">\u2702\ufe0f Perfekte Passform, speziell f\u00fcr Dich gefertigt.<\/span><\/p>\n<p><span style=\"font-weight: 400;\">\ud83d\udc54 Individuelle Beratung f\u00fcr Ihren einzigartigen Look.<\/span><\/p>\n<p><span style=\"font-weight: 400;\">\ud83e\uddf5 Hochwertige Materialien f\u00fcr ultimativen Komfort.<\/span><\/p>\n<p><span style=\"font-weight: 400;\">\ud83c\udfa8 Stilvoll f\u00fcr jeden Anlass.<\/span><\/p>\n<p><span style=\"font-weight: 400;\">\ud83c\udf81 Genie\u00dfen Sie bei jedem Ladenbesuch ein kostenloses Geschenk!<\/span><\/p>\n<\/div>\n","protected":false},"featured_media":1753,"template":"","meta":{"_acf_changed":false},"product_brand":[],"product_cat":[154],"product_tag":[],"class_list":{"0":"post-4380","1":"product","2":"type-product","3":"status-publish","4":"has-post-thumbnail","6":"product_cat-trouwpak-voor-mannen","8":"first","9":"instock","10":"sale","11":"shipping-taxable","12":"purchasable","13":"product-type-simple"},"acf":[],"_links":{"self":[{"href":"https:\/\/www.lomoro.nl\/de\/wp-json\/wp\/v2\/product\/4380","targetHints":{"allow":["GET"]}}],"collection":[{"href":"https:\/\/www.lomoro.nl\/de\/wp-json\/wp\/v2\/product"}],"about":[{"href":"https:\/\/www.lomoro.nl\/de\/wp-json\/wp\/v2\/types\/product"}],"wp:featuredmedia":[{"embeddable":true,"href":"https:\/\/www.lomoro.nl\/de\/wp-json\/wp\/v2\/media\/1753"}],"wp:attachment":[{"href":"https:\/\/www.lomoro.nl\/de\/wp-json\/wp\/v2\/media?parent=4380"}],"wp:term":[{"taxonomy":"product_brand","embeddable":true,"href":"https:\/\/www.lomoro.nl\/de\/wp-json\/wp\/v2\/product_brand?post=4380"},{"taxonomy":"product_cat","embeddable":true,"href":"https:\/\/www.lomoro.nl\/de\/wp-json\/wp\/v2\/product_cat?post=4380"},{"taxonomy":"product_tag","embeddable":true,"href":"https:\/\/www.lomoro.nl\/de\/wp-json\/wp\/v2\/product_tag?post=4380"}],"curies":[{"name":"wp","href":"https:\/\/api.w.org\/{rel}","templated":true}]}}