{"id":4384,"date":"2024-12-07T08:58:29","date_gmt":"2024-12-07T08:58:29","guid":{"rendered":"https:\/\/lomoro.nl\/?post_type=product&#038;p=4384"},"modified":"2025-01-05T15:41:16","modified_gmt":"2025-01-05T15:41:16","slug":"trouwpak-5","status":"publish","type":"product","link":"https:\/\/www.lomoro.nl\/de\/products\/trouwpak-5\/","title":{"rendered":"Hellbeiger Hochzeitsanzug"},"content":{"rendered":"<section id=\"shopify-section-template--23762923880771__rich_text_kx9yLB\" class=\"shopify-section section\">\n<div class=\"isolate\">\n<div class=\"rich-text content-container color-scheme-1 gradient rich-text--full-width content-container--full-width section-template--23762923880771__rich_text_kx9yLB-padding\">\n<div class=\"rich-text__wrapper rich-text__wrapper--left page-width\">\n<div class=\"rich-text__blocks left\">\n<div class=\"rich-text__text rte scroll-trigger animate--slide-in\" data-cascade=\"\">\n<p>Der hellbeige Hochzeitsanzug ist die ideale Wahl f\u00fcr den Br\u00e4utigam, der eine Kombination aus klassischer Eleganz und modernem Komfort sucht. Mit ma\u00dfgeschneiderter Passform und aus hochwertigen Stoffen gefertigt, bietet dieser Anzug einen raffinierten Look, der sich perfekt an Ihren K\u00f6rper anpasst. Unsere Kollektion umfasst verschiedene Stile und Beiget\u00f6ne, sodass Sie immer einen Anzug finden, der Ihrem pers\u00f6nlichen Geschmack entspricht. Machen Sie mit diesem stilvollen Hochzeitsanzug einen unvergesslichen Eindruck und erleben Sie den Luxus und die Handwerkskunst, die Lomoro zu bieten hat.<\/p>\n<p>Machen Sie Ihren gro\u00dfen Tag mit unserem hellbeigen Hochzeitsanzug unvergesslich. Dieser Ma\u00dfanzug bietet eine perfekte Passform und strahlt zeitlose Eleganz aus. Ideal f\u00fcr moderne Br\u00e4utigame, die Komfort und Stil kombinieren m\u00f6chten. Unser hellbeiger Hochzeitsanzug f\u00fcr Herren wurde sorgf\u00e4ltig entworfen, um einen stilvollen Look zu verleihen, mit Liebe zum Detail und hochwertigen Materialien. Egal, ob Sie sich f\u00fcr einen klassischen oder trendigen Look entscheiden, dieser beige Hochzeitsanzug sorgt daf\u00fcr, dass Sie immer gut aussehen. Entdecken Sie die Raffinesse von Hochzeitsanz\u00fcgen f\u00fcr Herren und gl\u00e4nzen Sie an Ihrem besonderen Tag.<\/p>\n<table>\n<thead>\n<tr>\n<th>Merkmal<\/th>\n<th>Details<\/th>\n<\/tr>\n<\/thead>\n<tbody>\n<tr>\n<td>Material<\/td>\n<td>Hochwertige Stoffe<\/td>\n<\/tr>\n<tr>\n<td>Farbe<\/td>\n<td>Hellbeige<\/td>\n<\/tr>\n<tr>\n<td>Verf\u00fcgbare Gr\u00f6\u00dfen<\/td>\n<td>Bis Gr\u00f6\u00dfe 72<\/td>\n<\/tr>\n<tr>\n<td>Passform<\/td>\n<td>Ma\u00dfgeschneidert f\u00fcr perfekte Passform<\/td>\n<\/tr>\n<tr>\n<td>Stil<\/td>\n<td>Klassisch mit modernen Akzenten<\/td>\n<\/tr>\n<tr>\n<td>Pflege<\/td>\n<td>Professionelle Reinigung empfohlen<\/td>\n<\/tr>\n<\/tbody>\n<\/table>\n<\/div>\n<\/div>\n<\/div>\n<\/div>\n<\/div>\n<\/section>\n","protected":false},"excerpt":{"rendered":"<div class=\"product__tax caption rte\">\n<p>Erleben Sie zeitlose Eleganz mit unserem hellbeigen Hochzeitsanzug. Dieser ma\u00dfgeschneiderte Anzug kombiniert klassischen Stil mit modernem Komfort und ist perfekt f\u00fcr den Br\u00e4utigam, der an seinem besonderen Tag einen eleganten Look w\u00fcnscht.<\/p>\n<p>Der \u201eHochzeitsanzug in Hellbeige\u201c ist ein eleganter dreiteiliger Anzug in Hellbeige mit einem einreihigen Sakko mit Zwei-Knopf-Verschluss, fallendem Revers und Mittelschlitz. Die Weste mit sechs Kn\u00f6pfen sorgt f\u00fcr Formalit\u00e4t, w\u00e4hrend die Hose mit flacher Vorderseite eine enge, ma\u00dfgeschneiderte Passform bietet. Dieser Anzug eignet sich perfekt f\u00fcr Hochzeiten und formelle Veranstaltungen und bietet einen zeitlosen, eleganten Look.<\/p>\n<p><span style=\"font-weight: 400;\">\u2702\ufe0f Perfekte Passform, speziell f\u00fcr Dich gefertigt.<\/span><\/p>\n<p><span style=\"font-weight: 400;\">\ud83d\udc54 Individuelle Beratung f\u00fcr Ihren einzigartigen Look.<\/span><\/p>\n<p><span style=\"font-weight: 400;\">\ud83e\uddf5 Hochwertige Materialien f\u00fcr ultimativen Komfort.<\/span><\/p>\n<p><span style=\"font-weight: 400;\">\ud83c\udfa8 Stilvoll f\u00fcr jeden Anlass.<\/span><\/p>\n<p><span style=\"font-weight: 400;\">\ud83c\udf81 Genie\u00dfen Sie bei jedem Ladenbesuch ein kostenloses Geschenk!<\/span><\/p>\n<\/div>\n","protected":false},"featured_media":1660,"template":"","meta":{"_acf_changed":false},"product_brand":[],"product_cat":[154],"product_tag":[],"class_list":{"0":"post-4384","1":"product","2":"type-product","3":"status-publish","4":"has-post-thumbnail","6":"product_cat-trouwpak-voor-mannen","8":"first","9":"instock","10":"sale","11":"shipping-taxable","12":"purchasable","13":"product-type-simple"},"acf":[],"_links":{"self":[{"href":"https:\/\/www.lomoro.nl\/de\/wp-json\/wp\/v2\/product\/4384","targetHints":{"allow":["GET"]}}],"collection":[{"href":"https:\/\/www.lomoro.nl\/de\/wp-json\/wp\/v2\/product"}],"about":[{"href":"https:\/\/www.lomoro.nl\/de\/wp-json\/wp\/v2\/types\/product"}],"wp:featuredmedia":[{"embeddable":true,"href":"https:\/\/www.lomoro.nl\/de\/wp-json\/wp\/v2\/media\/1660"}],"wp:attachment":[{"href":"https:\/\/www.lomoro.nl\/de\/wp-json\/wp\/v2\/media?parent=4384"}],"wp:term":[{"taxonomy":"product_brand","embeddable":true,"href":"https:\/\/www.lomoro.nl\/de\/wp-json\/wp\/v2\/product_brand?post=4384"},{"taxonomy":"product_cat","embeddable":true,"href":"https:\/\/www.lomoro.nl\/de\/wp-json\/wp\/v2\/product_cat?post=4384"},{"taxonomy":"product_tag","embeddable":true,"href":"https:\/\/www.lomoro.nl\/de\/wp-json\/wp\/v2\/product_tag?post=4384"}],"curies":[{"name":"wp","href":"https:\/\/api.w.org\/{rel}","templated":true}]}}