{"id":4386,"date":"2024-12-06T14:49:00","date_gmt":"2024-12-06T14:49:00","guid":{"rendered":"https:\/\/lomoro.nl\/?post_type=product&#038;p=4386"},"modified":"2025-01-05T15:58:48","modified_gmt":"2025-01-05T15:58:48","slug":"trouwpak-3","status":"publish","type":"product","link":"https:\/\/www.lomoro.nl\/de\/products\/trouwpak-3\/","title":{"rendered":"Hellblauer Hochzeitsanzug"},"content":{"rendered":"<p>Der hellblaue Hochzeitsanzug ist die ideale Wahl f\u00fcr Br\u00e4utigame, die einen frischen und stilvollen Look suchen. Mit seiner ma\u00dfgeschneiderten Passform und der Herstellung aus hochwertigen Stoffen bietet dieser Anzug sowohl Komfort als auch Eleganz. Der hellblaue Farbton verleiht dem klassischen Hochzeitsstil eine moderne Note und l\u00e4sst Sie an Ihrem besonderen Tag hervorstechen. Entdecken Sie die Raffinesse und Handwerkskunst von Lomoro und machen Sie Ihren Hochzeitstag mit diesem einzigartigen Anzug unvergesslich.<\/p>\n<div class=\"react-scroll-to-bottom--css-nfxss-1n7m0yu\">\n<div class=\"flex flex-col text-sm md:pb-9\">\n<article class=\"w-full scroll-mb-[var(--thread-trailing-height,150px)] text-token-text-primary focus-visible:outline-2 focus-visible:outline-offset-[-4px] sm:AIPRM__conversation__response\" dir=\"auto\" data-testid=\"conversation-turn-121\" data-scroll-anchor=\"true\">\n<div class=\"m-auto text-base py-[18px] px-3 md:px-4 w-full md:px-5 lg:px-4 xl:px-5\">\n<div class=\"mx-auto flex flex-1 gap-4 text-base md:gap-5 lg:gap-6 md:max-w-3xl lg:max-w-[40rem] xl:max-w-[48rem]\">\n<div class=\"group\/conversation-turn relative flex w-full min-w-0 flex-col agent-turn\">\n<div class=\"flex-col gap-1 md:gap-3\">\n<div class=\"flex max-w-full flex-col flex-grow AIPRM__conversation__response\">\n<div class=\"min-h-8 text-message flex w-full flex-col items-end gap-2 whitespace-normal break-words text-start [.text-message+&amp;]:mt-5\" dir=\"auto\" data-message-author-role=\"assistant\" data-message-id=\"5c4185a8-5515-4ad6-84ec-40cf9a2f3ff1\" data-message-model-slug=\"gpt-4o\">\n<div class=\"flex w-full flex-col gap-1 empty:hidden first:pt-[3px]\">\n<div class=\"markdown prose w-full break-words dark:prose-invert light\">\n<table>\n<thead>\n<tr>\n<th>Merkmal<\/th>\n<th>Details<\/th>\n<\/tr>\n<\/thead>\n<tbody>\n<tr>\n<td>Material<\/td>\n<td>Hochwertige Stoffe<\/td>\n<\/tr>\n<tr>\n<td>Farbe<\/td>\n<td>Hellblau<\/td>\n<\/tr>\n<tr>\n<td>Verf\u00fcgbare Gr\u00f6\u00dfen<\/td>\n<td>Bis Gr\u00f6\u00dfe 72<\/td>\n<\/tr>\n<tr>\n<td>Passform<\/td>\n<td>Ma\u00dfgeschneidert f\u00fcr perfekte Passform<\/td>\n<\/tr>\n<tr>\n<td>Stil<\/td>\n<td>Klassisch mit modernen Akzenten<\/td>\n<\/tr>\n<tr>\n<td>Pflege<\/td>\n<td>Professionelle Reinigung empfohlen<\/td>\n<\/tr>\n<\/tbody>\n<\/table>\n<\/div>\n<\/div>\n<\/div>\n<\/div>\n<\/div>\n<\/div>\n<\/div>\n<\/div>\n<\/article>\n<\/div>\n<\/div>\n<p>&nbsp;<\/p>\n","protected":false},"excerpt":{"rendered":"<div class=\"product__tax caption rte\">Erleben Sie die perfekte Kombination aus Stil und Komfort mit unserem hellblauen Hochzeitsanzug. Dieser ma\u00dfgeschneiderte Anzug ist f\u00fcr den modernen Br\u00e4utigam konzipiert, der sich an seinem besonderen Tag einen frischen und eleganten Look w\u00fcnscht. Der \u201eHellblaue Hochzeitsanzug\u201c ist ein eleganter dreiteiliger hellblauer Anzug. Es hat eine einreihige Jacke mit Zwei-Knopf-Verschluss, fallendem Revers und einem Mittelschlitz. Die Weste mit sechs Kn\u00f6pfen und die Hose mit flacher Vorderseite runden den eleganten, ma\u00dfgeschneiderten Look ab. Dieser Anzug ist ideal f\u00fcr Hochzeiten und formelle Veranstaltungen und bietet einen zeitlosen, raffinierten Stil.<\/div>\n<div>\n<p><span style=\"font-weight: 400;\">\u2702\ufe0f Perfekte Passform, speziell f\u00fcr Dich gefertigt.<\/span><\/p>\n<p><span style=\"font-weight: 400;\">\ud83d\udc54 Individuelle Beratung f\u00fcr Ihren einzigartigen Look.<\/span><\/p>\n<p><span style=\"font-weight: 400;\">\ud83e\uddf5 Hochwertige Materialien f\u00fcr ultimativen Komfort.<\/span><\/p>\n<p><span style=\"font-weight: 400;\">\ud83c\udfa8 Stilvoll f\u00fcr jeden Anlass.<\/span><\/p>\n<p><span style=\"font-weight: 400;\">\ud83c\udf81 Genie\u00dfen Sie bei jedem Ladenbesuch ein kostenloses Geschenk!<\/span><\/p>\n<\/div>\n","protected":false},"featured_media":1642,"template":"","meta":{"_acf_changed":false},"product_brand":[],"product_cat":[154],"product_tag":[],"class_list":{"0":"post-4386","1":"product","2":"type-product","3":"status-publish","4":"has-post-thumbnail","6":"product_cat-trouwpak-voor-mannen","8":"first","9":"instock","10":"sale","11":"shipping-taxable","12":"purchasable","13":"product-type-simple"},"acf":[],"_links":{"self":[{"href":"https:\/\/www.lomoro.nl\/de\/wp-json\/wp\/v2\/product\/4386","targetHints":{"allow":["GET"]}}],"collection":[{"href":"https:\/\/www.lomoro.nl\/de\/wp-json\/wp\/v2\/product"}],"about":[{"href":"https:\/\/www.lomoro.nl\/de\/wp-json\/wp\/v2\/types\/product"}],"wp:featuredmedia":[{"embeddable":true,"href":"https:\/\/www.lomoro.nl\/de\/wp-json\/wp\/v2\/media\/1642"}],"wp:attachment":[{"href":"https:\/\/www.lomoro.nl\/de\/wp-json\/wp\/v2\/media?parent=4386"}],"wp:term":[{"taxonomy":"product_brand","embeddable":true,"href":"https:\/\/www.lomoro.nl\/de\/wp-json\/wp\/v2\/product_brand?post=4386"},{"taxonomy":"product_cat","embeddable":true,"href":"https:\/\/www.lomoro.nl\/de\/wp-json\/wp\/v2\/product_cat?post=4386"},{"taxonomy":"product_tag","embeddable":true,"href":"https:\/\/www.lomoro.nl\/de\/wp-json\/wp\/v2\/product_tag?post=4386"}],"curies":[{"name":"wp","href":"https:\/\/api.w.org\/{rel}","templated":true}]}}