{"id":4391,"date":"2024-12-07T08:54:06","date_gmt":"2024-12-07T08:54:06","guid":{"rendered":"https:\/\/lomoro.nl\/?post_type=product&#038;p=4391"},"modified":"2025-01-05T16:34:06","modified_gmt":"2025-01-05T16:34:06","slug":"trouwpak","status":"publish","type":"product","link":"https:\/\/www.lomoro.nl\/de\/products\/trouwpak\/","title":{"rendered":"Hellgr\u00fcner Hochzeitsanzug"},"content":{"rendered":"<p>Der hellgr\u00fcne Hochzeitsanzug ist die ultimative Wahl f\u00fcr Br\u00e4utigame, die einen frischen und raffinierten Look mit optimalem Komfort kombinieren m\u00f6chten. Der Anzug strahlt mit seinen modernen Akzenten Eleganz aus und wurde sorgf\u00e4ltig verarbeitet, damit Sie gut aussehen.<\/p>\n<p>Dieser einzigartige Hochzeitsanzug passt nahtlos zu verschiedenen Themen und bietet Vielseitigkeit, um sowohl klassische als auch moderne Looks zu kreieren. Bei Lomoro garantieren wir eine einwandfreie Passform, die perfekt zu Ihrem pers\u00f6nlichen Stil und dem besonderen Anlass passt. Hinterlassen Sie einen unvergesslichen Eindruck mit diesem Anzug, der Luxus, Raffinesse und Komfort m\u00fchelos vereint.<\/p>\n<div class=\"react-scroll-to-bottom--css-nfxss-1n7m0yu\">\n<div class=\"flex flex-col text-sm md:pb-9\">\n<article class=\"w-full scroll-mb-[var(--thread-trailing-height,150px)] text-token-text-primary focus-visible:outline-2 focus-visible:outline-offset-[-4px] sm:AIPRM__conversation__response\" dir=\"auto\" data-testid=\"conversation-turn-121\" data-scroll-anchor=\"true\">\n<div class=\"m-auto text-base py-[18px] px-3 md:px-4 w-full md:px-5 lg:px-4 xl:px-5\">\n<div class=\"mx-auto flex flex-1 gap-4 text-base md:gap-5 lg:gap-6 md:max-w-3xl lg:max-w-[40rem] xl:max-w-[48rem]\">\n<div class=\"group\/conversation-turn relative flex w-full min-w-0 flex-col agent-turn\">\n<div class=\"flex-col gap-1 md:gap-3\">\n<div class=\"flex max-w-full flex-col flex-grow AIPRM__conversation__response\">\n<div class=\"min-h-8 text-message flex w-full flex-col items-end gap-2 whitespace-normal break-words text-start [.text-message+&amp;]:mt-5\" dir=\"auto\" data-message-author-role=\"assistant\" data-message-id=\"959a57dd-f6f8-40e6-8cbd-383c5ffdaf4a\" data-message-model-slug=\"gpt-4o\">\n<div class=\"flex w-full flex-col gap-1 empty:hidden first:pt-[3px]\">\n<div class=\"markdown prose w-full break-words dark:prose-invert light\">\n<table>\n<thead>\n<tr>\n<th>Merkmal<\/th>\n<th>Details<\/th>\n<\/tr>\n<\/thead>\n<tbody>\n<tr>\n<td>Material<\/td>\n<td>Hochwertige Luxusstoffe<\/td>\n<\/tr>\n<tr>\n<td>Farbe<\/td>\n<td>Hellgr\u00fcn<\/td>\n<\/tr>\n<tr>\n<td>Verf\u00fcgbare Gr\u00f6\u00dfen<\/td>\n<td>Bis Gr\u00f6\u00dfe 72<\/td>\n<\/tr>\n<tr>\n<td>Passform<\/td>\n<td>Perfekt ma\u00dfgeschneidert<\/td>\n<\/tr>\n<tr>\n<td>Stil<\/td>\n<td>Frische Eleganz mit modernen Akzenten<\/td>\n<\/tr>\n<tr>\n<td>Pflege<\/td>\n<td>Nur professionelle Reinigung empfohlen<\/td>\n<\/tr>\n<\/tbody>\n<\/table>\n<\/div>\n<\/div>\n<\/div>\n<\/div>\n<\/div>\n<\/div>\n<\/div>\n<\/div>\n<\/article>\n<\/div>\n<\/div>\n","protected":false},"excerpt":{"rendered":"<p>Lassen Sie sich vom einzigartigen Charme des hellgr\u00fcnen Hochzeitsanzugs verzaubern. Dieser elegante und frische Anzug ist perfekt f\u00fcr den modernen Br\u00e4utigam, der Raffinesse mit einem Hauch von Originalit\u00e4t liebt. Dieser aus hochwertigen Materialien und handwerklichem K\u00f6nnen gefertigte Anzug vereint m\u00fchelos Komfort und Stil. Der \u201eLight Green Wedding Suit\u201c ist ein raffinierter dreiteiliger Anzug in Hellgr\u00fcn. Es hat eine einreihige Jacke mit Zwei-Knopf-Verschluss, fallendem Revers und einem Mittelschlitz. Die Weste mit sechs Kn\u00f6pfen und die Hose mit flacher Vorderseite runden den eleganten, ma\u00dfgeschneiderten Look ab.<\/p>\n<p><span style=\"font-weight: 400;\">\u2702\ufe0f Perfekte Passform, speziell f\u00fcr Dich gefertigt.<\/span><\/p>\n<p><span style=\"font-weight: 400;\">\ud83d\udc54 Individuelle Beratung f\u00fcr Ihren einzigartigen Look.<\/span><\/p>\n<p><span style=\"font-weight: 400;\">\ud83e\uddf5 Hochwertige Materialien f\u00fcr ultimativen Komfort.<\/span><\/p>\n<p><span style=\"font-weight: 400;\">\ud83c\udfa8 Stilvoll f\u00fcr jeden Anlass.<\/span><\/p>\n<p><span style=\"font-weight: 400;\">\ud83c\udf81 Genie\u00dfen Sie bei jedem Ladenbesuch ein kostenloses Geschenk!<\/span><\/p>\n","protected":false},"featured_media":1657,"template":"","meta":{"_acf_changed":false},"product_brand":[],"product_cat":[154],"product_tag":[],"class_list":{"0":"post-4391","1":"product","2":"type-product","3":"status-publish","4":"has-post-thumbnail","6":"product_cat-trouwpak-voor-mannen","8":"first","9":"instock","10":"sale","11":"shipping-taxable","12":"purchasable","13":"product-type-simple"},"acf":[],"_links":{"self":[{"href":"https:\/\/www.lomoro.nl\/de\/wp-json\/wp\/v2\/product\/4391","targetHints":{"allow":["GET"]}}],"collection":[{"href":"https:\/\/www.lomoro.nl\/de\/wp-json\/wp\/v2\/product"}],"about":[{"href":"https:\/\/www.lomoro.nl\/de\/wp-json\/wp\/v2\/types\/product"}],"wp:featuredmedia":[{"embeddable":true,"href":"https:\/\/www.lomoro.nl\/de\/wp-json\/wp\/v2\/media\/1657"}],"wp:attachment":[{"href":"https:\/\/www.lomoro.nl\/de\/wp-json\/wp\/v2\/media?parent=4391"}],"wp:term":[{"taxonomy":"product_brand","embeddable":true,"href":"https:\/\/www.lomoro.nl\/de\/wp-json\/wp\/v2\/product_brand?post=4391"},{"taxonomy":"product_cat","embeddable":true,"href":"https:\/\/www.lomoro.nl\/de\/wp-json\/wp\/v2\/product_cat?post=4391"},{"taxonomy":"product_tag","embeddable":true,"href":"https:\/\/www.lomoro.nl\/de\/wp-json\/wp\/v2\/product_tag?post=4391"}],"curies":[{"name":"wp","href":"https:\/\/api.w.org\/{rel}","templated":true}]}}