{"id":4408,"date":"2024-12-07T10:25:45","date_gmt":"2024-12-07T10:25:45","guid":{"rendered":"https:\/\/lomoro.nl\/?post_type=product&#038;p=4408"},"modified":"2025-01-06T07:52:42","modified_gmt":"2025-01-06T07:52:42","slug":"3-delig-pak-6","status":"publish","type":"product","link":"https:\/\/www.lomoro.nl\/de\/products\/3-delig-pak-6\/","title":{"rendered":"Dreiteiliger karierter blauer Anzug"},"content":{"rendered":"<section id=\"shopify-section-template--23762923880771__rich_text_kx9yLB\" class=\"shopify-section section\">\n<div class=\"isolate\">\n<div class=\"rich-text content-container color-scheme-1 gradient rich-text--full-width content-container--full-width section-template--23762923880771__rich_text_kx9yLB-padding\">\n<div class=\"rich-text__wrapper rich-text__wrapper--left page-width\">\n<div class=\"rich-text__blocks left\">\n<div class=\"rich-text__text rte scroll-trigger animate--slide-in\" data-cascade=\"\">\n<p>Der dreiteilige karierte blaue Anzug ist f\u00fcr den Mann konzipiert, der sich von anderen abheben und einen bleibenden Eindruck hinterlassen m\u00f6chte. Dieser stilvolle Anzug bietet einen eleganten Look, perfekt f\u00fcr eine Hochzeit oder einen formellen Anlass. Das dezente Karomuster sorgt f\u00fcr einen Hauch von Raffinesse, ohne den zeitlosen Charme des Designs zu verlieren. Die Weste und die Hose sind perfekt geschnitten und sorgen f\u00fcr eine bequeme, taillierte Passform, und der Blazer ist f\u00fcr einen modernen Look geschnitten.<\/p>\n<p>Der Anzug kann ganz einfach mit Accessoires wie Manschettenkn\u00f6pfen, einer Krawatte oder einem Einstecktuch personalisiert werden, um Ihren pers\u00f6nlichen Stil zu unterstreichen. Egal, ob Sie Br\u00e4utigam oder Gast einer Luxusveranstaltung sind, dieser Anzug wird Sie durch sein elegantes und anspruchsvolles Erscheinungsbild hervorheben.<\/p>\n<table style=\"height: 340px;\" width=\"658\">\n<tbody>\n<tr>\n<td><b>Merkmal<\/b><\/td>\n<td><b>Details<\/b><\/td>\n<\/tr>\n<tr>\n<td><b>Material<\/b><\/td>\n<td><span style=\"font-weight: 400;\">Luxuri\u00f6se Wollmischung<\/span><\/td>\n<\/tr>\n<tr>\n<td><b>Farbe<\/b><\/td>\n<td><span style=\"font-weight: 400;\">Blau mit dezentem Rautenmuster<\/span><\/td>\n<\/tr>\n<tr>\n<td><b>Verf\u00fcgbare Gr\u00f6\u00dfen<\/b><\/td>\n<td><span style=\"font-weight: 400;\">Kleine Gr\u00f6\u00dfen 46-62 \/ Gro\u00dfe Gr\u00f6\u00dfen 58-72<\/span><\/td>\n<\/tr>\n<tr>\n<td><b>Passform<\/b><\/td>\n<td><span style=\"font-weight: 400;\">Slim Fit f\u00fcr einen eleganten Look<\/span><\/td>\n<\/tr>\n<tr>\n<td><b>Waschanleitung<\/b><\/td>\n<td><span style=\"font-weight: 400;\">Professionelle chemische Reinigung<\/span><\/td>\n<\/tr>\n<\/tbody>\n<\/table>\n<\/div>\n<\/div>\n<\/div>\n<\/div>\n<\/div>\n<\/section>\n","protected":false},"excerpt":{"rendered":"<div class=\"product__tax caption rte\">\n<p>Der dreiteilige karierte blaue Anzug von Lomoro ist die ultimative Wahl f\u00fcr den modernen Mann, der sowohl Stil als auch Komfort sch\u00e4tzt. Dieser elegante Anzug eignet sich perfekt f\u00fcr Hochzeiten, Galadinner und Firmenveranstaltungen. Die raffinierte blaue Farbe mit dezentem Rautenmuster sorgt f\u00fcr einen schicken und zeitlosen Look. Das dreiteilige Design, bestehend aus Blazer, Weste und Hose, bietet eine unverkennbare Raffinesse und sorgt f\u00fcr eine perfekte, ma\u00dfgeschneiderte Passform.<\/p>\n<p>\u2702\ufe0f Perfekte Passform, speziell f\u00fcr Sie gefertigt.<\/p>\n<p>\ud83d\udc54 Individuelle Beratung f\u00fcr Ihren einzigartigen Look.<\/p>\n<p>\ud83e\uddf5 Hochwertige Materialien f\u00fcr ultimativen Komfort.<\/p>\n<p>\ud83c\udfa8 Stilvoll f\u00fcr jeden Anlass.<\/p>\n<p>\ud83c\udf81 Genie\u00dfen Sie bei jedem Ladenbesuch ein kostenloses Geschenk!<\/p>\n<\/div>\n","protected":false},"featured_media":1756,"template":"","meta":{"_acf_changed":false},"product_brand":[],"product_cat":[114],"product_tag":[],"class_list":{"0":"post-4408","1":"product","2":"type-product","3":"status-publish","4":"has-post-thumbnail","6":"product_cat-3-delig-kostuums","8":"first","9":"instock","10":"sale","11":"shipping-taxable","12":"purchasable","13":"product-type-simple"},"acf":[],"_links":{"self":[{"href":"https:\/\/www.lomoro.nl\/de\/wp-json\/wp\/v2\/product\/4408","targetHints":{"allow":["GET"]}}],"collection":[{"href":"https:\/\/www.lomoro.nl\/de\/wp-json\/wp\/v2\/product"}],"about":[{"href":"https:\/\/www.lomoro.nl\/de\/wp-json\/wp\/v2\/types\/product"}],"wp:featuredmedia":[{"embeddable":true,"href":"https:\/\/www.lomoro.nl\/de\/wp-json\/wp\/v2\/media\/1756"}],"wp:attachment":[{"href":"https:\/\/www.lomoro.nl\/de\/wp-json\/wp\/v2\/media?parent=4408"}],"wp:term":[{"taxonomy":"product_brand","embeddable":true,"href":"https:\/\/www.lomoro.nl\/de\/wp-json\/wp\/v2\/product_brand?post=4408"},{"taxonomy":"product_cat","embeddable":true,"href":"https:\/\/www.lomoro.nl\/de\/wp-json\/wp\/v2\/product_cat?post=4408"},{"taxonomy":"product_tag","embeddable":true,"href":"https:\/\/www.lomoro.nl\/de\/wp-json\/wp\/v2\/product_tag?post=4408"}],"curies":[{"name":"wp","href":"https:\/\/api.w.org\/{rel}","templated":true}]}}