{"id":4417,"date":"2024-12-07T09:57:40","date_gmt":"2024-12-07T09:57:40","guid":{"rendered":"https:\/\/lomoro.nl\/?post_type=product&#038;p=4417"},"modified":"2025-01-06T08:09:05","modified_gmt":"2025-01-06T08:09:05","slug":"3-delig-pak-2","status":"publish","type":"product","link":"https:\/\/www.lomoro.nl\/de\/products\/3-delig-pak-2\/","title":{"rendered":"Rosafarbener dreiteiliger Anzug"},"content":{"rendered":"<section id=\"shopify-section-template--23762923880771__rich_text_kx9yLB\" class=\"shopify-section section\">\n<div class=\"isolate\">\n<div class=\"rich-text content-container color-scheme-1 gradient rich-text--full-width content-container--full-width section-template--23762923880771__rich_text_kx9yLB-padding\">\n<div class=\"rich-text__wrapper rich-text__wrapper--left page-width\">\n<div class=\"rich-text__blocks left\">\n<div class=\"rich-text__text rte scroll-trigger animate--slide-in\" data-cascade=\"\">\n<p>Lernen Sie den eleganten rosa Anzug f\u00fcr Herren von Lomoro kennen, die perfekte Option f\u00fcr jede Situation. Dieser Anzug mit einer gut geschnittenen Jacke, einer passenden Weste und einer perfekt sitzenden Hose vereint Stil mit Komfort. Dieser rosafarbene Herrenanzug aus hochwertigem Stoff garantiert Langlebigkeit und ein angenehmes Tragegef\u00fchl. Ob f\u00fcr eine klassische Hochzeit, einen besonderen Anlass oder ein Gesch\u00e4ftstreffen, mit diesem rosafarbenen Herrenanzug werden Sie selbstbewusst aus der Masse hervorstechen. Tragen Sie es mit Ihren Lieblingsaccessoires und freuen Sie sich \u00fcber die Komplimente. W\u00e4hlen Sie aus mehreren Gr\u00f6\u00dfen f\u00fcr Ihren attraktiven Look.<\/p>\n<p>Der rosafarbene 3-teilige Anzug von Lomoro ist eine auff\u00e4llige Erg\u00e4nzung Ihrer Garderobe, pr\u00e4zise gefertigt, um eine perfekte Passform und modernen Stil zu bieten. Mit einer perfekt geschnittenen Jacke, passender Weste und Hose bietet dieser Anzug Vielseitigkeit f\u00fcr eine Vielzahl von Anl\u00e4ssen, von Hochzeiten bis hin zu hochwertigen Firmenveranstaltungen. Der leuchtende Rosaton hebt Sie hervor, w\u00e4hrend der hochwertige Stoff sowohl Komfort als auch Haltbarkeit bietet. In Kombination mit den Accessoires Ihrer Wahl ist dieser Anzug ideal f\u00fcr alle, die Wagemut mit Eleganz verbinden m\u00f6chten.<\/p>\n<\/div>\n<\/div>\n<\/div>\n<\/div>\n<\/div>\n<\/section>\n<section id=\"shopify-section-template--23762923880771__rich_text_hiQLtE\" class=\"shopify-section section\">\n<table style=\"height: 352px;\" width=\"705\">\n<tbody>\n<tr>\n<td><b>Merkmal<\/b><\/td>\n<td><b>Details<\/b><\/td>\n<\/tr>\n<tr>\n<td><b>Material<\/b><\/td>\n<td><span style=\"font-weight: 400;\">Luxuri\u00f6se Wollmischung<\/span><\/td>\n<\/tr>\n<tr>\n<td><b>Farbe<\/b><\/td>\n<td><span style=\"font-weight: 400;\">Elegantes Rosa<\/span><\/td>\n<\/tr>\n<tr>\n<td><b>Verf\u00fcgbare Gr\u00f6\u00dfen<\/b><\/td>\n<td><span style=\"font-weight: 400;\">Kleine Gr\u00f6\u00dfen 46-62 \/ Gro\u00dfe Gr\u00f6\u00dfen 58-72<\/span><\/td>\n<\/tr>\n<tr>\n<td><b>Passform<\/b><\/td>\n<td><span style=\"font-weight: 400;\">Slim Fit f\u00fcr einen eleganten Look<\/span><\/td>\n<\/tr>\n<tr>\n<td><b>Waschanleitung<\/b><\/td>\n<td><span style=\"font-weight: 400;\">Professionelle chemische Reinigung<\/span><\/td>\n<\/tr>\n<\/tbody>\n<\/table>\n<\/section>\n","protected":false},"excerpt":{"rendered":"<div class=\"product__tax caption rte\">\n<p>Werten Sie Ihren Stil mit dem rosafarbenen 3-teiligen Anzug von Lomoro auf. Dieser rosafarbene dreiteilige Anzug ist perfekt auf jeden Anlass zugeschnitten und bietet einen modernen Look mit zeitloser Ausstrahlung. Ob zur Hochzeit, zum Business-Event oder zum Ausgehen, dieser Anzug hinterl\u00e4sst mit seinem edlen und modernen Design garantiert einen bleibenden Eindruck.<\/p>\n<p>Der dreiteilige rosa Anzug von Lomoro f\u00fcr Herren ist ein raffiniertes Ensemble, bestehend aus einem ma\u00dfgeschneiderten Blazer, einer passenden Weste und einer klassischen Hose. Dieser Anzug bietet sowohl Stil als auch Komfort und eignet sich ideal f\u00fcr formelle Anl\u00e4sse wie Hochzeiten, Gesch\u00e4ftstreffen oder besondere Anl\u00e4sse. Aus hochwertigen Materialien gefertigt, sorgt es f\u00fcr ein angenehmes Tragegef\u00fchl und eine elegante Optik.<\/p>\n<p>\u2702\ufe0f Perfekte Passform, speziell f\u00fcr Sie gefertigt.<\/p>\n<p>\ud83d\udc54 Individuelle Beratung f\u00fcr Ihren einzigartigen Look.<\/p>\n<p>\ud83e\uddf5 Hochwertige Materialien f\u00fcr ultimativen Komfort.<\/p>\n<p>\ud83c\udfa8 Stilvoll f\u00fcr jeden Anlass.<\/p>\n<p>\ud83c\udf81 Genie\u00dfen Sie bei jedem Ladenbesuch ein kostenloses Geschenk!<\/p>\n<\/div>\n","protected":false},"featured_media":1723,"template":"","meta":{"_acf_changed":false},"product_brand":[],"product_cat":[114],"product_tag":[],"class_list":{"0":"post-4417","1":"product","2":"type-product","3":"status-publish","4":"has-post-thumbnail","6":"product_cat-3-delig-kostuums","8":"first","9":"instock","10":"sale","11":"shipping-taxable","12":"purchasable","13":"product-type-simple"},"acf":[],"_links":{"self":[{"href":"https:\/\/www.lomoro.nl\/de\/wp-json\/wp\/v2\/product\/4417","targetHints":{"allow":["GET"]}}],"collection":[{"href":"https:\/\/www.lomoro.nl\/de\/wp-json\/wp\/v2\/product"}],"about":[{"href":"https:\/\/www.lomoro.nl\/de\/wp-json\/wp\/v2\/types\/product"}],"wp:featuredmedia":[{"embeddable":true,"href":"https:\/\/www.lomoro.nl\/de\/wp-json\/wp\/v2\/media\/1723"}],"wp:attachment":[{"href":"https:\/\/www.lomoro.nl\/de\/wp-json\/wp\/v2\/media?parent=4417"}],"wp:term":[{"taxonomy":"product_brand","embeddable":true,"href":"https:\/\/www.lomoro.nl\/de\/wp-json\/wp\/v2\/product_brand?post=4417"},{"taxonomy":"product_cat","embeddable":true,"href":"https:\/\/www.lomoro.nl\/de\/wp-json\/wp\/v2\/product_cat?post=4417"},{"taxonomy":"product_tag","embeddable":true,"href":"https:\/\/www.lomoro.nl\/de\/wp-json\/wp\/v2\/product_tag?post=4417"}],"curies":[{"name":"wp","href":"https:\/\/api.w.org\/{rel}","templated":true}]}}