{"id":4418,"date":"2024-12-11T12:08:35","date_gmt":"2024-12-11T12:08:35","guid":{"rendered":"https:\/\/lomoro.nl\/?post_type=product&#038;p=4418"},"modified":"2025-01-06T08:15:10","modified_gmt":"2025-01-06T08:15:10","slug":"slim-fit-pak-18","status":"publish","type":"product","link":"https:\/\/www.lomoro.nl\/de\/products\/slim-fit-pak-18\/","title":{"rendered":"Hellgrauer Slim-Fit Herrenanzug"},"content":{"rendered":"<p>Der hellgraue Slim-Fit-Herrenanzug kombiniert eine frische, helle Farbe mit einem modernen Schnitt und ist somit die perfekte Wahl sowohl f\u00fcr gesch\u00e4ftliche Anl\u00e4sse als auch f\u00fcr festliche Anl\u00e4sse. Der dezente, helle Grauton verleiht dem Anzug einen raffinierten Look, w\u00e4hrend die Slim-Fit-Passform f\u00fcr einen eleganten und schicken Look sorgt. Dieser Anzug ist f\u00fcr den Mann konzipiert, der Stil und Komfort sch\u00e4tzt und sich wohlf\u00fchlen m\u00f6chte, sei es bei einem wichtigen Meeting oder beim Ausgehen.<\/p>\n<p>Das Design des hellgrauen Slim-Fit-Herrenanzugs wurde sorgf\u00e4ltig und mit viel Liebe zum Detail ausgearbeitet, von den luxuri\u00f6sen Kn\u00f6pfen bis zur gepflegten Verarbeitung des Revers. Dieser Anzug besteht aus atmungsaktiven Stoffen und bietet langanhaltenden Komfort, auch an langen Tagen. Es passt perfekt zu verschiedenen Anl\u00e4ssen, von formellen Zusammenk\u00fcnften bis hin zu informellen Veranstaltungen, und sorgt immer f\u00fcr einen eleganten Look. Mit diesem Anzug machen Sie \u00fcberall einen guten Eindruck.<\/p>\n<table>\n<tbody>\n<tr>\n<td><b>Merkmal<\/b><\/td>\n<td><b>Details<\/b><\/td>\n<\/tr>\n<tr>\n<td><b>Material<\/b><\/td>\n<td><span style=\"font-weight: 400;\">Luxuri\u00f6se Wollmischung mit atmungsaktiven Eigenschaften<\/span><\/td>\n<\/tr>\n<tr>\n<td><b>Farbe<\/b><\/td>\n<td>Hellgrau<\/td>\n<\/tr>\n<tr>\n<td><b>Verf\u00fcgbare Gr\u00f6\u00dfen<\/b><\/td>\n<td><span style=\"font-weight: 400;\">Kleine Gr\u00f6\u00dfen 46-62 \/ Gro\u00dfe Gr\u00f6\u00dfen 58-72<\/span><\/td>\n<\/tr>\n<tr>\n<td><b>Passform<\/b><\/td>\n<td><span style=\"font-weight: 400;\">Slim Fit<\/span><\/td>\n<\/tr>\n<tr>\n<td><b>Waschanleitung<\/b><\/td>\n<td><span style=\"font-weight: 400;\">Chemische Reinigung empfohlen<\/span><\/td>\n<\/tr>\n<\/tbody>\n<\/table>\n","protected":false},"excerpt":{"rendered":"<p>Der hellgraue Slim-Fit-Herrenanzug ist die ideale Wahl f\u00fcr den modernen Mann, der einen stilvollen und raffinierten Look sucht. Das helle Grau sorgt f\u00fcr einen frischen und eleganten Look, perfekt f\u00fcr gesch\u00e4ftliche und informelle Anl\u00e4sse. Mit seiner k\u00f6rpernahen Slim-Fit-Passform betont dieser Anzug die Figur auf dezente Weise, sodass Sie stets einen professionellen und schicken Auftritt haben. Dieser vielseitige Anzug bietet sowohl Komfort als auch Stil, sodass Sie bei jedem Anlass gro\u00dfartig aussehen.<\/p>\n<p>\u2702\ufe0f Perfekte Passform, speziell f\u00fcr Sie gefertigt.<\/p>\n<p>\ud83d\udc54 Individuelle Beratung f\u00fcr Ihren einzigartigen Look.<\/p>\n<p>\ud83e\uddf5 Hochwertige Materialien f\u00fcr ultimativen Komfort.<\/p>\n<p>\ud83c\udfa8 Stilvoll f\u00fcr jeden Anlass.<\/p>\n<p>\ud83c\udf81 Genie\u00dfen Sie bei jedem Ladenbesuch ein kostenloses Geschenk!<\/p>\n","protected":false},"featured_media":2107,"template":"","meta":{"_acf_changed":false},"product_brand":[],"product_cat":[146],"product_tag":[],"class_list":{"0":"post-4418","1":"product","2":"type-product","3":"status-publish","4":"has-post-thumbnail","6":"product_cat-slim-fit-kostuums","8":"first","9":"instock","10":"sale","11":"shipping-taxable","12":"purchasable","13":"product-type-simple"},"acf":[],"_links":{"self":[{"href":"https:\/\/www.lomoro.nl\/de\/wp-json\/wp\/v2\/product\/4418","targetHints":{"allow":["GET"]}}],"collection":[{"href":"https:\/\/www.lomoro.nl\/de\/wp-json\/wp\/v2\/product"}],"about":[{"href":"https:\/\/www.lomoro.nl\/de\/wp-json\/wp\/v2\/types\/product"}],"wp:featuredmedia":[{"embeddable":true,"href":"https:\/\/www.lomoro.nl\/de\/wp-json\/wp\/v2\/media\/2107"}],"wp:attachment":[{"href":"https:\/\/www.lomoro.nl\/de\/wp-json\/wp\/v2\/media?parent=4418"}],"wp:term":[{"taxonomy":"product_brand","embeddable":true,"href":"https:\/\/www.lomoro.nl\/de\/wp-json\/wp\/v2\/product_brand?post=4418"},{"taxonomy":"product_cat","embeddable":true,"href":"https:\/\/www.lomoro.nl\/de\/wp-json\/wp\/v2\/product_cat?post=4418"},{"taxonomy":"product_tag","embeddable":true,"href":"https:\/\/www.lomoro.nl\/de\/wp-json\/wp\/v2\/product_tag?post=4418"}],"curies":[{"name":"wp","href":"https:\/\/api.w.org\/{rel}","templated":true}]}}