{"id":4422,"date":"2024-12-09T11:50:27","date_gmt":"2024-12-09T11:50:27","guid":{"rendered":"https:\/\/lomoro.nl\/?post_type=product&#038;p=4422"},"modified":"2025-01-06T08:20:32","modified_gmt":"2025-01-06T08:20:32","slug":"3-delig-pak-15","status":"publish","type":"product","link":"https:\/\/www.lomoro.nl\/de\/products\/3-delig-pak-15\/","title":{"rendered":"Dreiteiliger grauer Anzug"},"content":{"rendered":"<p>Wir stellen Ihnen unseren dreiteiligen Premium-Anzug vor, der Inbegriff von Raffinesse und Stil. Dieses mit Pr\u00e4zision und Liebe zum Detail gefertigte Ensemble strahlt Eleganz und Klasse f\u00fcr jeden Anlass aus.<\/p>\n<p>Der Anzug ist ma\u00dfgeschneidert und besteht aus einer eleganten Jacke, einer passenden Weste und einer klassischen Hose, die jeweils so gestaltet sind, dass sie sich perfekt erg\u00e4nzen. Das zeitlose Design \u00fcbertrifft Trends und macht es zu einer vielseitigen Erg\u00e4nzung jeder Garderobe.<\/p>\n<p>Unser aus hochwertigen Materialien hergestellter Anzug verspricht sowohl Komfort als auch Haltbarkeit, sodass Sie von morgens bis abends gut aussehen und sich gut f\u00fchlen.<\/p>\n<p>Dieses dreiteilige Ensemble besteht aus einem einreihigen Sakko, einer zweireihigen Weste mit spitzem V-Ausschnitt und einer passenden Hose. Die elegante graue Farbe l\u00e4sst sich m\u00fchelos mit verschiedenen Hemden und Accessoires kombinieren und eignet sich daher sowohl f\u00fcr formelle als auch halbformelle Anl\u00e4sse. Hergestellt aus hochwertigen Materialien, bietet es den ganzen Tag Komfort und beh\u00e4lt ein elegantes Aussehen.<\/p>\n<p>Veredeln Sie Ihren Look mit Selbstvertrauen und Anmut mit unserem makellosen dreiteiligen Anzug, einem zeitlosen Essential f\u00fcr den modernen Gentleman.<\/p>\n<table style=\"height: 359px;\" width=\"640\">\n<tbody>\n<tr>\n<td><b>Merkmal<\/b><\/td>\n<td><b>Details<\/b><\/td>\n<\/tr>\n<tr>\n<td><b>Material<\/b><\/td>\n<td><span style=\"font-weight: 400;\">Luxuri\u00f6se Wollmischung<\/span><\/td>\n<\/tr>\n<tr>\n<td><b>Farbe<\/b><\/td>\n<td><span style=\"font-weight: 400;\">Raffiniertes Grau<\/span><\/td>\n<\/tr>\n<tr>\n<td><b>Verf\u00fcgbare Gr\u00f6\u00dfen<\/b><\/td>\n<td><span style=\"font-weight: 400;\">Kleine Gr\u00f6\u00dfen 46-62 \/ Gro\u00dfe Gr\u00f6\u00dfen 58-72<\/span><\/td>\n<\/tr>\n<tr>\n<td><b>Passform<\/b><\/td>\n<td><span style=\"font-weight: 400;\">Slim Fit f\u00fcr einen eleganten Look<\/span><\/td>\n<\/tr>\n<tr>\n<td><b>Waschanleitung<\/b><\/td>\n<td><span style=\"font-weight: 400;\">Professionelle chemische Reinigung<\/span><\/td>\n<\/tr>\n<\/tbody>\n<\/table>\n<p>&nbsp;<\/p>\n","protected":false},"excerpt":{"rendered":"<div class=\"product__tax caption rte\">\n<p>Der dreiteilige graue Anzug bietet mit seinem eleganten Grauton und dem modernen Schnitt einen zeitlosen, edlen Look. Es ist auf Vielseitigkeit und Komfort ausgelegt und die perfekte Wahl f\u00fcr Hochzeiten, formelle Veranstaltungen oder berufliche Anl\u00e4sse.<\/p>\n<p>Der dreiteilige rosa Anzug von Lomoro f\u00fcr Herren ist ein raffiniertes Ensemble, bestehend aus einem ma\u00dfgeschneiderten Blazer, einer passenden Weste und einer klassischen Hose. Dieser Anzug bietet sowohl Stil als auch Komfort und eignet sich ideal f\u00fcr formelle Anl\u00e4sse wie Hochzeiten, Gesch\u00e4ftstreffen oder besondere Anl\u00e4sse. Aus hochwertigen Materialien gefertigt, sorgt es f\u00fcr ein angenehmes Tragegef\u00fchl und eine elegante Optik.<\/p>\n<p>\u2702\ufe0f Perfekte Passform, speziell f\u00fcr Sie gefertigt.<\/p>\n<p>\ud83d\udc54 Individuelle Beratung f\u00fcr Ihren einzigartigen Look.<\/p>\n<p>\ud83e\uddf5 Hochwertige Materialien f\u00fcr ultimativen Komfort.<\/p>\n<p>\ud83c\udfa8 Stilvoll f\u00fcr jeden Anlass.<\/p>\n<p>\ud83c\udf81 Genie\u00dfen Sie bei jedem Ladenbesuch ein kostenloses Geschenk!<\/p>\n<\/div>\n","protected":false},"featured_media":1789,"template":"","meta":{"_acf_changed":false},"product_brand":[],"product_cat":[114],"product_tag":[],"class_list":{"0":"post-4422","1":"product","2":"type-product","3":"status-publish","4":"has-post-thumbnail","6":"product_cat-3-delig-kostuums","8":"first","9":"instock","10":"sale","11":"shipping-taxable","12":"purchasable","13":"product-type-simple"},"acf":[],"_links":{"self":[{"href":"https:\/\/www.lomoro.nl\/de\/wp-json\/wp\/v2\/product\/4422","targetHints":{"allow":["GET"]}}],"collection":[{"href":"https:\/\/www.lomoro.nl\/de\/wp-json\/wp\/v2\/product"}],"about":[{"href":"https:\/\/www.lomoro.nl\/de\/wp-json\/wp\/v2\/types\/product"}],"wp:featuredmedia":[{"embeddable":true,"href":"https:\/\/www.lomoro.nl\/de\/wp-json\/wp\/v2\/media\/1789"}],"wp:attachment":[{"href":"https:\/\/www.lomoro.nl\/de\/wp-json\/wp\/v2\/media?parent=4422"}],"wp:term":[{"taxonomy":"product_brand","embeddable":true,"href":"https:\/\/www.lomoro.nl\/de\/wp-json\/wp\/v2\/product_brand?post=4422"},{"taxonomy":"product_cat","embeddable":true,"href":"https:\/\/www.lomoro.nl\/de\/wp-json\/wp\/v2\/product_cat?post=4422"},{"taxonomy":"product_tag","embeddable":true,"href":"https:\/\/www.lomoro.nl\/de\/wp-json\/wp\/v2\/product_tag?post=4422"}],"curies":[{"name":"wp","href":"https:\/\/api.w.org\/{rel}","templated":true}]}}