{"id":4438,"date":"2024-12-09T12:03:38","date_gmt":"2024-12-09T12:03:38","guid":{"rendered":"https:\/\/lomoro.nl\/?post_type=product&#038;p=4438"},"modified":"2025-01-06T08:49:33","modified_gmt":"2025-01-06T08:49:33","slug":"3-delig-pak-18","status":"publish","type":"product","link":"https:\/\/www.lomoro.nl\/de\/products\/3-delig-pak-18\/","title":{"rendered":"Mittelgrauer dreiteiliger Anzug"},"content":{"rendered":"<p>Wir pr\u00e4sentieren unseren hochwertigen dreiteiligen Anzug, den Inbegriff von Raffinesse und Stil. Dieses mit Pr\u00e4zision und Liebe zum Detail gefertigte Ensemble strahlt Eleganz und Klasse f\u00fcr jeden Anlass aus. Der ma\u00dfgeschneiderte Anzug besteht aus einem eleganten Jackett, einer passenden Weste und einer klassischen Hose, die sich perfekt erg\u00e4nzen. Das zeitlose Design \u00fcberdauert Trends und ist somit eine vielseitige Erg\u00e4nzung f\u00fcr jede Garderobe.<\/p>\n<p>Unser aus hochwertigen Materialien gefertigter Anzug verspricht sowohl Komfort als auch Haltbarkeit und sorgt daf\u00fcr, dass Sie von morgens bis abends gut aussehen und sich auch so f\u00fchlen. Werten Sie Ihren Look mit Selbstvertrauen und Anmut auf in unserem tadellosen dreiteiligen Anzug, einem zeitlosen Must-have f\u00fcr den modernen Gentleman.<\/p>\n<p>Dieses stilvolle dreiteilige Ensemble besteht aus einem einreihigen Jackett, einer schmal geschnittenen Weste und einer passenden Hose. Die neutrale mittelgraue Farbgebung l\u00e4sst sich leicht mit einer Vielzahl von Accessoires und Hemden kombinieren und ist somit eine vielseitige Erg\u00e4nzung f\u00fcr jede Garderobe. Der Anzug besteht aus einem hochwertigen Stoffmischgewebe und bietet auch an langen Tagen eine bequeme Passform.<\/p>\n<table style=\"height: 350px;\" width=\"634\">\n<tbody>\n<tr>\n<td><b>Merkmal<\/b><\/td>\n<td><b>Details<\/b><\/td>\n<\/tr>\n<tr>\n<td><b>Material<\/b><\/td>\n<td><span style=\"font-weight: 400;\">Luxuri\u00f6se Wollmischung<\/span><\/td>\n<\/tr>\n<tr>\n<td><b>Farbe<\/b><\/td>\n<td><span style=\"font-weight: 400;\">Mittelgrau<\/span><\/td>\n<\/tr>\n<tr>\n<td><b>Verf\u00fcgbare Gr\u00f6\u00dfen<\/b><\/td>\n<td><span style=\"font-weight: 400;\">Kleine Gr\u00f6\u00dfen 46-62 \/ Gro\u00dfe Gr\u00f6\u00dfen 58-72<\/span><\/td>\n<\/tr>\n<tr>\n<td><b>Passform<\/b><\/td>\n<td><span style=\"font-weight: 400;\">Slim Fit f\u00fcr einen eleganten Look<\/span><\/td>\n<\/tr>\n<tr>\n<td><b>Waschanleitung<\/b><\/td>\n<td><span style=\"font-weight: 400;\">Professionelle chemische Reinigung<\/span><\/td>\n<\/tr>\n<\/tbody>\n<\/table>\n<p>&nbsp;<\/p>\n<p>&nbsp;<\/p>\n","protected":false},"excerpt":{"rendered":"<p>Der dreiteilige Anzug in Mittelgrau vereint klassische Eleganz mit modernem Stil. Mit seinem vielseitigen mittelgrauen Farbton und der raffinierten Passform eignet sich dieser Anzug sowohl f\u00fcr formelle als auch halbformelle Anl\u00e4sse wie Hochzeiten, Gesch\u00e4ftstreffen und andere besondere Anl\u00e4sse. Es ist die perfekte Wahl f\u00fcr M\u00e4nner, die Komfort und einen zeitlosen Look sch\u00e4tzen.<\/p>\n<p>\u2702\ufe0f Perfekte Passform, speziell f\u00fcr Sie gefertigt.<\/p>\n<p>\ud83d\udc54 Individuelle Beratung f\u00fcr Ihren einzigartigen Look.<\/p>\n<p>\ud83e\uddf5 Hochwertige Materialien f\u00fcr ultimativen Komfort.<\/p>\n<p>\ud83c\udfa8 Stilvoll f\u00fcr jeden Anlass.<\/p>\n<p>\ud83c\udf81 Genie\u00dfen Sie bei jedem Ladenbesuch ein kostenloses Geschenk!<\/p>\n","protected":false},"featured_media":1798,"template":"","meta":{"_acf_changed":false},"product_brand":[],"product_cat":[114],"product_tag":[],"class_list":{"0":"post-4438","1":"product","2":"type-product","3":"status-publish","4":"has-post-thumbnail","6":"product_cat-3-delig-kostuums","8":"first","9":"instock","10":"sale","11":"featured","12":"shipping-taxable","13":"purchasable","14":"product-type-simple"},"acf":[],"_links":{"self":[{"href":"https:\/\/www.lomoro.nl\/de\/wp-json\/wp\/v2\/product\/4438","targetHints":{"allow":["GET"]}}],"collection":[{"href":"https:\/\/www.lomoro.nl\/de\/wp-json\/wp\/v2\/product"}],"about":[{"href":"https:\/\/www.lomoro.nl\/de\/wp-json\/wp\/v2\/types\/product"}],"wp:featuredmedia":[{"embeddable":true,"href":"https:\/\/www.lomoro.nl\/de\/wp-json\/wp\/v2\/media\/1798"}],"wp:attachment":[{"href":"https:\/\/www.lomoro.nl\/de\/wp-json\/wp\/v2\/media?parent=4438"}],"wp:term":[{"taxonomy":"product_brand","embeddable":true,"href":"https:\/\/www.lomoro.nl\/de\/wp-json\/wp\/v2\/product_brand?post=4438"},{"taxonomy":"product_cat","embeddable":true,"href":"https:\/\/www.lomoro.nl\/de\/wp-json\/wp\/v2\/product_cat?post=4438"},{"taxonomy":"product_tag","embeddable":true,"href":"https:\/\/www.lomoro.nl\/de\/wp-json\/wp\/v2\/product_tag?post=4438"}],"curies":[{"name":"wp","href":"https:\/\/api.w.org\/{rel}","templated":true}]}}