{"id":4446,"date":"2024-12-11T12:22:31","date_gmt":"2024-12-11T12:22:31","guid":{"rendered":"https:\/\/lomoro.nl\/?post_type=product&#038;p=4446"},"modified":"2025-01-06T09:24:10","modified_gmt":"2025-01-06T09:24:10","slug":"slim-fit-pak-21","status":"publish","type":"product","link":"https:\/\/www.lomoro.nl\/de\/products\/slim-fit-pak-21\/","title":{"rendered":"Hellbeiger Slim-Fit-Anzug f\u00fcr Herren"},"content":{"rendered":"<p>Der hellbeige Herren-Slim-Fit-Anzug ist f\u00fcr den Mann konzipiert, der Stil und Komfort sch\u00e4tzt. Die hellbeige Farbe sorgt f\u00fcr einen frischen und eleganten Look und eignet sich sowohl f\u00fcr Gesch\u00e4ftstreffen als auch f\u00fcr formelle Veranstaltungen. Der Slim-Fit-Schnitt sorgt f\u00fcr eine moderne Passform, die die Figur betont und f\u00fcr einen stromlinienf\u00f6rmigen Look sorgt. Dieser Anzug bietet einen zeitlosen Stil, der sich gut f\u00fcr verschiedene Anl\u00e4sse eignet. Es passt sich m\u00fchelos jeder Situation an, von einer schicken Hochzeit bis hin zu einem Gesch\u00e4ftstreffen.<\/p>\n<p>Dieser Anzug ist nicht nur stilvoll, sondern bietet dank der atmungsaktiven Materialien auch unvergleichlichen Komfort, sodass Sie sich den ganzen Tag \u00fcber wohl f\u00fchlen. Die sorgf\u00e4ltig ausgew\u00e4hlten Stoffe sorgen f\u00fcr Flexibilit\u00e4t und eine perfekte Passform, sodass Sie sich frei bewegen k\u00f6nnen, ohne auf Stil zu verzichten. Der hellbeige Herren-Slim-Fit-Anzug ist die perfekte Wahl f\u00fcr den modebewussten Mann, der sowohl Stil als auch Funktionalit\u00e4t sucht. Es ist die ideale Investition f\u00fcr alle, die ein vielseitiges und langlebiges Kleidungsst\u00fcck suchen, das f\u00fcr verschiedene Anl\u00e4sse geeignet ist.<\/p>\n<table>\n<tbody>\n<tr>\n<td><b>Merkmal<\/b><\/td>\n<td><b>Details<\/b><\/td>\n<\/tr>\n<tr>\n<td><b>Material<\/b><\/td>\n<td><span style=\"font-weight: 400;\">Luxuri\u00f6se Wollmischung mit atmungsaktiven Eigenschaften<\/span><\/td>\n<\/tr>\n<tr>\n<td><b>Farbe<\/b><\/td>\n<td>Hellbeige<\/td>\n<\/tr>\n<tr>\n<td><b>Verf\u00fcgbare Gr\u00f6\u00dfen<\/b><\/td>\n<td><span style=\"font-weight: 400;\">Kleine Gr\u00f6\u00dfen 46-62 \/ Gro\u00dfe Gr\u00f6\u00dfen 58-72<\/span><\/td>\n<\/tr>\n<tr>\n<td><b>Passform<\/b><\/td>\n<td><span style=\"font-weight: 400;\">Slim Fit<\/span><\/td>\n<\/tr>\n<tr>\n<td><b>Waschanleitung<\/b><\/td>\n<td><span style=\"font-weight: 400;\">Chemische Reinigung empfohlen<\/span><\/td>\n<\/tr>\n<\/tbody>\n<\/table>\n","protected":false},"excerpt":{"rendered":"<p>Der hellbeige Herren-Slim-Fit-Anzug ist die perfekte Wahl f\u00fcr M\u00e4nner, die einen stilvollen, modernen Look suchen. Der helle Beigeton strahlt eine raffinierte Eleganz aus und eignet sich sowohl f\u00fcr gesch\u00e4ftliche als auch f\u00fcr formelle Anl\u00e4sse. Dieser Anzug bietet eine schmale Passform, die die Figur betont, und ist somit die ideale Wahl f\u00fcr den modebewussten Mann. Dank der atmungsaktiven Stoffe und des Komforts, den der Anzug bietet, k\u00f6nnen Sie ihn den ganzen Tag tragen, ohne auf Stil oder Komfort zu verzichten.<\/p>\n<p>\u2702\ufe0f Perfekte Passform, speziell f\u00fcr Sie gefertigt.<\/p>\n<p>\ud83d\udc54 Individuelle Beratung f\u00fcr Ihren einzigartigen Look.<\/p>\n<p>\ud83e\uddf5 Hochwertige Materialien f\u00fcr ultimativen Komfort.<\/p>\n<p>\ud83c\udfa8 Stilvoll f\u00fcr jeden Anlass.<\/p>\n<p>\ud83c\udf81 Genie\u00dfen Sie bei jedem Ladenbesuch ein kostenloses Geschenk!<\/p>\n","protected":false},"featured_media":2131,"template":"","meta":{"_acf_changed":false},"product_brand":[],"product_cat":[146],"product_tag":[],"class_list":{"0":"post-4446","1":"product","2":"type-product","3":"status-publish","4":"has-post-thumbnail","6":"product_cat-slim-fit-kostuums","8":"first","9":"instock","10":"sale","11":"shipping-taxable","12":"purchasable","13":"product-type-simple"},"acf":[],"_links":{"self":[{"href":"https:\/\/www.lomoro.nl\/de\/wp-json\/wp\/v2\/product\/4446","targetHints":{"allow":["GET"]}}],"collection":[{"href":"https:\/\/www.lomoro.nl\/de\/wp-json\/wp\/v2\/product"}],"about":[{"href":"https:\/\/www.lomoro.nl\/de\/wp-json\/wp\/v2\/types\/product"}],"wp:featuredmedia":[{"embeddable":true,"href":"https:\/\/www.lomoro.nl\/de\/wp-json\/wp\/v2\/media\/2131"}],"wp:attachment":[{"href":"https:\/\/www.lomoro.nl\/de\/wp-json\/wp\/v2\/media?parent=4446"}],"wp:term":[{"taxonomy":"product_brand","embeddable":true,"href":"https:\/\/www.lomoro.nl\/de\/wp-json\/wp\/v2\/product_brand?post=4446"},{"taxonomy":"product_cat","embeddable":true,"href":"https:\/\/www.lomoro.nl\/de\/wp-json\/wp\/v2\/product_cat?post=4446"},{"taxonomy":"product_tag","embeddable":true,"href":"https:\/\/www.lomoro.nl\/de\/wp-json\/wp\/v2\/product_tag?post=4446"}],"curies":[{"name":"wp","href":"https:\/\/api.w.org\/{rel}","templated":true}]}}