{"id":4456,"date":"2024-12-11T12:28:23","date_gmt":"2024-12-11T12:28:23","guid":{"rendered":"https:\/\/lomoro.nl\/?post_type=product&#038;p=4456"},"modified":"2025-01-06T09:53:33","modified_gmt":"2025-01-06T09:53:33","slug":"slim-fit-pak-23","status":"publish","type":"product","link":"https:\/\/www.lomoro.nl\/de\/products\/slim-fit-pak-23\/","title":{"rendered":"Marineblauer Anzug f\u00fcr Herren"},"content":{"rendered":"<p>Der marineblaue Slim-Fit-Anzug f\u00fcr Herren ist ein vielseitiges dreiteiliges Ensemble, das f\u00fcr M\u00e4nner entwickelt wurde, die eine perfekte Balance zwischen Stil und Komfort lieben. Die marineblaue Farbe strahlt Selbstvertrauen und Klasse aus, w\u00e4hrend das schmal geschnittene Design f\u00fcr einen modernen Look sorgt. Dieser Anzug eignet sich perfekt f\u00fcr Hochzeiten, Firmenveranstaltungen oder besondere Anl\u00e4sse und vereint Funktionalit\u00e4t mit \u00c4sthetik.<\/p>\n<p>Dieser Anzug besteht aus einem einreihigen Blazer, einer eleganten Weste und einer passenden Hose. Es besteht aus einer hochwertigen Wollmischung und bietet Atmungsaktivit\u00e4t, Strapazierf\u00e4higkeit und lang anhaltenden Komfort. Dank des verstellbaren Bunds und der pr\u00e4zisionsgefertigten Passform f\u00fchlen Sie sich in diesem Ensemble den ganzen Tag \u00fcber bequem und stilvoll.<\/p>\n<table>\n<tbody>\n<tr>\n<td><b>Merkmal<\/b><\/td>\n<td><b>Details<\/b><\/td>\n<\/tr>\n<tr>\n<td><b>Material<\/b><\/td>\n<td><span style=\"font-weight: 400;\">Luxuri\u00f6se Wollmischung mit atmungsaktiven Eigenschaften<\/span><\/td>\n<\/tr>\n<tr>\n<td><b>Farbe<\/b><\/td>\n<td>Marineblauw<\/td>\n<\/tr>\n<tr>\n<td><b>Verf\u00fcgbare Gr\u00f6\u00dfen<\/b><\/td>\n<td><span style=\"font-weight: 400;\">Kleine Gr\u00f6\u00dfen 46-62 \/ Gro\u00dfe Gr\u00f6\u00dfen 58-72<\/span><\/td>\n<\/tr>\n<tr>\n<td><b>Passform<\/b><\/td>\n<td><span style=\"font-weight: 400;\">Slim Fit<\/span><\/td>\n<\/tr>\n<tr>\n<td><b>Waschanleitung<\/b><\/td>\n<td><span style=\"font-weight: 400;\">Chemische Reinigung empfohlen<\/span><\/td>\n<\/tr>\n<\/tbody>\n<\/table>\n","protected":false},"excerpt":{"rendered":"<p>Der marineblaue Slim-Fit-Anzug f\u00fcr Herren ist die perfekte Wahl f\u00fcr einen modernen und eleganten Look. Der marineblaue Farbton strahlt Eleganz aus, w\u00e4hrend der Slim-Fit-Schnitt f\u00fcr einen stromlinienf\u00f6rmigen und stilvollen Look sorgt. Ideal f\u00fcr formelle und halbformelle Anl\u00e4sse. Aus hochwertigen Materialien gefertigt, bietet dieser Anzug nicht nur eine perfekte Passform, sondern auch ultimativen Komfort. Dieses zeitlose Design passt m\u00fchelos zu verschiedenen Stilen und Accessoires, sodass Ihr Outfit immer einen Eindruck hinterl\u00e4sst.<\/p>\n<p>\u2702\ufe0f Perfekte Passform, speziell f\u00fcr Sie gefertigt.<\/p>\n<p>\ud83d\udc54 Individuelle Beratung f\u00fcr Ihren einzigartigen Look.<\/p>\n<p>\ud83e\uddf5 Hochwertige Materialien f\u00fcr ultimativen Komfort.<\/p>\n<p>\ud83c\udfa8 Stilvoll f\u00fcr jeden Anlass.<\/p>\n<p>\ud83c\udf81 Genie\u00dfen Sie bei jedem Ladenbesuch ein kostenloses Geschenk!<\/p>\n","protected":false},"featured_media":2143,"template":"","meta":{"_acf_changed":false},"product_brand":[],"product_cat":[146],"product_tag":[],"class_list":{"0":"post-4456","1":"product","2":"type-product","3":"status-publish","4":"has-post-thumbnail","6":"product_cat-slim-fit-kostuums","8":"first","9":"instock","10":"sale","11":"shipping-taxable","12":"purchasable","13":"product-type-simple"},"acf":[],"_links":{"self":[{"href":"https:\/\/www.lomoro.nl\/de\/wp-json\/wp\/v2\/product\/4456","targetHints":{"allow":["GET"]}}],"collection":[{"href":"https:\/\/www.lomoro.nl\/de\/wp-json\/wp\/v2\/product"}],"about":[{"href":"https:\/\/www.lomoro.nl\/de\/wp-json\/wp\/v2\/types\/product"}],"wp:featuredmedia":[{"embeddable":true,"href":"https:\/\/www.lomoro.nl\/de\/wp-json\/wp\/v2\/media\/2143"}],"wp:attachment":[{"href":"https:\/\/www.lomoro.nl\/de\/wp-json\/wp\/v2\/media?parent=4456"}],"wp:term":[{"taxonomy":"product_brand","embeddable":true,"href":"https:\/\/www.lomoro.nl\/de\/wp-json\/wp\/v2\/product_brand?post=4456"},{"taxonomy":"product_cat","embeddable":true,"href":"https:\/\/www.lomoro.nl\/de\/wp-json\/wp\/v2\/product_cat?post=4456"},{"taxonomy":"product_tag","embeddable":true,"href":"https:\/\/www.lomoro.nl\/de\/wp-json\/wp\/v2\/product_tag?post=4456"}],"curies":[{"name":"wp","href":"https:\/\/api.w.org\/{rel}","templated":true}]}}