{"id":4462,"date":"2024-12-07T10:37:01","date_gmt":"2024-12-07T10:37:01","guid":{"rendered":"https:\/\/lomoro.nl\/?post_type=product&#038;p=4462"},"modified":"2025-01-06T10:07:30","modified_gmt":"2025-01-06T10:07:30","slug":"trouwpak-28","status":"publish","type":"product","link":"https:\/\/www.lomoro.nl\/de\/products\/trouwpak-28\/","title":{"rendered":"W\u00e4schepaket"},"content":{"rendered":"<p>Der Lomoro-Leinenanzug ist f\u00fcr Br\u00e4utigame konzipiert, die eine stilvolle und bequeme Option f\u00fcr ihren besonderen Tag suchen. Mit seinem nat\u00fcrlichen Leinenmaterial ist dieser Anzug sowohl leicht als auch atmungsaktiv, ideal f\u00fcr Sommerzeremonien oder Hochzeiten im Freien.<\/p>\n<p>Dieser elegante Anzug kombiniert m\u00fchelos klassischen Stil mit einem modernen, entspannten Look. Der hochwertige Leinenstoff sorgt f\u00fcr ein luxuri\u00f6ses Gef\u00fchl und l\u00e4sst Sie makellos aussehen, w\u00e4hrend Sie sich dennoch frei und bequem bewegen k\u00f6nnen. Ob formeller Anlass oder informelle Party, der Leinenanzug ist die perfekte Wahl f\u00fcr einen unvergesslichen Tag.<\/p>\n<table>\n<thead>\n<tr>\n<th>Merkmal<\/th>\n<th>Details<\/th>\n<\/tr>\n<\/thead>\n<tbody>\n<tr>\n<td>Material<\/td>\n<td>Hochwertiges Leinen<\/td>\n<\/tr>\n<tr>\n<td>Farbe<\/td>\n<td>Naturbeige<\/td>\n<\/tr>\n<tr>\n<td>Verf\u00fcgbare Gr\u00f6\u00dfen<\/td>\n<td>Bis Gr\u00f6\u00dfe 72<\/td>\n<\/tr>\n<tr>\n<td>Passform<\/td>\n<td>Ma\u00dfgeschneidert f\u00fcr perfekten Sitz<\/td>\n<\/tr>\n<tr>\n<td>Stil<\/td>\n<td>Klassisch mit entspanntem Touch<\/td>\n<\/tr>\n<tr>\n<td>Pflege<\/td>\n<td>Professionelle Reinigung empfohlen<\/td>\n<\/tr>\n<\/tbody>\n<\/table>\n<p>&nbsp;<\/p>\n","protected":false},"excerpt":{"rendered":"<div class=\"product__tax caption rte\">Der Leinenanzug ist die ideale Wahl f\u00fcr den Br\u00e4utigam, der Stil und atmungsaktiven Komfort kombinieren m\u00f6chte. Dieser dreiteilige Anzug aus hochwertigem Leinen bietet m\u00fchelose Eleganz und eignet sich perfekt f\u00fcr Hochzeiten im Fr\u00fchling und Sommer. Die einreihige Jacke mit fallendem Revers, der passenden Strickjacke und der Hose mit flacher Vorderseite strahlen zeitlose Raffinesse aus und eignen sich ideal f\u00fcr Hochzeiten, formelle Zusammenk\u00fcnfte und andere Anl\u00e4sse, bei denen ein eleganter, bequemer Look gew\u00fcnscht wird.<\/div>\n<div>\n<p><span style=\"font-weight: 400;\">\u2702\ufe0f Perfekte Passform, speziell f\u00fcr Dich gefertigt.<\/span><\/p>\n<p><span style=\"font-weight: 400;\">\ud83d\udc54 Individuelle Beratung f\u00fcr Ihren einzigartigen Look.<\/span><\/p>\n<p><span style=\"font-weight: 400;\">\ud83e\uddf5 Hochwertige Materialien f\u00fcr ultimativen Komfort.<\/span><\/p>\n<p><span style=\"font-weight: 400;\">\ud83c\udfa8 Stilvoll f\u00fcr jeden Anlass.<\/span><\/p>\n<p><span style=\"font-weight: 400;\">\ud83c\udf81 Genie\u00dfen Sie bei jedem Ladenbesuch ein kostenloses Geschenk!<\/span><\/p>\n<\/div>\n","protected":false},"featured_media":1777,"template":"","meta":{"_acf_changed":false},"product_brand":[],"product_cat":[154],"product_tag":[],"class_list":{"0":"post-4462","1":"product","2":"type-product","3":"status-publish","4":"has-post-thumbnail","6":"product_cat-trouwpak-voor-mannen","8":"first","9":"instock","10":"sale","11":"shipping-taxable","12":"purchasable","13":"product-type-simple"},"acf":[],"_links":{"self":[{"href":"https:\/\/www.lomoro.nl\/de\/wp-json\/wp\/v2\/product\/4462","targetHints":{"allow":["GET"]}}],"collection":[{"href":"https:\/\/www.lomoro.nl\/de\/wp-json\/wp\/v2\/product"}],"about":[{"href":"https:\/\/www.lomoro.nl\/de\/wp-json\/wp\/v2\/types\/product"}],"wp:featuredmedia":[{"embeddable":true,"href":"https:\/\/www.lomoro.nl\/de\/wp-json\/wp\/v2\/media\/1777"}],"wp:attachment":[{"href":"https:\/\/www.lomoro.nl\/de\/wp-json\/wp\/v2\/media?parent=4462"}],"wp:term":[{"taxonomy":"product_brand","embeddable":true,"href":"https:\/\/www.lomoro.nl\/de\/wp-json\/wp\/v2\/product_brand?post=4462"},{"taxonomy":"product_cat","embeddable":true,"href":"https:\/\/www.lomoro.nl\/de\/wp-json\/wp\/v2\/product_cat?post=4462"},{"taxonomy":"product_tag","embeddable":true,"href":"https:\/\/www.lomoro.nl\/de\/wp-json\/wp\/v2\/product_tag?post=4462"}],"curies":[{"name":"wp","href":"https:\/\/api.w.org\/{rel}","templated":true}]}}