{"id":4465,"date":"2024-12-09T12:13:52","date_gmt":"2024-12-09T12:13:52","guid":{"rendered":"https:\/\/lomoro.nl\/?post_type=product&#038;p=4465"},"modified":"2025-01-06T10:10:32","modified_gmt":"2025-01-06T10:10:32","slug":"3-delig-pak-20","status":"publish","type":"product","link":"https:\/\/www.lomoro.nl\/de\/products\/3-delig-pak-20\/","title":{"rendered":"Gr\u00fcner dreiteiliger Anzug"},"content":{"rendered":"<p>Der dreiteilige Anzug von Lomoro ist ein ma\u00dfgeschneidertes Ensemble, bestehend aus einer eleganten Jacke, einer passenden Weste und einer klassischen Hose. Dieses zeitlose Design ist so konzipiert, dass es sich perfekt erg\u00e4nzt und f\u00fcr verschiedene formelle Anl\u00e4sse geeignet ist. Der aus hochwertigen Materialien gefertigte Anzug bietet sowohl Komfort als auch Haltbarkeit, sodass Sie von morgens bis abends gut aussehen und sich gut f\u00fchlen.<\/p>\n<p>Dieser dreiteilige Anzug besteht aus einem einreihigen Blazer, einer passenden Weste und einer klassischen Hose. Die raffinierte gr\u00fcne Farbe verleiht Ihrer Garderobe einen Hauch von Farbe, ohne auf Eleganz zu verzichten. Dieser aus hochwertigen Materialien gefertigte Anzug bietet sowohl eine bequeme Passform als auch einen modernen Look, der sich sowohl f\u00fcr formelle als auch halbformelle Anl\u00e4sse eignet.<\/p>\n<table style=\"height: 303px;\" width=\"650\">\n<tbody>\n<tr>\n<td><b>Merkmal<\/b><\/td>\n<td><b>Details<\/b><\/td>\n<\/tr>\n<tr>\n<td><b>Material<\/b><\/td>\n<td><span style=\"font-weight: 400;\">Luxuri\u00f6se Wollmischung<\/span><\/td>\n<\/tr>\n<tr>\n<td><b>Farbe<\/b><\/td>\n<td><span style=\"font-weight: 400;\">Tiefgr\u00fcn<\/span><\/td>\n<\/tr>\n<tr>\n<td><b>Verf\u00fcgbare Gr\u00f6\u00dfen<\/b><\/td>\n<td><span style=\"font-weight: 400;\">Kleine Gr\u00f6\u00dfen 46-62 \/ Gro\u00dfe Gr\u00f6\u00dfen 58-72<\/span><\/td>\n<\/tr>\n<tr>\n<td><b>Passform<\/b><\/td>\n<td><span style=\"font-weight: 400;\">Slim Fit f\u00fcr einen eleganten Look<\/span><\/td>\n<\/tr>\n<tr>\n<td><b>Waschanleitung<\/b><\/td>\n<td><span style=\"font-weight: 400;\">Professionelle chemische Reinigung<\/span><\/td>\n<\/tr>\n<\/tbody>\n<\/table>\n<p>&nbsp;<\/p>\n","protected":false},"excerpt":{"rendered":"<div class=\"product__tax caption rte\">\n<p>Der gr\u00fcne dreiteilige Anzug ist die perfekte Wahl f\u00fcr den modernen Mann, der Stil, Raffinesse und einen frischen Look sucht. Mit einem kr\u00e4ftigen Gr\u00fcnton und einem perfekten Schnitt ist dieser Anzug ideal f\u00fcr Hochzeiten, Firmenveranstaltungen oder besondere Anl\u00e4sse, bei denen Sie ein Statement setzen m\u00f6chten. Dieses stilvolle Ensemble bietet sowohl Komfort als auch Eleganz und sorgt daf\u00fcr, dass Sie zu jeder Tageszeit gut aussehen.<\/p>\n<p>\u2702\ufe0f Perfekte Passform, speziell f\u00fcr Sie gefertigt.<\/p>\n<p>\ud83d\udc54 Individuelle Beratung f\u00fcr Ihren einzigartigen Look.<\/p>\n<p>\ud83e\uddf5 Hochwertige Materialien f\u00fcr ultimativen Komfort.<\/p>\n<p>\ud83c\udfa8 Stilvoll f\u00fcr jeden Anlass.<\/p>\n<p>\ud83c\udf81 Genie\u00dfen Sie bei jedem Ladenbesuch ein kostenloses Geschenk!<\/p>\n<\/div>\n","protected":false},"featured_media":1804,"template":"","meta":{"_acf_changed":false},"product_brand":[],"product_cat":[114],"product_tag":[],"class_list":{"0":"post-4465","1":"product","2":"type-product","3":"status-publish","4":"has-post-thumbnail","6":"product_cat-3-delig-kostuums","8":"first","9":"instock","10":"sale","11":"shipping-taxable","12":"purchasable","13":"product-type-simple"},"acf":[],"_links":{"self":[{"href":"https:\/\/www.lomoro.nl\/de\/wp-json\/wp\/v2\/product\/4465","targetHints":{"allow":["GET"]}}],"collection":[{"href":"https:\/\/www.lomoro.nl\/de\/wp-json\/wp\/v2\/product"}],"about":[{"href":"https:\/\/www.lomoro.nl\/de\/wp-json\/wp\/v2\/types\/product"}],"wp:featuredmedia":[{"embeddable":true,"href":"https:\/\/www.lomoro.nl\/de\/wp-json\/wp\/v2\/media\/1804"}],"wp:attachment":[{"href":"https:\/\/www.lomoro.nl\/de\/wp-json\/wp\/v2\/media?parent=4465"}],"wp:term":[{"taxonomy":"product_brand","embeddable":true,"href":"https:\/\/www.lomoro.nl\/de\/wp-json\/wp\/v2\/product_brand?post=4465"},{"taxonomy":"product_cat","embeddable":true,"href":"https:\/\/www.lomoro.nl\/de\/wp-json\/wp\/v2\/product_cat?post=4465"},{"taxonomy":"product_tag","embeddable":true,"href":"https:\/\/www.lomoro.nl\/de\/wp-json\/wp\/v2\/product_tag?post=4465"}],"curies":[{"name":"wp","href":"https:\/\/api.w.org\/{rel}","templated":true}]}}