{"id":4470,"date":"2024-12-09T12:17:18","date_gmt":"2024-12-09T12:17:18","guid":{"rendered":"https:\/\/lomoro.nl\/?post_type=product&#038;p=4470"},"modified":"2025-01-06T10:19:32","modified_gmt":"2025-01-06T10:19:32","slug":"3-delig-pak-21","status":"publish","type":"product","link":"https:\/\/www.lomoro.nl\/de\/products\/3-delig-pak-21\/","title":{"rendered":"Dreiteiliger Anzug grau"},"content":{"rendered":"<p>Unser grauer dreiteiliger Anzug f\u00fcr Herren bietet nicht nur Eleganz, sondern auch Komfort. Dies ist die ideale Wahl f\u00fcr jeden Anlass und macht Sie zur Inspirationsquelle. Dieser dreiteilige Slim-Fit-Anzug f\u00fcr Herren aus hochwertigen Premium-Materialien ist sowohl f\u00fcr eine Hochzeitszeremonie als auch f\u00fcr ein Gesch\u00e4ftstreffen perfekt geeignet. Tragen Sie 3-teilige Anz\u00fcge mit Accessoires, die Ihren Look stilvoller machen und Ihnen ein mehr als elegantes Aussehen verleihen. Aus Lomoros umfangreicher Kollektion an Gr\u00f6\u00dfen und Farben k\u00f6nnen Sie diejenige ausw\u00e4hlen, die Sie k\u00f6rperlich attraktiver macht und Ihren pers\u00f6nlichen Stil genie\u00dft. Wir sind immer bereit, Ihnen zu helfen. Kaufen Sie jetzt dreiteiligen Anzug grau und erleben Sie Ihre elegante Wahl bei uns.<\/p>\n<p>Dieser stilvolle dreiteilige Anzug besteht aus einem einreihigen Blazer, einer passenden Weste und einer klassischen Hose. Die raffinierte graue Farbe sorgt f\u00fcr einen vielseitigen und eleganten Look, der sich gut mit verschiedenen Accessoires und Hemden kombinieren l\u00e4sst. Es ist so konzipiert, dass es einen klaren, stromlinienf\u00f6rmigen Look verleiht und sich perfekt f\u00fcr formelle und halbformelle Anl\u00e4sse eignet. Dieser aus hochwertigen Stoffen gefertigte Anzug bietet eine bequeme Passform, ohne Kompromisse beim Stil einzugehen.<\/p>\n<table style=\"height: 337px;\" width=\"674\">\n<tbody>\n<tr>\n<td><b>Merkmal<\/b><\/td>\n<td><b>Details<\/b><\/td>\n<\/tr>\n<tr>\n<td><b>Material<\/b><\/td>\n<td><span style=\"font-weight: 400;\">Luxuri\u00f6se Wollmischung<\/span><\/td>\n<\/tr>\n<tr>\n<td><b>Farbe<\/b><\/td>\n<td><span style=\"font-weight: 400;\">Elegantes Grau<\/span><\/td>\n<\/tr>\n<tr>\n<td><b>Verf\u00fcgbare Gr\u00f6\u00dfen<\/b><\/td>\n<td><span style=\"font-weight: 400;\">Kleine Gr\u00f6\u00dfen 46-62 \/ Gro\u00dfe Gr\u00f6\u00dfen 58-72<\/span><\/td>\n<\/tr>\n<tr>\n<td><b>Passform<\/b><\/td>\n<td><span style=\"font-weight: 400;\">Slim Fit f\u00fcr einen eleganten Look<\/span><\/td>\n<\/tr>\n<tr>\n<td><b>Waschanleitung<\/b><\/td>\n<td><span style=\"font-weight: 400;\">Professionelle chemische Reinigung<\/span><\/td>\n<\/tr>\n<\/tbody>\n<\/table>\n<p>&nbsp;<\/p>\n","protected":false},"excerpt":{"rendered":"<p>Der dreiteilige Anzug Grau ist der Inbegriff zeitloser Eleganz und moderner Raffinesse. Dieses klassische graue Ensemble bietet eine perfekte Balance zwischen Stil und Komfort und ist somit die ideale Wahl f\u00fcr Hochzeiten, Gesch\u00e4ftstreffen und andere formelle Veranstaltungen. Mit einem smarten Schnitt und hochwertigen Materialien strahlt dieser Anzug Luxus aus und bietet Ihnen gleichzeitig Komfort den ganzen Tag.<\/p>\n<p>\u2702\ufe0f Perfekte Passform, speziell f\u00fcr Sie gefertigt.<\/p>\n<p>\ud83d\udc54 Individuelle Beratung f\u00fcr Ihren einzigartigen Look.<\/p>\n<p>\ud83e\uddf5 Hochwertige Materialien f\u00fcr ultimativen Komfort.<\/p>\n<p>\ud83c\udfa8 Stilvoll f\u00fcr jeden Anlass.<\/p>\n<p>\ud83c\udf81 Genie\u00dfen Sie bei jedem Ladenbesuch ein kostenloses Geschenk!<\/p>\n","protected":false},"featured_media":1807,"template":"","meta":{"_acf_changed":false},"product_brand":[],"product_cat":[114],"product_tag":[],"class_list":{"0":"post-4470","1":"product","2":"type-product","3":"status-publish","4":"has-post-thumbnail","6":"product_cat-3-delig-kostuums","8":"first","9":"instock","10":"sale","11":"shipping-taxable","12":"purchasable","13":"product-type-simple"},"acf":[],"_links":{"self":[{"href":"https:\/\/www.lomoro.nl\/de\/wp-json\/wp\/v2\/product\/4470","targetHints":{"allow":["GET"]}}],"collection":[{"href":"https:\/\/www.lomoro.nl\/de\/wp-json\/wp\/v2\/product"}],"about":[{"href":"https:\/\/www.lomoro.nl\/de\/wp-json\/wp\/v2\/types\/product"}],"wp:featuredmedia":[{"embeddable":true,"href":"https:\/\/www.lomoro.nl\/de\/wp-json\/wp\/v2\/media\/1807"}],"wp:attachment":[{"href":"https:\/\/www.lomoro.nl\/de\/wp-json\/wp\/v2\/media?parent=4470"}],"wp:term":[{"taxonomy":"product_brand","embeddable":true,"href":"https:\/\/www.lomoro.nl\/de\/wp-json\/wp\/v2\/product_brand?post=4470"},{"taxonomy":"product_cat","embeddable":true,"href":"https:\/\/www.lomoro.nl\/de\/wp-json\/wp\/v2\/product_cat?post=4470"},{"taxonomy":"product_tag","embeddable":true,"href":"https:\/\/www.lomoro.nl\/de\/wp-json\/wp\/v2\/product_tag?post=4470"}],"curies":[{"name":"wp","href":"https:\/\/api.w.org\/{rel}","templated":true}]}}