{"id":4475,"date":"2024-12-07T10:42:28","date_gmt":"2024-12-07T10:42:28","guid":{"rendered":"https:\/\/lomoro.nl\/?post_type=product&#038;p=4475"},"modified":"2025-01-06T10:38:01","modified_gmt":"2025-01-06T10:38:01","slug":"trouwpak-30","status":"publish","type":"product","link":"https:\/\/www.lomoro.nl\/de\/products\/trouwpak-30\/","title":{"rendered":"Anz\u00fcge Hochzeit"},"content":{"rendered":"<section id=\"shopify-section-template--23762923880771__rich_text_kx9yLB\" class=\"shopify-section section\">\n<div class=\"isolate\">\n<div class=\"rich-text content-container color-scheme-1 gradient rich-text--full-width content-container--full-width section-template--23762923880771__rich_text_kx9yLB-padding\">\n<div class=\"rich-text__wrapper rich-text__wrapper--left page-width\">\n<div class=\"rich-text__blocks left\">\n<div class=\"rich-text__text rte scroll-trigger animate--slide-in\" data-cascade=\"\">\n<p>Der graue Hochzeitsanzug von Lomoro ist f\u00fcr den Br\u00e4utigam konzipiert, der einen klassischen Look mit modernem Flair liebt. Die dezente graue Farbe macht den Anzug vielseitig und zeitlos, perfekt f\u00fcr jede Jahreszeit und jeden Hochzeitsort. Die detaillierte Verarbeitung und die Verwendung hochwertiger Materialien sorgen daf\u00fcr, dass Sie sich wohl f\u00fchlen und gleichzeitig einen tadellosen Eindruck hinterlassen.<\/p>\n<p>Dieser Anzug ist mehr als nur ein Kleidungsst\u00fcck; Es ist ein Statement f\u00fcr Stil, Raffinesse und Handwerkskunst. Egal, ob Sie sich f\u00fcr einen formelleren Look oder einen entspannten Ansatz entscheiden, der graue Hochzeitsanzug wird Ihren Bed\u00fcrfnissen perfekt entsprechen.<\/p>\n<table>\n<thead>\n<tr>\n<th><strong>Merkmal<\/strong><\/th>\n<th><strong>Details<\/strong><\/th>\n<\/tr>\n<\/thead>\n<tbody>\n<tr>\n<td>Material<\/td>\n<td>Premium-Stoffe<\/td>\n<\/tr>\n<tr>\n<td>Farbe<\/td>\n<td>Grau<\/td>\n<\/tr>\n<tr>\n<td>Verf\u00fcgbare Gr\u00f6\u00dfen<\/td>\n<td>Bis Gr\u00f6\u00dfe 72<\/td>\n<\/tr>\n<tr>\n<td>Passform<\/td>\n<td>Ma\u00dfgeschneidert f\u00fcr perfekte Passform<\/td>\n<\/tr>\n<tr>\n<td>Stil<\/td>\n<td>Klassisch mit modernen Akzenten<\/td>\n<\/tr>\n<tr>\n<td>Pflege<\/td>\n<td>Professionelle Reinigung empfohlen<\/td>\n<\/tr>\n<\/tbody>\n<\/table>\n<\/div>\n<\/div>\n<\/div>\n<\/div>\n<\/div>\n<\/section>\n","protected":false},"excerpt":{"rendered":"<div class=\"product__tax caption rte\">Der graue Hochzeitsanzug von Lomoro bietet die perfekte Balance zwischen Klassik und Moderne. Dieser elegante Anzug ist ideal f\u00fcr den Br\u00e4utigam, der Eleganz sucht, mit einem dezenten Grauton, der zu jeder Jahreszeit passt. Der Anzug wurde mit Liebe zum Detail und handwerklichem K\u00f6nnen entworfen und ist somit die ideale Wahl f\u00fcr einen anspruchsvollen Hochzeitstag. Das hochwertige Material sorgt f\u00fcr Komfort und Stil, damit Sie sich wohl f\u00fchlen und gleichzeitig gut aussehen. Der graue Hochzeitsanzug ist ein eleganter dreiteiliger Anzug in klassischem Grau. Es besteht aus einer Jacke mit zwei Kn\u00f6pfen, einer Weste mit sechs Kn\u00f6pfen und einer Hose mit flacher Vorderseite f\u00fcr einen ma\u00dfgeschneiderten Look. Es ist ideal f\u00fcr Hochzeiten und formelle Veranstaltungen und bietet zeitlose Eleganz.<\/div>\n<div>\n<p><span style=\"font-weight: 400;\">\u2702\ufe0f Perfekte Passform, speziell f\u00fcr Dich gefertigt.<\/span><\/p>\n<p><span style=\"font-weight: 400;\">\ud83d\udc54 Individuelle Beratung f\u00fcr Ihren einzigartigen Look.<\/span><\/p>\n<p><span style=\"font-weight: 400;\">\ud83e\uddf5 Hochwertige Materialien f\u00fcr ultimativen Komfort.<\/span><\/p>\n<p><span style=\"font-weight: 400;\">\ud83c\udfa8 Stilvoll f\u00fcr jeden Anlass.<\/span><\/p>\n<p><span style=\"font-weight: 400;\">\ud83c\udf81 Genie\u00dfen Sie bei jedem Ladenbesuch ein kostenloses Geschenk!<\/span><\/p>\n<\/div>\n","protected":false},"featured_media":1783,"template":"","meta":{"_acf_changed":false},"product_brand":[],"product_cat":[154],"product_tag":[],"class_list":{"0":"post-4475","1":"product","2":"type-product","3":"status-publish","4":"has-post-thumbnail","6":"product_cat-trouwpak-voor-mannen","8":"first","9":"instock","10":"sale","11":"shipping-taxable","12":"purchasable","13":"product-type-simple"},"acf":[],"_links":{"self":[{"href":"https:\/\/www.lomoro.nl\/de\/wp-json\/wp\/v2\/product\/4475","targetHints":{"allow":["GET"]}}],"collection":[{"href":"https:\/\/www.lomoro.nl\/de\/wp-json\/wp\/v2\/product"}],"about":[{"href":"https:\/\/www.lomoro.nl\/de\/wp-json\/wp\/v2\/types\/product"}],"wp:featuredmedia":[{"embeddable":true,"href":"https:\/\/www.lomoro.nl\/de\/wp-json\/wp\/v2\/media\/1783"}],"wp:attachment":[{"href":"https:\/\/www.lomoro.nl\/de\/wp-json\/wp\/v2\/media?parent=4475"}],"wp:term":[{"taxonomy":"product_brand","embeddable":true,"href":"https:\/\/www.lomoro.nl\/de\/wp-json\/wp\/v2\/product_brand?post=4475"},{"taxonomy":"product_cat","embeddable":true,"href":"https:\/\/www.lomoro.nl\/de\/wp-json\/wp\/v2\/product_cat?post=4475"},{"taxonomy":"product_tag","embeddable":true,"href":"https:\/\/www.lomoro.nl\/de\/wp-json\/wp\/v2\/product_tag?post=4475"}],"curies":[{"name":"wp","href":"https:\/\/api.w.org\/{rel}","templated":true}]}}