{"id":4487,"date":"2024-12-07T09:37:36","date_gmt":"2024-12-07T09:37:36","guid":{"rendered":"https:\/\/lomoro.nl\/?post_type=product&#038;p=4487"},"modified":"2025-01-06T11:10:27","modified_gmt":"2025-01-06T11:10:27","slug":"trouwpak-15","status":"publish","type":"product","link":"https:\/\/www.lomoro.nl\/de\/products\/trouwpak-15\/","title":{"rendered":"Peaky Blinders Hochzeitsanzug"},"content":{"rendered":"<section id=\"shopify-section-template--23762923880771__rich_text_kx9yLB\" class=\"shopify-section section\">\n<div class=\"isolate\">\n<div class=\"rich-text content-container color-scheme-1 gradient rich-text--full-width content-container--full-width section-template--23762923880771__rich_text_kx9yLB-padding\">\n<div class=\"rich-text__wrapper rich-text__wrapper--left page-width\">\n<div class=\"rich-text__blocks left\">\n<div class=\"rich-text__text rte scroll-trigger animate--slide-in\" data-cascade=\"\">\n<p>Der Peaky Blinders-Hochzeitsanzug ist die ideale Wahl f\u00fcr Br\u00e4utigame, die einen gewagten und schicken Look lieben. Inspiriert von der ber\u00fchmten Fernsehserie bietet dieser Anzug einen Vintage-Stil, der sich perfekt f\u00fcr moderne Hochzeitsveranstaltungen eignet. Mit seiner detaillierten Verarbeitung und tadellosen Passform ist dieser Anzug die perfekte Kombination aus zeitloser Eleganz und gewagtem Flair.<\/p>\n<p>Die tiefe Anthrazitfarbe und der klassische Schnitt machen diesen Anzug zu einer vielseitigen Wahl f\u00fcr jede Hochzeit, w\u00e4hrend die edlen Stoffe und die Handwerkskunst f\u00fcr maximalen Komfort sorgen. Dieser Anzug eignet sich f\u00fcr den Br\u00e4utigam, der auffallen m\u00f6chte, ohne Kompromisse bei Stil oder Eleganz einzugehen.<\/p>\n<p>Setzen Sie an Ihrem Hochzeitstag ein Statement mit dem Hochzeitsanzug Peaky Blinders von Lomoro und erleben Sie, wie die Details des Designs Ihren einzigartigen Stil widerspiegeln.<\/p>\n<table>\n<thead>\n<tr>\n<th><strong>Merkmal<\/strong><\/th>\n<th><strong>Details<\/strong><\/th>\n<\/tr>\n<\/thead>\n<tbody>\n<tr>\n<td>Material<\/td>\n<td>Hochwertige Stoffe<\/td>\n<\/tr>\n<tr>\n<td>Farbe<\/td>\n<td>Dunkelgrau \/ Anthrazit<\/td>\n<\/tr>\n<tr>\n<td>Verf\u00fcgbare Gr\u00f6\u00dfen<\/td>\n<td>Bis Gr\u00f6\u00dfe 72<\/td>\n<\/tr>\n<tr>\n<td>Passform<\/td>\n<td>Ma\u00dfgeschneidert f\u00fcr perfekte Passform<\/td>\n<\/tr>\n<tr>\n<td>Stil<\/td>\n<td>Inspiriert von Peaky Blinders<\/td>\n<\/tr>\n<tr>\n<td>Pflege<\/td>\n<td>Professionelle Reinigung empfohlen<\/td>\n<\/tr>\n<\/tbody>\n<\/table>\n<\/div>\n<\/div>\n<\/div>\n<\/div>\n<\/div>\n<\/section>\n","protected":false},"excerpt":{"rendered":"<div class=\"product__tax caption rte\">Der Peaky Blinders Hochzeitsanzug von Lomoro ist vom ikonischen Stil der ber\u00fchmten Fernsehserie inspiriert und bietet dem Br\u00e4utigam, der auf der Suche nach etwas Einzigartigem ist, einen gewagten und stilvollen Look. Dieser Anzug kombiniert einen klassischen Schnitt mit modernen Einfl\u00fcssen und ist perfekt f\u00fcr einen Br\u00e4utigam, der sowohl stilvoll als auch selbstbewusst auftreten m\u00f6chte. Das detaillierte Design und die hochwertigen Materialien sorgen f\u00fcr Eleganz und Komfort und sorgen f\u00fcr den perfekten Eindruck an Ihrem Hochzeitstag.<\/div>\n<div>\n<p><span style=\"font-weight: 400;\">\u2702\ufe0f Perfekte Passform, speziell f\u00fcr Dich gefertigt.<\/span><\/p>\n<p><span style=\"font-weight: 400;\">\ud83d\udc54 Individuelle Beratung f\u00fcr Ihren einzigartigen Look.<\/span><\/p>\n<p><span style=\"font-weight: 400;\">\ud83e\uddf5 Hochwertige Materialien f\u00fcr ultimativen Komfort.<\/span><\/p>\n<p><span style=\"font-weight: 400;\">\ud83c\udfa8 Stilvoll f\u00fcr jeden Anlass.<\/span><\/p>\n<p><span style=\"font-weight: 400;\">\ud83c\udf81 Genie\u00dfen Sie bei jedem Ladenbesuch ein kostenloses Geschenk!<\/span><\/p>\n<\/div>\n","protected":false},"featured_media":1693,"template":"","meta":{"_acf_changed":false},"product_brand":[],"product_cat":[154],"product_tag":[],"class_list":{"0":"post-4487","1":"product","2":"type-product","3":"status-publish","4":"has-post-thumbnail","6":"product_cat-trouwpak-voor-mannen","8":"first","9":"instock","10":"sale","11":"shipping-taxable","12":"purchasable","13":"product-type-simple"},"acf":[],"_links":{"self":[{"href":"https:\/\/www.lomoro.nl\/de\/wp-json\/wp\/v2\/product\/4487","targetHints":{"allow":["GET"]}}],"collection":[{"href":"https:\/\/www.lomoro.nl\/de\/wp-json\/wp\/v2\/product"}],"about":[{"href":"https:\/\/www.lomoro.nl\/de\/wp-json\/wp\/v2\/types\/product"}],"wp:featuredmedia":[{"embeddable":true,"href":"https:\/\/www.lomoro.nl\/de\/wp-json\/wp\/v2\/media\/1693"}],"wp:attachment":[{"href":"https:\/\/www.lomoro.nl\/de\/wp-json\/wp\/v2\/media?parent=4487"}],"wp:term":[{"taxonomy":"product_brand","embeddable":true,"href":"https:\/\/www.lomoro.nl\/de\/wp-json\/wp\/v2\/product_brand?post=4487"},{"taxonomy":"product_cat","embeddable":true,"href":"https:\/\/www.lomoro.nl\/de\/wp-json\/wp\/v2\/product_cat?post=4487"},{"taxonomy":"product_tag","embeddable":true,"href":"https:\/\/www.lomoro.nl\/de\/wp-json\/wp\/v2\/product_tag?post=4487"}],"curies":[{"name":"wp","href":"https:\/\/api.w.org\/{rel}","templated":true}]}}