{"id":4506,"date":"2024-12-07T09:17:55","date_gmt":"2024-12-07T09:17:55","guid":{"rendered":"https:\/\/lomoro.nl\/?post_type=product&#038;p=4506"},"modified":"2025-01-06T11:51:23","modified_gmt":"2025-01-06T11:51:23","slug":"trouwpak-14","status":"publish","type":"product","link":"https:\/\/www.lomoro.nl\/de\/products\/trouwpak-14\/","title":{"rendered":"Rosa Hochzeitsanzug"},"content":{"rendered":"<section id=\"shopify-section-template--23762923880771__rich_text_kx9yLB\" class=\"shopify-section section\">\n<div class=\"isolate\">\n<div class=\"rich-text content-container color-scheme-1 gradient rich-text--full-width content-container--full-width section-template--23762923880771__rich_text_kx9yLB-padding\">\n<div class=\"rich-text__wrapper rich-text__wrapper--left page-width\">\n<div class=\"rich-text__blocks left\">\n<div class=\"rich-text__text rte scroll-trigger animate--slide-in\" data-cascade=\"\">\n<p>Der rosa Hochzeitsanzug bietet eine frische und einzigartige Option f\u00fcr Br\u00e4utigame, die einen modernen Look mit klassischer Eleganz kombinieren m\u00f6chten. Die sanfte rosa Farbe strahlt Romantik und Stil aus, w\u00e4hrend das schlanke Design f\u00fcr einen modernen und raffinierten Look sorgt.<\/p>\n<p>Dieser Anzug eignet sich sowohl f\u00fcr Hochzeiten im kleinen Kreis als auch f\u00fcr gro\u00dfe, festliche Feiern. Die hochwertigen Stoffe und die perfekte Passform garantieren Komfort den ganzen Tag, von der Zeremonie bis zum Tanz w\u00e4hrend der Party. Mit diesem Kost\u00fcm hinterlassen Sie garantiert einen bleibenden Eindruck.<\/p>\n<table>\n<thead>\n<tr>\n<th>Merkmal<\/th>\n<th>Details<\/th>\n<\/tr>\n<\/thead>\n<tbody>\n<tr>\n<td>Material<\/td>\n<td>Luxuri\u00f6se, atmungsaktive Stoffe<\/td>\n<\/tr>\n<tr>\n<td>Farbe<\/td>\n<td>Zartes Rosa<\/td>\n<\/tr>\n<tr>\n<td>Verf\u00fcgbare Gr\u00f6\u00dfen<\/td>\n<td>Bis Gr\u00f6\u00dfe 72<\/td>\n<\/tr>\n<tr>\n<td>Passform<\/td>\n<td>Ma\u00dfgeschneidert<\/td>\n<\/tr>\n<tr>\n<td>Stil<\/td>\n<td>Modern und elegant<\/td>\n<\/tr>\n<tr>\n<td>Pflege<\/td>\n<td>Trockenreinigung f\u00fcr langanhaltende Qualit\u00e4t<\/td>\n<\/tr>\n<\/tbody>\n<\/table>\n<\/div>\n<\/div>\n<\/div>\n<\/div>\n<\/div>\n<\/section>\n","protected":false},"excerpt":{"rendered":"<p>Der rosa Hochzeitsanzug von Lomoro ist eine stilvolle Wahl f\u00fcr den modernen Br\u00e4utigam, der es wagt zu gl\u00e4nzen. Mit seinem sanften Rosaton und dem zeitlosen Design ist dieser Anzug eine perfekte Mischung aus Eleganz und modernem Flair. Dieser Anzug ist f\u00fcr Br\u00e4utigame gedacht, die an ihrem besonderen Tag gerne mit einem frischen und eleganten Look ein Statement setzen. Der rosafarbene Hochzeitsanzug ist ein raffinierter dreiteiliger Anzug in einem Rosenton mit einem einreihigen Sakko, einer Weste mit sechs Kn\u00f6pfen und einer Hose mit flacher Vorderseite f\u00fcr eine schlanke Silhouette. Es bietet einen einzigartigen, eleganten Look, perfekt f\u00fcr Hochzeiten und formelle Veranstaltungen. Eine mutige Wahl f\u00fcr einen anspruchsvollen Look.<\/p>\n<p><span style=\"font-weight: 400;\">\u2702\ufe0f Perfekte Passform, speziell f\u00fcr Dich gefertigt.<\/span><\/p>\n<p><span style=\"font-weight: 400;\">\ud83d\udc54 Individuelle Beratung f\u00fcr Ihren einzigartigen Look.<\/span><\/p>\n<p><span style=\"font-weight: 400;\">\ud83e\uddf5 Hochwertige Materialien f\u00fcr ultimativen Komfort.<\/span><\/p>\n<p><span style=\"font-weight: 400;\">\ud83c\udfa8 Stilvoll f\u00fcr jeden Anlass.<\/span><\/p>\n<p><span style=\"font-weight: 400;\">\ud83c\udf81 Genie\u00dfen Sie bei jedem Ladenbesuch ein kostenloses Geschenk!<\/span><\/p>\n","protected":false},"featured_media":1675,"template":"","meta":{"_acf_changed":false},"product_brand":[],"product_cat":[154],"product_tag":[],"class_list":{"0":"post-4506","1":"product","2":"type-product","3":"status-publish","4":"has-post-thumbnail","6":"product_cat-trouwpak-voor-mannen","8":"first","9":"instock","10":"sale","11":"shipping-taxable","12":"purchasable","13":"product-type-simple"},"acf":[],"_links":{"self":[{"href":"https:\/\/www.lomoro.nl\/de\/wp-json\/wp\/v2\/product\/4506","targetHints":{"allow":["GET"]}}],"collection":[{"href":"https:\/\/www.lomoro.nl\/de\/wp-json\/wp\/v2\/product"}],"about":[{"href":"https:\/\/www.lomoro.nl\/de\/wp-json\/wp\/v2\/types\/product"}],"wp:featuredmedia":[{"embeddable":true,"href":"https:\/\/www.lomoro.nl\/de\/wp-json\/wp\/v2\/media\/1675"}],"wp:attachment":[{"href":"https:\/\/www.lomoro.nl\/de\/wp-json\/wp\/v2\/media?parent=4506"}],"wp:term":[{"taxonomy":"product_brand","embeddable":true,"href":"https:\/\/www.lomoro.nl\/de\/wp-json\/wp\/v2\/product_brand?post=4506"},{"taxonomy":"product_cat","embeddable":true,"href":"https:\/\/www.lomoro.nl\/de\/wp-json\/wp\/v2\/product_cat?post=4506"},{"taxonomy":"product_tag","embeddable":true,"href":"https:\/\/www.lomoro.nl\/de\/wp-json\/wp\/v2\/product_tag?post=4506"}],"curies":[{"name":"wp","href":"https:\/\/api.w.org\/{rel}","templated":true}]}}