{"id":4511,"date":"2024-12-16T05:29:06","date_gmt":"2024-12-16T05:29:06","guid":{"rendered":"https:\/\/lomoro.nl\/?post_type=product&#038;p=4511"},"modified":"2025-01-06T11:56:37","modified_gmt":"2025-01-06T11:56:37","slug":"het-ultieme-pak-in-twee-stijlen-5","status":"publish","type":"product","link":"https:\/\/www.lomoro.nl\/de\/products\/het-ultieme-pak-in-twee-stijlen-5\/","title":{"rendered":"Hellgraue Anz\u00fcge im Doppelstil"},"content":{"rendered":"<p>Dieser vielseitige Anzug ist die perfekte Wahl f\u00fcr M\u00e4nner, die Stil und Komfort suchen. Es bietet zwei Stile in einem: einen einreihigen Blazer f\u00fcr einen klassischen Look und eine zweireihige Variante f\u00fcr ein mutiges, modernes Statement. Durch den hellgrauen Farbton eignet sich das Kost\u00fcm f\u00fcr eine Vielzahl von Farbkombinationen, sodass Sie einen einzigartigen und eleganten Look kreieren k\u00f6nnen.<\/p>\n<p>Dieser aus einer hochwertigen Wollmischung gefertigte Anzug bietet Atmungsaktivit\u00e4t und eine luxuri\u00f6se Textur, die f\u00fcr ganzt\u00e4gigen Tragekomfort sorgt. Die schlanke Silhouette betont einen modernen Schnitt, w\u00e4hrend der verstellbare Bund der Hose f\u00fcr eine perfekte Passform sorgt. Jedes Detail, von den N\u00e4hten bis zum Revers, wurde pr\u00e4zise gefertigt, um ein makelloses Finish zu gew\u00e4hrleisten.<\/p>\n<table style=\"height: 412px;\" width=\"638\">\n<tbody>\n<tr>\n<td><b>Merkmal<\/b><\/td>\n<td><b>Details<\/b><\/td>\n<\/tr>\n<tr>\n<td><b>Material<\/b><\/td>\n<td><b>Premium-Wollmix<\/b><\/td>\n<\/tr>\n<tr>\n<td><b>Farbe<\/b><\/td>\n<td><span style=\"font-weight: 400;\">Hellgrau<\/span><\/td>\n<\/tr>\n<tr>\n<td><b>Verf\u00fcgbare Gr\u00f6\u00dfen<\/b><\/td>\n<td><span style=\"font-weight: 400;\">Kleine Gr\u00f6\u00dfen 46-62 \/ Gro\u00dfe Gr\u00f6\u00dfen 58-72<\/span><\/td>\n<\/tr>\n<tr>\n<td><b>Passform<\/b><\/td>\n<td><span style=\"font-weight: 400;\">Slim Fit<\/span><\/td>\n<\/tr>\n<tr>\n<td><b>Stil<\/b><\/td>\n<td><span style=\"font-weight: 400;\">Doppelte Stile, klassisch-modern<\/span><\/td>\n<\/tr>\n<tr>\n<td><b>Pflegehinweise<\/b><\/td>\n<td><span style=\"font-weight: 400;\">Nur professionelle Reinigung<\/span><\/td>\n<\/tr>\n<\/tbody>\n<\/table>\n<p>&nbsp;<\/p>\n","protected":false},"excerpt":{"rendered":"<div class=\"product__tax caption rte\">\n<p>Der hellgraue Anzug im Double-Style bietet eine perfekte Kombination aus zeitloser Eleganz und moderner Vielseitigkeit. Dieser Anzug ist f\u00fcr M\u00e4nner gedacht, die zu jedem Anlass einen eleganten Stil ausstrahlen m\u00f6chten.<\/p>\n<p>Mit seinem hellgrauen Farbton und den zwei Stiloptionen \u2013 einreihig und zweireihig \u2013 ist dieser Anzug ideal f\u00fcr Hochzeiten, Firmenveranstaltungen und andere formelle Anl\u00e4sse. Dieser bequeme, langlebige und stilvolle Anzug darf in keiner Garderobe fehlen.<\/p>\n<p>\u2702\ufe0f Perfekte Passform, speziell f\u00fcr Sie gefertigt.<\/p>\n<p>\ud83d\udc54 Individuelle Beratung f\u00fcr Ihren einzigartigen Look.<\/p>\n<p>\ud83e\uddf5 Hochwertige Materialien f\u00fcr ultimativen Komfort.<\/p>\n<p>\ud83c\udfa8 Stilvoll f\u00fcr jeden Anlass.<\/p>\n<p>\ud83c\udf81 Genie\u00dfen Sie bei jedem Ladenbesuch ein kostenloses Geschenk!<\/p>\n<\/div>\n","protected":false},"featured_media":2359,"template":"","meta":{"_acf_changed":false},"product_brand":[],"product_cat":[132],"product_tag":[],"class_list":{"0":"post-4511","1":"product","2":"type-product","3":"status-publish","4":"has-post-thumbnail","6":"product_cat-imperial-kostuums","8":"first","9":"instock","10":"sale","11":"shipping-taxable","12":"purchasable","13":"product-type-simple"},"acf":[],"_links":{"self":[{"href":"https:\/\/www.lomoro.nl\/de\/wp-json\/wp\/v2\/product\/4511","targetHints":{"allow":["GET"]}}],"collection":[{"href":"https:\/\/www.lomoro.nl\/de\/wp-json\/wp\/v2\/product"}],"about":[{"href":"https:\/\/www.lomoro.nl\/de\/wp-json\/wp\/v2\/types\/product"}],"wp:featuredmedia":[{"embeddable":true,"href":"https:\/\/www.lomoro.nl\/de\/wp-json\/wp\/v2\/media\/2359"}],"wp:attachment":[{"href":"https:\/\/www.lomoro.nl\/de\/wp-json\/wp\/v2\/media?parent=4511"}],"wp:term":[{"taxonomy":"product_brand","embeddable":true,"href":"https:\/\/www.lomoro.nl\/de\/wp-json\/wp\/v2\/product_brand?post=4511"},{"taxonomy":"product_cat","embeddable":true,"href":"https:\/\/www.lomoro.nl\/de\/wp-json\/wp\/v2\/product_cat?post=4511"},{"taxonomy":"product_tag","embeddable":true,"href":"https:\/\/www.lomoro.nl\/de\/wp-json\/wp\/v2\/product_tag?post=4511"}],"curies":[{"name":"wp","href":"https:\/\/api.w.org\/{rel}","templated":true}]}}