{"id":4513,"date":"2024-12-13T11:25:41","date_gmt":"2024-12-13T11:25:41","guid":{"rendered":"https:\/\/lomoro.nl\/?post_type=product&#038;p=4513"},"modified":"2025-01-06T12:00:44","modified_gmt":"2025-01-06T12:00:44","slug":"groot-maat-pak-3","status":"publish","type":"product","link":"https:\/\/www.lomoro.nl\/de\/products\/groot-maat-pak-3\/","title":{"rendered":"Grauer Anzug in gro\u00dfen Gr\u00f6\u00dfen"},"content":{"rendered":"<p>Der graue Anzug in \u00dcbergr\u00f6\u00dfe ist ein Meisterwerk an Design und Handwerkskunst und wurde f\u00fcr M\u00e4nner entwickelt, die ein stilvolles und bequemes Outfit suchen. Die neutrale graue Farbe sorgt f\u00fcr einen vielseitigen Look, der sich leicht mit verschiedenen Accessoires kombinieren l\u00e4sst. Ideal f\u00fcr Hochzeiten, Firmenveranstaltungen oder andere besondere Anl\u00e4sse.<\/p>\n<p>Der Anzug besteht aus einem einreihigen Blazer, einer eleganten Weste und einer schmal geschnittenen Hose, die alle eine schmeichelnde Silhouette bieten. Es besteht aus hochwertigen Materialien und bietet eine perfekte Balance zwischen Stil und Komfort, sodass Sie den ganzen Tag \u00fcber gut aussehen und sich gut f\u00fchlen.<\/p>\n<table>\n<tbody>\n<tr>\n<td><b>Merkmal<\/b><\/td>\n<td><b>Details<\/b><\/td>\n<\/tr>\n<tr>\n<td><b>Material<\/b><\/td>\n<td><span style=\"font-weight: 400;\">Luxuri\u00f6se Wollmischung<\/span><\/td>\n<\/tr>\n<tr>\n<td><b>Farbe<\/b><\/td>\n<td>Elegantes Grau<\/td>\n<\/tr>\n<tr>\n<td><b>Verf\u00fcgbare Gr\u00f6\u00dfen<\/b><\/td>\n<td><span style=\"font-weight: 400;\">Kleine Gr\u00f6\u00dfen 46-62 \/ Gro\u00dfe Gr\u00f6\u00dfen 58-72<\/span><\/td>\n<\/tr>\n<tr>\n<td><b>Passform<\/b><\/td>\n<td><span style=\"font-weight: 400;\">Comfort-Fit f\u00fcr eine schmeichelhafte Silhouette<\/span><\/td>\n<\/tr>\n<tr>\n<td><b>Waschanleitung<\/b><\/td>\n<td><span style=\"font-weight: 400;\">Professionelle chemische Reinigung<\/span><\/td>\n<\/tr>\n<\/tbody>\n<\/table>\n","protected":false},"excerpt":{"rendered":"<p>Der graue Anzug in gro\u00dfer Gr\u00f6\u00dfe vereint zeitlose Eleganz mit ultimativem Komfort. Der stilvolle Grauton und der raffinierte Schnitt machen diesen Anzug zur perfekten Wahl f\u00fcr formelle und halbformelle Anl\u00e4sse. Mit Blazer, Weste und Hose bietet dieses dreiteilige Ensemble Vielseitigkeit und einen luxuri\u00f6sen Look. Es wurde speziell f\u00fcr M\u00e4nner in \u00dcbergr\u00f6\u00dfe entwickelt und strahlt Klasse und Selbstbewusstsein aus.<\/p>\n<p>\u2702\ufe0f Perfekte Passform, speziell f\u00fcr Sie gefertigt.<\/p>\n<p>\ud83d\udc54 Individuelle Beratung f\u00fcr Ihren einzigartigen Look.<\/p>\n<p>\ud83e\uddf5 Hochwertige Materialien f\u00fcr ultimativen Komfort.<\/p>\n<p>\ud83c\udfa8 Stilvoll f\u00fcr jeden Anlass.<\/p>\n<p>\ud83c\udf81 Genie\u00dfen Sie bei jedem Ladenbesuch ein kostenloses Geschenk!<\/p>\n","protected":false},"featured_media":2197,"template":"","meta":{"_acf_changed":false},"product_brand":[],"product_cat":[129],"product_tag":[],"class_list":{"0":"post-4513","1":"product","2":"type-product","3":"status-publish","4":"has-post-thumbnail","6":"product_cat-grote-maten-collectie","8":"first","9":"instock","10":"sale","11":"shipping-taxable","12":"purchasable","13":"product-type-simple"},"acf":[],"_links":{"self":[{"href":"https:\/\/www.lomoro.nl\/de\/wp-json\/wp\/v2\/product\/4513","targetHints":{"allow":["GET"]}}],"collection":[{"href":"https:\/\/www.lomoro.nl\/de\/wp-json\/wp\/v2\/product"}],"about":[{"href":"https:\/\/www.lomoro.nl\/de\/wp-json\/wp\/v2\/types\/product"}],"wp:featuredmedia":[{"embeddable":true,"href":"https:\/\/www.lomoro.nl\/de\/wp-json\/wp\/v2\/media\/2197"}],"wp:attachment":[{"href":"https:\/\/www.lomoro.nl\/de\/wp-json\/wp\/v2\/media?parent=4513"}],"wp:term":[{"taxonomy":"product_brand","embeddable":true,"href":"https:\/\/www.lomoro.nl\/de\/wp-json\/wp\/v2\/product_brand?post=4513"},{"taxonomy":"product_cat","embeddable":true,"href":"https:\/\/www.lomoro.nl\/de\/wp-json\/wp\/v2\/product_cat?post=4513"},{"taxonomy":"product_tag","embeddable":true,"href":"https:\/\/www.lomoro.nl\/de\/wp-json\/wp\/v2\/product_tag?post=4513"}],"curies":[{"name":"wp","href":"https:\/\/api.w.org\/{rel}","templated":true}]}}