{"id":4519,"date":"2024-12-07T09:01:45","date_gmt":"2024-12-07T09:01:45","guid":{"rendered":"https:\/\/lomoro.nl\/?post_type=product&#038;p=4519"},"modified":"2025-01-06T12:15:08","modified_gmt":"2025-01-06T12:15:08","slug":"trouwpak-6","status":"publish","type":"product","link":"https:\/\/www.lomoro.nl\/de\/products\/trouwpak-6\/","title":{"rendered":"Klassischer brauner Hochzeitsanzug"},"content":{"rendered":"<section id=\"shopify-section-template--23762923880771__rich_text_kx9yLB\" class=\"shopify-section section\">\n<div class=\"isolate\">\n<div class=\"rich-text content-container color-scheme-1 gradient rich-text--full-width content-container--full-width section-template--23762923880771__rich_text_kx9yLB-padding\">\n<div class=\"rich-text__wrapper rich-text__wrapper--left page-width\">\n<div class=\"rich-text__blocks left\">\n<div class=\"rich-text__text rte scroll-trigger animate--slide-in\" data-cascade=\"\">\n<p>Der klassische braune Hochzeitsanzug strahlt mit seiner satten braunen Farbe und dem zeitlosen Design Luxus und Raffinesse aus. Dieser Hochzeitsanzug ist die ideale Wahl f\u00fcr Br\u00e4utigame, die einen traditionellen Look mit modernen Trends kombinieren m\u00f6chten. Die hochwertige Wollmischung sorgt nicht nur f\u00fcr einen edlen Look, sondern sorgt auch an langen Hochzeitstagen f\u00fcr optimalen Tragekomfort.<\/p>\n<p>Dieser auf Vielseitigkeit ausgelegte Anzug eignet sich perfekt f\u00fcr eine Vielzahl von Themen, von einer Hochzeit auf dem Land bis hin zu einer eleganten Zeremonie in der Stadt. Beeindrucken Sie Ihre G\u00e4ste und zeigen Sie Ihre Pers\u00f6nlichkeit mit diesem Meisterwerk der Handwerkskunst.<\/p>\n<table>\n<thead>\n<tr>\n<th>Merkmal<\/th>\n<th>Details<\/th>\n<\/tr>\n<\/thead>\n<tbody>\n<tr>\n<td>Material<\/td>\n<td>Premium Wollmischung mit atmungsaktiven Eigenschaften<\/td>\n<\/tr>\n<tr>\n<td>Farbe<\/td>\n<td>Klassisches Braun<\/td>\n<\/tr>\n<tr>\n<td>Verf\u00fcgbare Gr\u00f6\u00dfen<\/td>\n<td>Bis Gr\u00f6\u00dfe 72<\/td>\n<\/tr>\n<tr>\n<td>Passform<\/td>\n<td>Slim-Fit oder Regular-Fit ma\u00dfgeschneidert<\/td>\n<\/tr>\n<tr>\n<td>Stil<\/td>\n<td>Klassisch und elegant<\/td>\n<\/tr>\n<tr>\n<td>Pflege<\/td>\n<td>Professionelle Reinigung<\/td>\n<\/tr>\n<\/tbody>\n<\/table>\n<\/div>\n<\/div>\n<\/div>\n<\/div>\n<\/div>\n<\/section>\n","protected":false},"excerpt":{"rendered":"<p>Der klassische braune Hochzeitsanzug von Lomoro verbindet Tradition mit raffinierter Eleganz. Der tiefe Braunton strahlt W\u00e4rme und Eleganz aus und macht diesen Anzug zu einer zeitlosen Wahl f\u00fcr Br\u00e4utigame, die sich an ihrem Hochzeitstag einen stilvollen und klassischen Look w\u00fcnschen. Es eignet sich sowohl f\u00fcr formelle als auch informelle Hochzeiten und verleiht jedem Thema einen Hauch von Luxus. Der braune Hochzeitsanzug ist ein raffinierter brauner dreiteiliger Anzug, der sich perfekt f\u00fcr Hochzeiten und formelle Veranstaltungen eignet. Es besteht aus einer einreihigen Jacke mit fallendem Revers, einer Strickjacke mit sechs Kn\u00f6pfen und einer engen Hose mit flacher Vorderseite. Zeitlos und elegant bietet es einen raffinierten, ma\u00dfgeschneiderten Look.<\/p>\n<p><span style=\"font-weight: 400;\">\u2702\ufe0f Perfekte Passform, speziell f\u00fcr Dich gefertigt.<\/span><\/p>\n<p><span style=\"font-weight: 400;\">\ud83d\udc54 Individuelle Beratung f\u00fcr Ihren einzigartigen Look.<\/span><\/p>\n<p><span style=\"font-weight: 400;\">\ud83e\uddf5 Hochwertige Materialien f\u00fcr ultimativen Komfort.<\/span><\/p>\n<p><span style=\"font-weight: 400;\">\ud83c\udfa8 Stilvoll f\u00fcr jeden Anlass.<\/span><\/p>\n<p><span style=\"font-weight: 400;\">\ud83c\udf81 Genie\u00dfen Sie bei jedem Ladenbesuch ein kostenloses Geschenk!<\/span><\/p>\n","protected":false},"featured_media":1663,"template":"","meta":{"_acf_changed":false},"product_brand":[],"product_cat":[154],"product_tag":[],"class_list":{"0":"post-4519","1":"product","2":"type-product","3":"status-publish","4":"has-post-thumbnail","6":"product_cat-trouwpak-voor-mannen","8":"first","9":"instock","10":"sale","11":"shipping-taxable","12":"purchasable","13":"product-type-simple"},"acf":[],"_links":{"self":[{"href":"https:\/\/www.lomoro.nl\/de\/wp-json\/wp\/v2\/product\/4519","targetHints":{"allow":["GET"]}}],"collection":[{"href":"https:\/\/www.lomoro.nl\/de\/wp-json\/wp\/v2\/product"}],"about":[{"href":"https:\/\/www.lomoro.nl\/de\/wp-json\/wp\/v2\/types\/product"}],"wp:featuredmedia":[{"embeddable":true,"href":"https:\/\/www.lomoro.nl\/de\/wp-json\/wp\/v2\/media\/1663"}],"wp:attachment":[{"href":"https:\/\/www.lomoro.nl\/de\/wp-json\/wp\/v2\/media?parent=4519"}],"wp:term":[{"taxonomy":"product_brand","embeddable":true,"href":"https:\/\/www.lomoro.nl\/de\/wp-json\/wp\/v2\/product_brand?post=4519"},{"taxonomy":"product_cat","embeddable":true,"href":"https:\/\/www.lomoro.nl\/de\/wp-json\/wp\/v2\/product_cat?post=4519"},{"taxonomy":"product_tag","embeddable":true,"href":"https:\/\/www.lomoro.nl\/de\/wp-json\/wp\/v2\/product_tag?post=4519"}],"curies":[{"name":"wp","href":"https:\/\/api.w.org\/{rel}","templated":true}]}}