{"id":4520,"date":"2024-12-16T05:33:55","date_gmt":"2024-12-16T05:33:55","guid":{"rendered":"https:\/\/lomoro.nl\/?post_type=product&#038;p=4520"},"modified":"2025-01-06T12:12:43","modified_gmt":"2025-01-06T12:12:43","slug":"het-ultieme-pak-in-twee-stijlen-8","status":"publish","type":"product","link":"https:\/\/www.lomoro.nl\/de\/products\/het-ultieme-pak-in-twee-stijlen-8\/","title":{"rendered":"Off-White-Double-Styles-Kost\u00fcme"},"content":{"rendered":"<p>Dieser Anzug bietet die perfekte Kombination aus Raffinesse und Vielseitigkeit mit zwei Stilen in einem: einem klassischen einreihigen Blazer und einer auff\u00e4lligen zweireihigen Variante. Die cremefarbene Farbe sorgt f\u00fcr einen raffinierten Look, der sich gut mit Pastellt\u00f6nen und dunklen Farben kombinieren l\u00e4sst und so endlose Stilm\u00f6glichkeiten schafft. Die schmale Passform sorgt f\u00fcr eine moderne Silhouette, ideal f\u00fcr alle, die einen eleganten Look sch\u00e4tzen.<\/p>\n<p>Dieser aus einer hochwertigen Wollmischung gefertigte Anzug bietet au\u00dfergew\u00f6hnliche Atmungsaktivit\u00e4t und ganzt\u00e4gigen Komfort. Egal, ob es sich um eine Sommerhochzeit oder eine formelle Abendgala handelt, der luxuri\u00f6se Stoff und die fachm\u00e4nnische Handwerkskunst sorgen daf\u00fcr, dass es ein Statement-St\u00fcck bleibt. Jedes Detail, von der Naht bis zum Revers, zeugt von tadelloser Schneiderkunst und Liebe zum Detail.<\/p>\n<p>&nbsp;<\/p>\n<table style=\"height: 388px;\" width=\"612\">\n<tbody>\n<tr>\n<td><b>Merkmal<\/b><\/td>\n<td><b>Details<\/b><\/td>\n<\/tr>\n<tr>\n<td><b>Material<\/b><\/td>\n<td><b>Premium-Wollmix<\/b><\/td>\n<\/tr>\n<tr>\n<td><b>Farbe<\/b><\/td>\n<td><span style=\"font-weight: 400;\">Cremewei\u00df (cremefarben)<\/span><\/td>\n<\/tr>\n<tr>\n<td><b>Verf\u00fcgbare Gr\u00f6\u00dfen<\/b><\/td>\n<td><span style=\"font-weight: 400;\">Kleine Gr\u00f6\u00dfen 46-62 \/ Gro\u00dfe Gr\u00f6\u00dfen 58-72<\/span><\/td>\n<\/tr>\n<tr>\n<td><b>Passform<\/b><\/td>\n<td><span style=\"font-weight: 400;\">Slim Fit<\/span><\/td>\n<\/tr>\n<tr>\n<td><b>Stil<\/b><\/td>\n<td><span style=\"font-weight: 400;\">Doppelte Stile, klassisch-modern<\/span><\/td>\n<\/tr>\n<tr>\n<td><b>Pflegehinweise<\/b><\/td>\n<td><span style=\"font-weight: 400;\">Nur professionelle Reinigung<\/span><\/td>\n<\/tr>\n<\/tbody>\n<\/table>\n<p>&nbsp;<\/p>\n<p>&nbsp;<\/p>\n","protected":false},"excerpt":{"rendered":"<div class=\"product__tax caption rte\">\n<p>Der Off White Double Styles Suit definiert Eleganz mit seinem vielseitigen Design und der zeitlosen Farbe neu. Perfekt verarbeitet ist es eine perfekte Wahl f\u00fcr formelle Anl\u00e4sse, Hochzeiten oder Firmenveranstaltungen.<\/p>\n<p>Sowohl mit einreihigen als auch mit zweireihigen Modellen k\u00f6nnen Sie Ihren Look dem jeweiligen Moment anpassen. Der sanfte, cremefarbene Farbton passt zu einer Vielzahl von Accessoires und macht dieses Kost\u00fcm zu einer vielseitigen Erg\u00e4nzung jeder Garderobe.<\/p>\n<p>\u2702\ufe0f Perfekte Passform, speziell f\u00fcr Sie gefertigt.<\/p>\n<p>\ud83d\udc54 Individuelle Beratung f\u00fcr Ihren einzigartigen Look.<\/p>\n<p>\ud83e\uddf5 Hochwertige Materialien f\u00fcr ultimativen Komfort.<\/p>\n<p>\ud83c\udfa8 Stilvoll f\u00fcr jeden Anlass.<\/p>\n<p>\ud83c\udf81 Genie\u00dfen Sie bei jedem Ladenbesuch ein kostenloses Geschenk!<\/p>\n<\/div>\n","protected":false},"featured_media":2380,"template":"","meta":{"_acf_changed":false},"product_brand":[],"product_cat":[132],"product_tag":[],"class_list":{"0":"post-4520","1":"product","2":"type-product","3":"status-publish","4":"has-post-thumbnail","6":"product_cat-imperial-kostuums","8":"first","9":"instock","10":"sale","11":"shipping-taxable","12":"purchasable","13":"product-type-simple"},"acf":[],"_links":{"self":[{"href":"https:\/\/www.lomoro.nl\/de\/wp-json\/wp\/v2\/product\/4520","targetHints":{"allow":["GET"]}}],"collection":[{"href":"https:\/\/www.lomoro.nl\/de\/wp-json\/wp\/v2\/product"}],"about":[{"href":"https:\/\/www.lomoro.nl\/de\/wp-json\/wp\/v2\/types\/product"}],"wp:featuredmedia":[{"embeddable":true,"href":"https:\/\/www.lomoro.nl\/de\/wp-json\/wp\/v2\/media\/2380"}],"wp:attachment":[{"href":"https:\/\/www.lomoro.nl\/de\/wp-json\/wp\/v2\/media?parent=4520"}],"wp:term":[{"taxonomy":"product_brand","embeddable":true,"href":"https:\/\/www.lomoro.nl\/de\/wp-json\/wp\/v2\/product_brand?post=4520"},{"taxonomy":"product_cat","embeddable":true,"href":"https:\/\/www.lomoro.nl\/de\/wp-json\/wp\/v2\/product_cat?post=4520"},{"taxonomy":"product_tag","embeddable":true,"href":"https:\/\/www.lomoro.nl\/de\/wp-json\/wp\/v2\/product_tag?post=4520"}],"curies":[{"name":"wp","href":"https:\/\/api.w.org\/{rel}","templated":true}]}}