{"id":4524,"date":"2024-12-07T09:52:20","date_gmt":"2024-12-07T09:52:20","guid":{"rendered":"https:\/\/lomoro.nl\/?post_type=product&#038;p=4524"},"modified":"2025-01-13T07:05:24","modified_gmt":"2025-01-13T07:05:24","slug":"trouwpak-16","status":"publish","type":"product","link":"https:\/\/www.lomoro.nl\/de\/products\/trouwpak-16\/","title":{"rendered":"Brauner 3-teiliger Hochzeitsanzug"},"content":{"rendered":"<section id=\"shopify-section-template--23762923880771__rich_text_kx9yLB\" class=\"shopify-section section\">\n<div class=\"isolate\">\n<div class=\"rich-text content-container color-scheme-1 gradient rich-text--full-width content-container--full-width section-template--23762923880771__rich_text_kx9yLB-padding\">\n<div class=\"rich-text__wrapper rich-text__wrapper--left page-width\">\n<div class=\"rich-text__blocks left\">\n<div class=\"rich-text__text rte scroll-trigger animate--slide-in\" data-cascade=\"\">\n<p>Der braune dreiteilige Hochzeitsanzug ist f\u00fcr den modernen Br\u00e4utigam konzipiert, der mit einem raffinierten und stilvollen Look beeindrucken m\u00f6chte. Die warme braune Farbe strahlt Luxus und Selbstbewusstsein aus, w\u00e4hrend der klassische Schnitt zeitlos wirkt. Dieser dreiteilige Anzug besteht aus einem eleganten Sakko, einer passenden Weste und einer perfekt sitzenden Hose, was f\u00fcr einen kompletten und stimmigen Look sorgt.<\/p>\n<p>Dank der hochwertigen Stoffe und der hervorragenden Passform k\u00f6nnen Sie Ihren Hochzeitstag bequem und selbstbewusst genie\u00dfen. Verleihen Sie Ihrem Outfit mit Accessoires wie einer Krawatte oder einem Einstecktuch in einer Komplement\u00e4rfarbe Ihre ganz pers\u00f6nliche Note.<\/p>\n<table>\n<thead>\n<tr>\n<th>Merkmal<\/th>\n<th>Details<\/th>\n<\/tr>\n<\/thead>\n<tbody>\n<tr>\n<td>Material<\/td>\n<td>Premium Wollmischung<\/td>\n<\/tr>\n<tr>\n<td>Farbe<\/td>\n<td>Dunkelbraun<\/td>\n<\/tr>\n<tr>\n<td>Set<\/td>\n<td>Sakko, Weste und Hose<\/td>\n<\/tr>\n<tr>\n<td>Verf\u00fcgbare Gr\u00f6\u00dfen<\/td>\n<td>Bis Gr\u00f6\u00dfe 72<\/td>\n<\/tr>\n<tr>\n<td>Passform<\/td>\n<td>Slim-Fit oder Regular-Fit<\/td>\n<\/tr>\n<tr>\n<td>Pflegehinweise<\/td>\n<td>Reinigung empfohlen<\/td>\n<\/tr>\n<\/tbody>\n<\/table>\n<\/div>\n<\/div>\n<\/div>\n<\/div>\n<\/div>\n<\/section>\n","protected":false},"excerpt":{"rendered":"<p>Der braune dreiteilige Hochzeitsanzug von Lomoro ist die ultimative Wahl f\u00fcr den Br\u00e4utigam, der Eleganz und Vielseitigkeit sucht. Mit einem satten Braunton und einem stilvollen Design bietet dieser Anzug eine perfekte Balance zwischen klassischer Eleganz und modernem Flair. Dieses Kost\u00fcm eignet sich f\u00fcr Hochzeiten in jedem Rahmen und wird Sie zum Mittelpunkt der Aufmerksamkeit machen. Der \u201eBraune Hochzeitsanzug\u201c ist ein raffinierter brauner dreiteiliger Anzug, ideal f\u00fcr Hochzeiten und formelle Veranstaltungen. Es umfasst eine einreihige Jacke mit fallendem Revers, eine Strickjacke mit sechs Kn\u00f6pfen und eine enge Hose mit flacher Vorderseite. Zeitlos und elegant sorgt es f\u00fcr einen polierten Look.<\/p>\n<p><span style=\"font-weight: 400;\">\u2702\ufe0f Perfekte Passform, speziell f\u00fcr Dich gefertigt.<\/span><\/p>\n<p><span style=\"font-weight: 400;\">\ud83d\udc54 Individuelle Beratung f\u00fcr Ihren einzigartigen Look.<\/span><\/p>\n<p><span style=\"font-weight: 400;\">\ud83e\uddf5 Hochwertige Materialien f\u00fcr ultimativen Komfort.<\/span><\/p>\n<p><span style=\"font-weight: 400;\">\ud83c\udfa8 Stilvoll f\u00fcr jeden Anlass.<\/span><\/p>\n<p><span style=\"font-weight: 400;\">\ud83c\udf81 Genie\u00dfen Sie bei jedem Ladenbesuch ein kostenloses Geschenk!<\/span><\/p>\n","protected":false},"featured_media":1711,"template":"","meta":{"_acf_changed":false},"product_brand":[],"product_cat":[154],"product_tag":[],"class_list":{"0":"post-4524","1":"product","2":"type-product","3":"status-publish","4":"has-post-thumbnail","6":"product_cat-trouwpak-voor-mannen","8":"first","9":"instock","10":"sale","11":"shipping-taxable","12":"purchasable","13":"product-type-simple"},"acf":[],"_links":{"self":[{"href":"https:\/\/www.lomoro.nl\/de\/wp-json\/wp\/v2\/product\/4524","targetHints":{"allow":["GET"]}}],"collection":[{"href":"https:\/\/www.lomoro.nl\/de\/wp-json\/wp\/v2\/product"}],"about":[{"href":"https:\/\/www.lomoro.nl\/de\/wp-json\/wp\/v2\/types\/product"}],"wp:featuredmedia":[{"embeddable":true,"href":"https:\/\/www.lomoro.nl\/de\/wp-json\/wp\/v2\/media\/1711"}],"wp:attachment":[{"href":"https:\/\/www.lomoro.nl\/de\/wp-json\/wp\/v2\/media?parent=4524"}],"wp:term":[{"taxonomy":"product_brand","embeddable":true,"href":"https:\/\/www.lomoro.nl\/de\/wp-json\/wp\/v2\/product_brand?post=4524"},{"taxonomy":"product_cat","embeddable":true,"href":"https:\/\/www.lomoro.nl\/de\/wp-json\/wp\/v2\/product_cat?post=4524"},{"taxonomy":"product_tag","embeddable":true,"href":"https:\/\/www.lomoro.nl\/de\/wp-json\/wp\/v2\/product_tag?post=4524"}],"curies":[{"name":"wp","href":"https:\/\/api.w.org\/{rel}","templated":true}]}}