{"id":4527,"date":"2024-12-07T10:16:52","date_gmt":"2024-12-07T10:16:52","guid":{"rendered":"https:\/\/lomoro.nl\/?post_type=product&#038;p=4527"},"modified":"2025-01-06T13:15:08","modified_gmt":"2025-01-06T13:15:08","slug":"trouwpak-24","status":"publish","type":"product","link":"https:\/\/www.lomoro.nl\/de\/products\/trouwpak-24\/","title":{"rendered":"Grauer Hochzeitsanzug"},"content":{"rendered":"<p>Der graue Hochzeitsanzug strahlt Eleganz und Schlichtheit aus. Der hellgraue Farbton sorgt f\u00fcr einen frischen und modernen Look, w\u00e4hrend der klassische Schnitt f\u00fcr einen zeitlosen Look sorgt. Dieses Kost\u00fcm besteht aus einer Jacke, einer Weste und einer Hose, was f\u00fcr ein komplettes und raffiniertes Outfit sorgt.<\/p>\n<p>Die Verwendung einer hochwertigen Wollmischung macht diesen Anzug atmungsaktiv und bequem, ideal f\u00fcr den ganzt\u00e4gigen Tragekomfort. Verleihen Sie Ihrem Look eine pers\u00f6nliche Note mit Accessoires wie einer Krawatte oder einem Einstecktuch in kr\u00e4ftigen Farben.<\/p>\n<table>\n<thead>\n<tr>\n<th><strong>Merkmal<\/strong><\/th>\n<th><strong>Details<\/strong><\/th>\n<\/tr>\n<\/thead>\n<tbody>\n<tr>\n<td><strong>Material<\/strong><\/td>\n<td>Premium Wollmischung<\/td>\n<\/tr>\n<tr>\n<td><strong>Farbe<\/strong><\/td>\n<td>Dunkelbraun<\/td>\n<\/tr>\n<tr>\n<td><strong>Set<\/strong><\/td>\n<td>Sakko, Weste, und Hose<\/td>\n<\/tr>\n<tr>\n<td><strong>Verf\u00fcgbare Gr\u00f6\u00dfen<\/strong><\/td>\n<td>Bis Gr\u00f6\u00dfe 72<\/td>\n<\/tr>\n<tr>\n<td><strong>Passform<\/strong><\/td>\n<td>Slim-fit oder Regular-fit<\/td>\n<\/tr>\n<tr>\n<td><strong>Pflege<\/strong><\/td>\n<td>Chemische Reinigung empfohlen<\/td>\n<\/tr>\n<\/tbody>\n<\/table>\n<p>&nbsp;<\/p>\n","protected":false},"excerpt":{"rendered":"<div class=\"product__tax caption rte\">Der graue Hochzeitsanzug von Lomoro kombiniert moderne Eleganz mit zeitlosem Stil, perfekt f\u00fcr jede Zeremonie. Ideal f\u00fcr Br\u00e4utigame, die an ihrem besonderen Tag einen eleganten und vielseitigen Look suchen. Der graue Hochzeitsanzug ist ein raffinierter dreiteiliger Anzug in einem klassischen Grauton mit einem raffinierten und eleganten Look. Die einreihige Jacke hat einen klassischen Zwei-Knopf-Verschluss, ein fallendes Revers und einen Mittelschlitz. Der passende Cardigan verleiht mit seinem Sechs-Knopf-Stil und dem geraden Saum einen Hauch von Formalit\u00e4t. Die Hose mit flacher Vorderseite rundet das Ensemble ab und bietet eine schlanke und ma\u00dfgeschneiderte Silhouette. Dieser \u201egraue Hochzeitsanzug\u201c ist eine vielseitige Wahl f\u00fcr Hochzeiten, formelle Veranstaltungen und andere Anl\u00e4sse, bei denen ein eleganter und zeitloser Look gew\u00fcnscht wird.<\/div>\n<div>\n<p><span style=\"font-weight: 400;\">\u2702\ufe0f Perfekte Passform, speziell f\u00fcr Dich gefertigt.<\/span><\/p>\n<p><span style=\"font-weight: 400;\">\ud83d\udc54 Individuelle Beratung f\u00fcr Ihren einzigartigen Look.<\/span><\/p>\n<p><span style=\"font-weight: 400;\">\ud83e\uddf5 Hochwertige Materialien f\u00fcr ultimativen Komfort.<\/span><\/p>\n<p><span style=\"font-weight: 400;\">\ud83c\udfa8 Stilvoll f\u00fcr jeden Anlass.<\/span><\/p>\n<p><span style=\"font-weight: 400;\">\ud83c\udf81 Genie\u00dfen Sie bei jedem Ladenbesuch ein kostenloses Geschenk!<\/span><\/p>\n<\/div>\n","protected":false},"featured_media":1750,"template":"","meta":{"_acf_changed":false},"product_brand":[],"product_cat":[154],"product_tag":[],"class_list":{"0":"post-4527","1":"product","2":"type-product","3":"status-publish","4":"has-post-thumbnail","6":"product_cat-trouwpak-voor-mannen","8":"first","9":"instock","10":"sale","11":"shipping-taxable","12":"purchasable","13":"product-type-simple"},"acf":[],"_links":{"self":[{"href":"https:\/\/www.lomoro.nl\/de\/wp-json\/wp\/v2\/product\/4527","targetHints":{"allow":["GET"]}}],"collection":[{"href":"https:\/\/www.lomoro.nl\/de\/wp-json\/wp\/v2\/product"}],"about":[{"href":"https:\/\/www.lomoro.nl\/de\/wp-json\/wp\/v2\/types\/product"}],"wp:featuredmedia":[{"embeddable":true,"href":"https:\/\/www.lomoro.nl\/de\/wp-json\/wp\/v2\/media\/1750"}],"wp:attachment":[{"href":"https:\/\/www.lomoro.nl\/de\/wp-json\/wp\/v2\/media?parent=4527"}],"wp:term":[{"taxonomy":"product_brand","embeddable":true,"href":"https:\/\/www.lomoro.nl\/de\/wp-json\/wp\/v2\/product_brand?post=4527"},{"taxonomy":"product_cat","embeddable":true,"href":"https:\/\/www.lomoro.nl\/de\/wp-json\/wp\/v2\/product_cat?post=4527"},{"taxonomy":"product_tag","embeddable":true,"href":"https:\/\/www.lomoro.nl\/de\/wp-json\/wp\/v2\/product_tag?post=4527"}],"curies":[{"name":"wp","href":"https:\/\/api.w.org\/{rel}","templated":true}]}}