{"id":4531,"date":"2024-12-07T10:02:32","date_gmt":"2024-12-07T10:02:32","guid":{"rendered":"https:\/\/lomoro.nl\/?post_type=product&#038;p=4531"},"modified":"2025-01-06T13:46:06","modified_gmt":"2025-01-06T13:46:06","slug":"trouwpak-19","status":"publish","type":"product","link":"https:\/\/www.lomoro.nl\/de\/products\/trouwpak-19\/","title":{"rendered":"Hochzeitsanzug Mann Sommer"},"content":{"rendered":"<p><span style=\"font-weight: 400;\">Der burgundische Sommerhochzeitsanzug soll ein Statement setzen. Der warme Burgunderton verleiht dem Anzug einen einzigartigen und auff\u00e4lligen Look, w\u00e4hrend die leichte Leinenmischung ideal f\u00fcr w\u00e4rmere Temperaturen ist. Der Anzug besteht aus Jacke, Weste und Hose, die zusammen ein stilvolles und komplettes Outfit ergeben.<\/span><\/p>\n<p><span style=\"font-weight: 400;\">Dank des atmungsaktiven Stoffes bleiben Sie auch bei langen Zeremonien und Festlichkeiten k\u00fchl und bequem. Kombinieren Sie es mit einer hellen Krawatte oder einem Einstecktuch, um einen frischen Sommer-Touch zu verleihen.<\/span><\/p>\n<table>\n<thead>\n<tr>\n<th>Merkmal<\/th>\n<th>Details<\/th>\n<\/tr>\n<\/thead>\n<tbody>\n<tr>\n<td>Material<\/td>\n<td>Leichter Leinenmix<\/td>\n<\/tr>\n<tr>\n<td>Farbe<\/td>\n<td>Burgunderrot<\/td>\n<\/tr>\n<tr>\n<td>Set<\/td>\n<td>Sakko, Weste und Hose<\/td>\n<\/tr>\n<tr>\n<td>Erh\u00e4ltliche Gr\u00f6\u00dfen<\/td>\n<td>Bis Gr\u00f6\u00dfe 72<\/td>\n<\/tr>\n<tr>\n<td>Passform<\/td>\n<td>Slim-fit oder regular-fit<\/td>\n<\/tr>\n<tr>\n<td>Pflege<\/td>\n<td>Chemische Reinigung empfohlen<\/td>\n<\/tr>\n<\/tbody>\n<\/table>\n<p>&nbsp;<\/p>\n","protected":false},"excerpt":{"rendered":"<p><span style=\"font-weight: 400;\">Mit dem burgundischen Sommerhochzeitsanzug von Lomoro hinterlassen Sie an Ihrem gro\u00dfen Tag einen mutigen und stilvollen Eindruck. Dieser Hochzeitsanzug in einem kr\u00e4ftigen Burgunderton vereint m\u00fchelos Raffinesse mit Sommerflair und eignet sich perfekt f\u00fcr Brautpartys im Freien oder romantische Orte. Dieser Anzug bietet einen modernen Look und optimalen Tragekomfort, sodass Sie gl\u00e4nzen k\u00f6nnen, ohne auf Komfort zu verzichten. Die einreihige Jacke hat einen klassischen Zwei-Knopf-Verschluss, ein fallendes Revers und einen Mittelschlitz. Der passende Cardigan verleiht mit seinem Sechs-Knopf-Stil und dem geraden Saum einen Hauch von Formalit\u00e4t. Die Hose mit flacher Vorderseite rundet das Ensemble ab und bietet eine schlanke und ma\u00dfgeschneiderte Silhouette.<\/span><\/p>\n<p><span style=\"font-weight: 400;\">\u2702\ufe0f Perfekte Passform, speziell f\u00fcr Dich gefertigt.<\/span><\/p>\n<p><span style=\"font-weight: 400;\">\ud83d\udc54 Individuelle Beratung f\u00fcr Ihren einzigartigen Look.<\/span><\/p>\n<p><span style=\"font-weight: 400;\">\ud83e\uddf5 Hochwertige Materialien f\u00fcr ultimativen Komfort.<\/span><\/p>\n<p><span style=\"font-weight: 400;\">\ud83c\udfa8 Stilvoll f\u00fcr jeden Anlass.<\/span><\/p>\n<p><span style=\"font-weight: 400;\">\ud83c\udf81 Genie\u00dfen Sie bei jedem Ladenbesuch ein kostenloses Geschenk!<\/span><\/p>\n","protected":false},"featured_media":1729,"template":"","meta":{"_acf_changed":false},"product_brand":[],"product_cat":[154],"product_tag":[],"class_list":{"0":"post-4531","1":"product","2":"type-product","3":"status-publish","4":"has-post-thumbnail","6":"product_cat-trouwpak-voor-mannen","8":"first","9":"instock","10":"sale","11":"shipping-taxable","12":"purchasable","13":"product-type-simple"},"acf":[],"_links":{"self":[{"href":"https:\/\/www.lomoro.nl\/de\/wp-json\/wp\/v2\/product\/4531","targetHints":{"allow":["GET"]}}],"collection":[{"href":"https:\/\/www.lomoro.nl\/de\/wp-json\/wp\/v2\/product"}],"about":[{"href":"https:\/\/www.lomoro.nl\/de\/wp-json\/wp\/v2\/types\/product"}],"wp:featuredmedia":[{"embeddable":true,"href":"https:\/\/www.lomoro.nl\/de\/wp-json\/wp\/v2\/media\/1729"}],"wp:attachment":[{"href":"https:\/\/www.lomoro.nl\/de\/wp-json\/wp\/v2\/media?parent=4531"}],"wp:term":[{"taxonomy":"product_brand","embeddable":true,"href":"https:\/\/www.lomoro.nl\/de\/wp-json\/wp\/v2\/product_brand?post=4531"},{"taxonomy":"product_cat","embeddable":true,"href":"https:\/\/www.lomoro.nl\/de\/wp-json\/wp\/v2\/product_cat?post=4531"},{"taxonomy":"product_tag","embeddable":true,"href":"https:\/\/www.lomoro.nl\/de\/wp-json\/wp\/v2\/product_tag?post=4531"}],"curies":[{"name":"wp","href":"https:\/\/api.w.org\/{rel}","templated":true}]}}