{"id":4535,"date":"2024-12-07T10:05:09","date_gmt":"2024-12-07T10:05:09","guid":{"rendered":"https:\/\/lomoro.nl\/?post_type=product&#038;p=4535"},"modified":"2025-01-06T15:41:05","modified_gmt":"2025-01-06T15:41:05","slug":"trouwpak-20","status":"publish","type":"product","link":"https:\/\/www.lomoro.nl\/de\/products\/trouwpak-20\/","title":{"rendered":"Dunkelgrauer Hochzeitsanzug"},"content":{"rendered":"<section id=\"shopify-section-template--23762923880771__rich_text_kx9yLB\" class=\"shopify-section section\">\n<div class=\"isolate\">\n<div class=\"rich-text content-container color-scheme-1 gradient rich-text--full-width content-container--full-width section-template--23762923880771__rich_text_kx9yLB-padding\">\n<div class=\"rich-text__wrapper rich-text__wrapper--left page-width\">\n<div class=\"rich-text__blocks left\">\n<div class=\"rich-text__text rte scroll-trigger animate--slide-in\" data-cascade=\"\">Der dunkelgraue Hochzeitsanzug von Lomoro ist die perfekte Wahl f\u00fcr Br\u00e4utigame, die einen eleganten und zeitlosen Look anstreben. Dieser Anzug ist mit Pr\u00e4zision entworfen und bietet eine perfekte Balance zwischen klassischer und moderner Mode. Die dunkelgraue Farbe strahlt Eleganz aus und passt perfekt zu einer Vielzahl von Hochzeitsthemen und Jahreszeiten. Bei Lomoro stehen Handwerkskunst und Kundenzufriedenheit im Mittelpunkt. Dieser ma\u00dfgeschneiderte Anzug ist ein wahrer Inbegriff von Luxus und sorgt daf\u00fcr, dass Sie an Ihrem besonderen Tag gro\u00dfartig aussehen. Kombinieren Sie es mit Accessoires wie einem wei\u00dfen Hemd und einer kontrastierenden Krawatte f\u00fcr einen eleganten, ma\u00dfgeschneiderten Look.<\/p>\n<table>\n<thead>\n<tr>\n<th><strong>Merkmal<\/strong><\/th>\n<th><strong>Details<\/strong><\/th>\n<\/tr>\n<\/thead>\n<tbody>\n<tr>\n<td>Material<\/td>\n<td>Premium-Stoffe in h\u00f6chster Qualit\u00e4t<\/td>\n<\/tr>\n<tr>\n<td>Farbe<\/td>\n<td>Dunkelgrau<\/td>\n<\/tr>\n<tr>\n<td>Verf\u00fcgbare Gr\u00f6\u00dfen<\/td>\n<td>Bis Gr\u00f6\u00dfe 72<\/td>\n<\/tr>\n<tr>\n<td>Passform<\/td>\n<td>Ma\u00dfgeschneidert f\u00fcr perfekten Sitz<\/td>\n<\/tr>\n<tr>\n<td>Stil<\/td>\n<td>Klassisch mit modernen Details<\/td>\n<\/tr>\n<tr>\n<td>Pflege<\/td>\n<td>Professionelle Reinigung empfohlen<\/td>\n<\/tr>\n<\/tbody>\n<\/table>\n<\/div>\n<\/div>\n<\/div>\n<\/div>\n<\/div>\n<\/section>\n","protected":false},"excerpt":{"rendered":"<div class=\"product__tax caption rte\">Der dunkelgraue Hochzeitsanzug ist ein Meisterwerk an Stil und Raffinesse und soll dem modernen Br\u00e4utigam einen luxuri\u00f6sen Look und ultimativen Komfort bieten. Dieser vielseitige Anzug kombiniert eine klassische Silhouette mit modernen Akzenten, ideal f\u00fcr einen unvergesslichen Hochzeitstag. Der \u201eDark Grey Wedding Suit\u201c ist ein raffinierter dreiteiliger Anzug in einem klassischen Dunkelgrauton mit dezentem Nadelstreifenmuster. Die einreihige Jacke hat einen klassischen Zwei-Knopf-Verschluss, ein fallendes Revers und einen Mittelschlitz. Der passende Cardigan verleiht mit seinem Sechs-Knopf-Stil und dem geraden Saum einen Hauch von Formalit\u00e4t. Die Hose mit flacher Vorderseite rundet das Ensemble ab und bietet eine schlanke und ma\u00dfgeschneiderte Silhouette.<\/div>\n<div>\n<p><span style=\"font-weight: 400;\">\u2702\ufe0f Perfekte Passform, speziell f\u00fcr Dich gefertigt.<\/span><\/p>\n<p><span style=\"font-weight: 400;\">\ud83d\udc54 Individuelle Beratung f\u00fcr Ihren einzigartigen Look.<\/span><\/p>\n<p><span style=\"font-weight: 400;\">\ud83e\uddf5 Hochwertige Materialien f\u00fcr ultimativen Komfort.<\/span><\/p>\n<p><span style=\"font-weight: 400;\">\ud83c\udfa8 Stilvoll f\u00fcr jeden Anlass.<\/span><\/p>\n<p><span style=\"font-weight: 400;\">\ud83c\udf81 Genie\u00dfen Sie bei jedem Ladenbesuch ein kostenloses Geschenk!<\/span><\/p>\n<\/div>\n","protected":false},"featured_media":1735,"template":"","meta":{"_acf_changed":false},"product_brand":[],"product_cat":[154],"product_tag":[],"class_list":{"0":"post-4535","1":"product","2":"type-product","3":"status-publish","4":"has-post-thumbnail","6":"product_cat-trouwpak-voor-mannen","8":"first","9":"instock","10":"sale","11":"shipping-taxable","12":"purchasable","13":"product-type-simple"},"acf":[],"_links":{"self":[{"href":"https:\/\/www.lomoro.nl\/de\/wp-json\/wp\/v2\/product\/4535","targetHints":{"allow":["GET"]}}],"collection":[{"href":"https:\/\/www.lomoro.nl\/de\/wp-json\/wp\/v2\/product"}],"about":[{"href":"https:\/\/www.lomoro.nl\/de\/wp-json\/wp\/v2\/types\/product"}],"wp:featuredmedia":[{"embeddable":true,"href":"https:\/\/www.lomoro.nl\/de\/wp-json\/wp\/v2\/media\/1735"}],"wp:attachment":[{"href":"https:\/\/www.lomoro.nl\/de\/wp-json\/wp\/v2\/media?parent=4535"}],"wp:term":[{"taxonomy":"product_brand","embeddable":true,"href":"https:\/\/www.lomoro.nl\/de\/wp-json\/wp\/v2\/product_brand?post=4535"},{"taxonomy":"product_cat","embeddable":true,"href":"https:\/\/www.lomoro.nl\/de\/wp-json\/wp\/v2\/product_cat?post=4535"},{"taxonomy":"product_tag","embeddable":true,"href":"https:\/\/www.lomoro.nl\/de\/wp-json\/wp\/v2\/product_tag?post=4535"}],"curies":[{"name":"wp","href":"https:\/\/api.w.org\/{rel}","templated":true}]}}