{"id":4539,"date":"2024-12-07T10:39:47","date_gmt":"2024-12-07T10:39:47","guid":{"rendered":"https:\/\/lomoro.nl\/?post_type=product&#038;p=4539"},"modified":"2025-01-06T16:14:16","modified_gmt":"2025-01-06T16:14:16","slug":"trouwpak-29","status":"publish","type":"product","link":"https:\/\/www.lomoro.nl\/de\/products\/trouwpak-29\/","title":{"rendered":"Wei\u00dfer Hochzeitsanzug"},"content":{"rendered":"<p>Der wei\u00dfe Hochzeitsanzug von Lomoro ist ein ultimatives Symbol f\u00fcr Reinheit, Eleganz und Stil. Ideal f\u00fcr Br\u00e4utigame, die an ihrem besonderen Tag einen eleganten und unverwechselbaren Look w\u00fcnschen. Der Anzug vereint zeitlose Klasse mit modernen Details und eignet sich daher sowohl f\u00fcr traditionelle als auch f\u00fcr moderne Hochzeitsthemen.<\/p>\n<p>Der raffinierte Look der wei\u00dfen Hochzeitsanz\u00fcge f\u00fcr Herren bei Lomoro ist mehr als nur ein Outfit; es ist eine Aussage. Ob Sie sich f\u00fcr einen wei\u00dfen Hochzeitsanzug oder einen wei\u00dfen Hochzeitsanzug f\u00fcr Herren entscheiden, unsere Designeranz\u00fcge sind aus leichten, hochwertigen Stoffen gefertigt. Sie bieten eine ma\u00dfgeschneiderte Passform, die Ihre Figur perfekt betont. Mit pr\u00e4zisen Details und kreativen Designs werden Sie an Ihrem Hochzeitstag wirklich im Mittelpunkt stehen.<\/p>\n<p>Warum wei\u00dfe Hochzeitsanz\u00fcge f\u00fcr M\u00e4nner w\u00e4hlen?<\/p>\n<p>Einzigartiges Design:\u00a0Unsere wei\u00dfen Hochzeitsanz\u00fcge sollen Sie hervorstechen lassen.<\/p>\n<p>Perfekte Passform: Genie\u00dfen Sie Komfort und Stil an Ihrem gro\u00dfen Tag.<\/p>\n<p>Emotionale Wirkung: Machen Sie unvergessliche Erinnerungen in Ihrem wei\u00dfen Hochzeitsanzug f\u00fcr Herren.<\/p>\n<p>Entscheiden Sie sich f\u00fcr Lomoro und gl\u00e4nzen Sie an Ihrem Hochzeitstag mit einem Outfit, das Ihren pers\u00f6nlichen Stil widerspiegelt, denn mit unseren wei\u00dfen Hochzeitsanz\u00fcgen ist Ihnen ein eleganter und unvergesslicher Look sicher.<\/p>\n<table>\n<thead>\n<tr>\n<th><strong>Merkmal<\/strong><\/th>\n<th><strong>Details<\/strong><\/th>\n<\/tr>\n<\/thead>\n<tbody>\n<tr>\n<td>Material<\/td>\n<td>Luxuri\u00f6se und atmungsaktive Stoffe<\/td>\n<\/tr>\n<tr>\n<td>Farbe<\/td>\n<td>Wei\u00df<\/td>\n<\/tr>\n<tr>\n<td>Verf\u00fcgbare Gr\u00f6\u00dfen<\/td>\n<td>Bis Gr\u00f6\u00dfe 72<\/td>\n<\/tr>\n<tr>\n<td>Passform<\/td>\n<td>Ma\u00dfgeschneidert f\u00fcr perfekten Sitz<\/td>\n<\/tr>\n<tr>\n<td>Stil<\/td>\n<td>Modern mit klassischen Einfl\u00fcssen<\/td>\n<\/tr>\n<tr>\n<td>Pflege<\/td>\n<td>Professionelle Reinigung empfohlen<\/td>\n<\/tr>\n<\/tbody>\n<\/table>\n<p>&nbsp;<\/p>\n","protected":false},"excerpt":{"rendered":"<div class=\"product__tax caption rte\">Der wei\u00dfe Hochzeitsanzug ist die perfekte Wahl f\u00fcr Br\u00e4utigame, die einen frischen, stilvollen und eleganten Look anstreben. Mit hochwertigen Materialien und viel Liebe zum Detail entworfen, bietet dieser Anzug eine tadellose Passform und zeitlose Klasse, insbesondere f\u00fcr Ihren gro\u00dfen Tag. Der \u201eWei\u00dfe Hochzeitsanzug\u201c ist ein raffinierter dreiteiliger Anzug in einem klassischen Wei\u00dfton mit einem raffinierten und eleganten Look. Die einreihige Jacke hat einen klassischen Zwei-Knopf-Verschluss, ein fallendes Revers und einen Mittelschlitz. Der passende Cardigan verleiht mit seinem Sechs-Knopf-Stil und dem geraden Saum einen Hauch von Formalit\u00e4t. Die Hose mit flacher Vorderseite rundet das Ensemble ab und bietet eine schlanke und ma\u00dfgeschneiderte Silhouette.<\/div>\n<div>\n<p><span style=\"font-weight: 400;\">\u2702\ufe0f Perfekte Passform, speziell f\u00fcr Dich gefertigt.<\/span><\/p>\n<p><span style=\"font-weight: 400;\">\ud83d\udc54 Individuelle Beratung f\u00fcr Ihren einzigartigen Look.<\/span><\/p>\n<p><span style=\"font-weight: 400;\">\ud83e\uddf5 Hochwertige Materialien f\u00fcr ultimativen Komfort.<\/span><\/p>\n<p><span style=\"font-weight: 400;\">\ud83c\udfa8 Stilvoll f\u00fcr jeden Anlass.<\/span><\/p>\n<p><span style=\"font-weight: 400;\">\ud83c\udf81 Genie\u00dfen Sie bei jedem Ladenbesuch ein kostenloses Geschenk!<\/span><\/p>\n<\/div>\n","protected":false},"featured_media":1780,"template":"","meta":{"_acf_changed":false},"product_brand":[],"product_cat":[154],"product_tag":[],"class_list":{"0":"post-4539","1":"product","2":"type-product","3":"status-publish","4":"has-post-thumbnail","6":"product_cat-trouwpak-voor-mannen","8":"first","9":"instock","10":"sale","11":"shipping-taxable","12":"purchasable","13":"product-type-simple"},"acf":[],"_links":{"self":[{"href":"https:\/\/www.lomoro.nl\/de\/wp-json\/wp\/v2\/product\/4539","targetHints":{"allow":["GET"]}}],"collection":[{"href":"https:\/\/www.lomoro.nl\/de\/wp-json\/wp\/v2\/product"}],"about":[{"href":"https:\/\/www.lomoro.nl\/de\/wp-json\/wp\/v2\/types\/product"}],"wp:featuredmedia":[{"embeddable":true,"href":"https:\/\/www.lomoro.nl\/de\/wp-json\/wp\/v2\/media\/1780"}],"wp:attachment":[{"href":"https:\/\/www.lomoro.nl\/de\/wp-json\/wp\/v2\/media?parent=4539"}],"wp:term":[{"taxonomy":"product_brand","embeddable":true,"href":"https:\/\/www.lomoro.nl\/de\/wp-json\/wp\/v2\/product_brand?post=4539"},{"taxonomy":"product_cat","embeddable":true,"href":"https:\/\/www.lomoro.nl\/de\/wp-json\/wp\/v2\/product_cat?post=4539"},{"taxonomy":"product_tag","embeddable":true,"href":"https:\/\/www.lomoro.nl\/de\/wp-json\/wp\/v2\/product_tag?post=4539"}],"curies":[{"name":"wp","href":"https:\/\/api.w.org\/{rel}","templated":true}]}}