{"id":4542,"date":"2024-12-07T09:30:25","date_gmt":"2024-12-07T09:30:25","guid":{"rendered":"https:\/\/lomoro.nl\/?post_type=product&#038;p=4542"},"modified":"2025-01-13T07:21:46","modified_gmt":"2025-01-13T07:21:46","slug":"trouwpak-12","status":"publish","type":"product","link":"https:\/\/www.lomoro.nl\/de\/products\/trouwpak-12\/","title":{"rendered":"Sandfarbener Hochzeitsanzug"},"content":{"rendered":"<section id=\"shopify-section-template--23762923880771__rich_text_kx9yLB\" class=\"shopify-section section\">\n<div class=\"isolate\">\n<div class=\"rich-text content-container color-scheme-1 gradient rich-text--full-width content-container--full-width section-template--23762923880771__rich_text_kx9yLB-padding\">\n<div class=\"rich-text__wrapper rich-text__wrapper--left page-width\">\n<div class=\"rich-text__blocks left\">\n<div class=\"rich-text__text rte scroll-trigger animate--slide-in\" data-cascade=\"\">\n<p>Der sandfarbene Hochzeitsanzug von Lomoro vereint Eleganz mit einem modernen Touch und ist damit das perfekte Outfit f\u00fcr Br\u00e4utigame, die an ihrem besonderen Tag auffallen m\u00f6chten. Der sandige Beigeton passt zu verschiedenen Hochzeitsstilen, von Strandzeremonien bis hin zu Partys auf dem Land.<\/p>\n<p>Dieser Anzug wurde f\u00fcr den anspruchsvollen Br\u00e4utigam entworfen und kombiniert luxuri\u00f6se Stoffe mit handwerklichem K\u00f6nnen, um eine einwandfreie Passform und dauerhaften Komfort zu gew\u00e4hrleisten. Der vielseitige Sandton l\u00e4sst sich leicht mit Erdt\u00f6nen wie einer rostfarbenen Krawatte oder einem pastellfarbenen Hemd kombinieren, um einen einzigartigen und eleganten Look zu erzielen.<\/p>\n<p>Schaffen Sie wertvolle Erinnerungen an Ihren Hochzeitstag mit diesem wundersch\u00f6nen sandfarbenen Hochzeitsanzug, der Sie beeindrucken wird.<\/p>\n<table>\n<thead>\n<tr>\n<th>Merkmal<\/th>\n<th>Details<\/th>\n<\/tr>\n<\/thead>\n<tbody>\n<tr>\n<td>Material<\/td>\n<td>Hochwertige, atmungsaktive Stoffe<\/td>\n<\/tr>\n<tr>\n<td>Farbe<\/td>\n<td>Sandbeige<\/td>\n<\/tr>\n<tr>\n<td>Verf\u00fcgbare Gr\u00f6\u00dfen<\/td>\n<td>Bis Gr\u00f6\u00dfe 72<\/td>\n<\/tr>\n<tr>\n<td>Passform<\/td>\n<td>Ma\u00dfgeschneidert f\u00fcr perfekte Passform<\/td>\n<\/tr>\n<tr>\n<td>Stil<\/td>\n<td>Modern mit klassischen Elementen<\/td>\n<\/tr>\n<tr>\n<td>Pflegehinweise<\/td>\n<td>Professionelle Reinigung empfohlen<\/td>\n<\/tr>\n<\/tbody>\n<\/table>\n<\/div>\n<\/div>\n<\/div>\n<\/div>\n<\/div>\n<\/section>\n","protected":false},"excerpt":{"rendered":"<div class=\"product__tax caption rte\">Der sandfarbene Hochzeitsanzug ist die ultimative Wahl f\u00fcr Br\u00e4utigame, die f\u00fcr ihren gro\u00dfen Tag einen warmen, raffinierten und eleganten Look suchen. Aus hochwertigen Materialien und mit viel Liebe zum Detail gefertigt, bietet dieser Anzug eine perfekte Mischung aus Komfort und Stil und sorgt f\u00fcr einen zeitlosen Look. Der \u201eSand-Hochzeitsanzug\u201c verf\u00fcgt \u00fcber ein raffiniertes dreiteiliges Design in einem edlen Sand-Beige-Ton, ideal f\u00fcr moderne und rustikale Hochzeitsthemen. Die einreihige Jacke ist f\u00fcr zus\u00e4tzlichen Komfort mit zwei Kn\u00f6pfen, einem fallenden Revers und einem engen R\u00fcckenschlitz verziert. Der passende Cardigan mit sechs Kn\u00f6pfen und geradem Saum erg\u00e4nzt die Jacke. Die Hose mit flacher Vorderseite vervollst\u00e4ndigt das Ensemble mit einer eleganten, ma\u00dfgeschneiderten Silhouette, perfekt, um ein Statement zu setzen.<\/div>\n<div>\n<p><span style=\"font-weight: 400;\">\u2702\ufe0f Perfekte Passform, speziell f\u00fcr Dich gefertigt.<\/span><\/p>\n<p><span style=\"font-weight: 400;\">\ud83d\udc54 Individuelle Beratung f\u00fcr Ihren einzigartigen Look.<\/span><\/p>\n<p><span style=\"font-weight: 400;\">\ud83e\uddf5 Hochwertige Materialien f\u00fcr ultimativen Komfort.<\/span><\/p>\n<p><span style=\"font-weight: 400;\">\ud83c\udfa8 Stilvoll f\u00fcr jeden Anlass.<\/span><\/p>\n<p><span style=\"font-weight: 400;\">\ud83c\udf81 Genie\u00dfen Sie bei jedem Ladenbesuch ein kostenloses Geschenk!<\/span><\/p>\n<\/div>\n","protected":false},"featured_media":1684,"template":"","meta":{"_acf_changed":false},"product_brand":[],"product_cat":[154],"product_tag":[],"class_list":{"0":"post-4542","1":"product","2":"type-product","3":"status-publish","4":"has-post-thumbnail","6":"product_cat-trouwpak-voor-mannen","8":"first","9":"instock","10":"sale","11":"shipping-taxable","12":"purchasable","13":"product-type-simple"},"acf":[],"_links":{"self":[{"href":"https:\/\/www.lomoro.nl\/de\/wp-json\/wp\/v2\/product\/4542","targetHints":{"allow":["GET"]}}],"collection":[{"href":"https:\/\/www.lomoro.nl\/de\/wp-json\/wp\/v2\/product"}],"about":[{"href":"https:\/\/www.lomoro.nl\/de\/wp-json\/wp\/v2\/types\/product"}],"wp:featuredmedia":[{"embeddable":true,"href":"https:\/\/www.lomoro.nl\/de\/wp-json\/wp\/v2\/media\/1684"}],"wp:attachment":[{"href":"https:\/\/www.lomoro.nl\/de\/wp-json\/wp\/v2\/media?parent=4542"}],"wp:term":[{"taxonomy":"product_brand","embeddable":true,"href":"https:\/\/www.lomoro.nl\/de\/wp-json\/wp\/v2\/product_brand?post=4542"},{"taxonomy":"product_cat","embeddable":true,"href":"https:\/\/www.lomoro.nl\/de\/wp-json\/wp\/v2\/product_cat?post=4542"},{"taxonomy":"product_tag","embeddable":true,"href":"https:\/\/www.lomoro.nl\/de\/wp-json\/wp\/v2\/product_tag?post=4542"}],"curies":[{"name":"wp","href":"https:\/\/api.w.org\/{rel}","templated":true}]}}