{"id":4545,"date":"2024-12-07T09:04:53","date_gmt":"2024-12-07T09:04:53","guid":{"rendered":"https:\/\/lomoro.nl\/?post_type=product&#038;p=4545"},"modified":"2025-01-13T07:29:05","modified_gmt":"2025-01-13T07:29:05","slug":"trouwpak-7","status":"publish","type":"product","link":"https:\/\/www.lomoro.nl\/de\/products\/trouwpak-7\/","title":{"rendered":"Zwart Trouwpak"},"content":{"rendered":"<section id=\"shopify-section-template--23762923880771__rich_text_kx9yLB\" class=\"shopify-section section\">\n<div class=\"isolate\">\n<div class=\"rich-text content-container color-scheme-1 gradient rich-text--full-width content-container--full-width section-template--23762923880771__rich_text_kx9yLB-padding\">\n<div class=\"rich-text__wrapper rich-text__wrapper--left page-width\">\n<div class=\"rich-text__blocks left\">\n<div class=\"rich-text__text rte scroll-trigger animate--slide-in\" data-cascade=\"\">\n<p>Der schwarze Hochzeitsanzug von Lomoro ist die ultimative Wahl f\u00fcr Br\u00e4utigame, die einen eleganten, unverwechselbaren Auftritt suchen. Mit seinem zeitlosen schwarzen Farbton und dem modernen Design eignet sich dieser Anzug f\u00fcr eine Reihe von Hochzeitsstilen, von gro\u00dfen Zeremonien bis hin zu intimen Zusammenk\u00fcnften. Dieser pr\u00e4zise geschneiderte Anzug kombiniert luxuri\u00f6se Stoffe und erstklassige Handwerkskunst f\u00fcr unvergleichlichen Komfort und Stil. Der vielseitige schwarze Farbton bietet endlose Styling-Optionen, wie zum Beispiel die Kombination mit einem strahlend wei\u00dfen Hemd, einer Fliege oder farbenfrohen Accessoires, um Ihre Pers\u00f6nlichkeit zum Ausdruck zu bringen. Machen Sie Ihren Hochzeitstag unvergesslich mit diesem wundersch\u00f6nen schwarzen Hochzeitsanzug, der einen bleibenden Eindruck hinterlassen wird.<\/p>\n<table>\n<thead>\n<tr>\n<th>Merkmal<\/th>\n<th>Details<\/th>\n<\/tr>\n<\/thead>\n<tbody>\n<tr>\n<td>Material<\/td>\n<td>Luxuri\u00f6se, atmungsaktive Stoffe<\/td>\n<\/tr>\n<tr>\n<td>Farbe<\/td>\n<td>Klassisches Schwarz<\/td>\n<\/tr>\n<tr>\n<td>Verf\u00fcgbare Gr\u00f6\u00dfen<\/td>\n<td>Bis Gr\u00f6\u00dfe 72<\/td>\n<\/tr>\n<tr>\n<td>Passform<\/td>\n<td>Ma\u00dfgeschneidert f\u00fcr Perfektion<\/td>\n<\/tr>\n<tr>\n<td>Stil<\/td>\n<td>Modern mit zeitloser Eleganz<\/td>\n<\/tr>\n<tr>\n<td>Pflegehinweise<\/td>\n<td>Professionelle chemische Reinigung empfohlen<\/td>\n<\/tr>\n<\/tbody>\n<\/table>\n<\/div>\n<\/div>\n<\/div>\n<\/div>\n<\/div>\n<\/section>\n","protected":false},"excerpt":{"rendered":"<p>Der schwarze Hochzeitsanzug ist der Inbegriff zeitloser Eleganz und Raffinesse und sorgt daf\u00fcr, dass jeder Br\u00e4utigam an seinem besonderen Tag au\u00dfergew\u00f6hnlich aussieht. Dieser aus hochwertigen Materialien und mit viel Liebe zum Detail gefertigte Anzug bietet eine tadellose Passform und einen eleganten, modernen Stil, der sich perfekt f\u00fcr jeden formellen Anlass eignet. Dieser \u201eschwarze Hochzeitsanzug\u201c besteht aus einem dreiteiligen Ensemble mit einem klassischen Schwarzton, der Selbstbewusstsein und Anmut ausstrahlt. Die einreihige Jacke hat zwei Kn\u00f6pfe, ein fallendes Revers und einen R\u00fcckenschlitz f\u00fcr zus\u00e4tzlichen Komfort. Die passende Weste verleiht mit ihrem Sechs-Knopf-Design einen Hauch von Formalit\u00e4t, w\u00e4hrend die Hose mit flacher Vorderseite das Outfit mit einem ma\u00dfgeschneiderten, stromlinienf\u00f6rmigen Look abrundet, der ein mutiges Statement setzt.<\/p>\n<p>\u2702\ufe0f Perfekte Passform, speziell f\u00fcr Dich gefertigt.<br \/>\n\ud83d\udc54 Individuelle Beratung f\u00fcr Ihren einzigartigen Look.<br \/>\n\ud83e\uddf5 Hochwertige Materialien f\u00fcr ultimativen Komfort.<br \/>\n\ud83c\udfa8 Stilvoll f\u00fcr jeden Anlass.<br \/>\n\ud83c\udf81 Genie\u00dfen Sie bei jedem Ladenbesuch ein kostenloses Geschenk!<\/p>\n","protected":false},"featured_media":1666,"template":"","meta":{"_acf_changed":false},"product_brand":[],"product_cat":[154],"product_tag":[],"class_list":{"0":"post-4545","1":"product","2":"type-product","3":"status-publish","4":"has-post-thumbnail","6":"product_cat-trouwpak-voor-mannen","8":"first","9":"instock","10":"sale","11":"shipping-taxable","12":"purchasable","13":"product-type-simple"},"acf":[],"_links":{"self":[{"href":"https:\/\/www.lomoro.nl\/de\/wp-json\/wp\/v2\/product\/4545","targetHints":{"allow":["GET"]}}],"collection":[{"href":"https:\/\/www.lomoro.nl\/de\/wp-json\/wp\/v2\/product"}],"about":[{"href":"https:\/\/www.lomoro.nl\/de\/wp-json\/wp\/v2\/types\/product"}],"wp:featuredmedia":[{"embeddable":true,"href":"https:\/\/www.lomoro.nl\/de\/wp-json\/wp\/v2\/media\/1666"}],"wp:attachment":[{"href":"https:\/\/www.lomoro.nl\/de\/wp-json\/wp\/v2\/media?parent=4545"}],"wp:term":[{"taxonomy":"product_brand","embeddable":true,"href":"https:\/\/www.lomoro.nl\/de\/wp-json\/wp\/v2\/product_brand?post=4545"},{"taxonomy":"product_cat","embeddable":true,"href":"https:\/\/www.lomoro.nl\/de\/wp-json\/wp\/v2\/product_cat?post=4545"},{"taxonomy":"product_tag","embeddable":true,"href":"https:\/\/www.lomoro.nl\/de\/wp-json\/wp\/v2\/product_tag?post=4545"}],"curies":[{"name":"wp","href":"https:\/\/api.w.org\/{rel}","templated":true}]}}