{"id":4564,"date":"2024-12-17T08:24:25","date_gmt":"2024-12-17T08:24:25","guid":{"rendered":"https:\/\/lomoro.nl\/?post_type=product&#038;p=4564"},"modified":"2025-01-07T10:56:08","modified_gmt":"2025-01-07T10:56:08","slug":"jasje-1","status":"publish","type":"product","link":"https:\/\/www.lomoro.nl\/de\/products\/jasje-1\/","title":{"rendered":"Graue Wolljacke"},"content":{"rendered":"<p>Die graue Wolljacke ist die perfekte Wahl f\u00fcr einen raffinierten und zeitlosen Look. Diese aus hochwertiger Wolle gefertigte Jacke bietet nicht nur einen stilvollen Look, sondern auch Komfort und Atmungsaktivit\u00e4t. Durch die neutrale graue Farbe l\u00e4sst es sich leicht mit anderer Kleidung kombinieren und eignet sich daher sowohl f\u00fcr Business- als auch f\u00fcr Freizeitoutfits. Egal, ob Sie sie zu einem wichtigen Meeting oder zum Ausgehen tragen, diese Jacke wird mit Sicherheit ein Statement setzen.<\/p>\n<p>Das Design der grauen Wolljacke ist modern und stilvoll, mit einer schmalen Passform, die Schultern und Taille betont und f\u00fcr einen klaren Look sorgt. Es eignet sich perfekt f\u00fcr alle Anl\u00e4sse, von formellen Meetings bis hin zu ungezwungenen Ausfl\u00fcgen, und bietet eine ideale Mischung aus Funktionalit\u00e4t und Stil. Hochwertige Wolle sorgt f\u00fcr W\u00e4rme und Atmungsaktivit\u00e4t und macht die Jacke das ganze Jahr \u00fcber tragbar.<\/p>\n<table>\n<thead>\n<tr>\n<th><strong>Merkmal<\/strong><\/th>\n<th><strong>Details<\/strong><\/th>\n<\/tr>\n<\/thead>\n<tbody>\n<tr>\n<td>Material<\/td>\n<td>Premium Wolle<\/td>\n<\/tr>\n<tr>\n<td>Farbe<\/td>\n<td>Grau<\/td>\n<\/tr>\n<tr>\n<td>Verf\u00fcgbare Gr\u00f6\u00dfen<\/td>\n<td>Bis Gr\u00f6\u00dfe 72<\/td>\n<\/tr>\n<tr>\n<td>Passform<\/td>\n<td>Slim Fit f\u00fcr einen modernen Look<\/td>\n<\/tr>\n<tr>\n<td>Waschanleitung<\/td>\n<td>Professionelle chemische Reinigung erforderlich<\/td>\n<\/tr>\n<\/tbody>\n<\/table>\n<p>&nbsp;<\/p>\n","protected":false},"excerpt":{"rendered":"<p>Die graue Wolljacke bietet die perfekte Balance zwischen Stil und Komfort und ist aus hochwertiger Wolle f\u00fcr einen luxuri\u00f6sen Look gefertigt. Sein vielseitiges Design eignet sich sowohl f\u00fcr gesch\u00e4ftliche als auch f\u00fcr ungezwungene Anl\u00e4sse. Diese Jacke ist ein Must-Have f\u00fcr jede Garderobe und hat eine stilvolle graue Farbe, die sich leicht mit einer Vielzahl von Outfits kombinieren l\u00e4sst. Es bietet sowohl W\u00e4rme als auch Atmungsaktivit\u00e4t, sodass Sie es das ganze Jahr \u00fcber tragen k\u00f6nnen.<\/p>\n<p><span style=\"font-weight: 400;\">\u2702\ufe0f Perfekte Passform, speziell f\u00fcr Dich gefertigt.<\/span><\/p>\n<p><span style=\"font-weight: 400;\">\ud83d\udc54 Individuelle Beratung f\u00fcr Ihren einzigartigen Look.<\/span><\/p>\n<p><span style=\"font-weight: 400;\">\ud83e\uddf5 Hochwertige Materialien f\u00fcr ultimativen Komfort.<\/span><\/p>\n<p><span style=\"font-weight: 400;\">\ud83c\udfa8 Stilvoll f\u00fcr jeden Anlass.<\/span><\/p>\n<p><span style=\"font-weight: 400;\">\ud83c\udf81 Genie\u00dfen Sie bei jedem Ladenbesuch ein kostenloses Geschenk!<\/span><\/p>\n","protected":false},"featured_media":2746,"template":"","meta":{"_acf_changed":false},"product_brand":[],"product_cat":[135],"product_tag":[],"class_list":{"0":"post-4564","1":"product","2":"type-product","3":"status-publish","4":"has-post-thumbnail","6":"product_cat-jassen","8":"first","9":"instock","10":"sale","11":"shipping-taxable","12":"purchasable","13":"product-type-simple"},"acf":[],"_links":{"self":[{"href":"https:\/\/www.lomoro.nl\/de\/wp-json\/wp\/v2\/product\/4564","targetHints":{"allow":["GET"]}}],"collection":[{"href":"https:\/\/www.lomoro.nl\/de\/wp-json\/wp\/v2\/product"}],"about":[{"href":"https:\/\/www.lomoro.nl\/de\/wp-json\/wp\/v2\/types\/product"}],"wp:featuredmedia":[{"embeddable":true,"href":"https:\/\/www.lomoro.nl\/de\/wp-json\/wp\/v2\/media\/2746"}],"wp:attachment":[{"href":"https:\/\/www.lomoro.nl\/de\/wp-json\/wp\/v2\/media?parent=4564"}],"wp:term":[{"taxonomy":"product_brand","embeddable":true,"href":"https:\/\/www.lomoro.nl\/de\/wp-json\/wp\/v2\/product_brand?post=4564"},{"taxonomy":"product_cat","embeddable":true,"href":"https:\/\/www.lomoro.nl\/de\/wp-json\/wp\/v2\/product_cat?post=4564"},{"taxonomy":"product_tag","embeddable":true,"href":"https:\/\/www.lomoro.nl\/de\/wp-json\/wp\/v2\/product_tag?post=4564"}],"curies":[{"name":"wp","href":"https:\/\/api.w.org\/{rel}","templated":true}]}}