{"id":4568,"date":"2024-12-17T08:27:33","date_gmt":"2024-12-17T08:27:33","guid":{"rendered":"https:\/\/lomoro.nl\/?post_type=product&#038;p=4568"},"modified":"2025-01-07T11:17:22","modified_gmt":"2025-01-07T11:17:22","slug":"jasje-2","status":"publish","type":"product","link":"https:\/\/www.lomoro.nl\/de\/products\/jasje-2\/","title":{"rendered":"Kameljacke mit Stehkragen"},"content":{"rendered":"<p>Die Camel Jacket Full Collar ist die perfekte Kombination aus Stil und Komfort. Die Jacke ist mit einem durchgehenden Kragen ausgestattet, der zus\u00e4tzlichen K\u00e4lteschutz bietet, ohne auf den stilvollen Look zu verzichten. Die satte Kamelfarbe ist eine zeitlose Wahl, die sowohl zu gesch\u00e4ftlichen als auch zu Freizeitumgebungen passt. Ganz gleich, ob Sie sie zu einem formellen Anlass oder einem informellen Ausflug tragen, diese Jacke rundet Ihren Look ab.<\/p>\n<p>Diese aus hochwertigen Materialien gefertigte Jacke bietet nicht nur einen edlen Look, sondern auch ein hohes Ma\u00df an Komfort und Haltbarkeit. Der ger\u00e4umige, lockere Kragen sorgt f\u00fcr zus\u00e4tzliche W\u00e4rme und einen eleganten Look, w\u00e4hrend die schmale Passform f\u00fcr einen stromlinienf\u00f6rmigen Look sorgt. Diese vielseitige Jacke ist ein Muss f\u00fcr jede stilvolle Garderobe und eignet sich f\u00fcr&#8230;<\/p>\n<table>\n<thead>\n<tr>\n<th><strong>Merkmal<\/strong><\/th>\n<th><strong>Details<\/strong><\/th>\n<\/tr>\n<\/thead>\n<tbody>\n<tr>\n<td>Material<\/td>\n<td>Hochwertige Mischstoffe<\/td>\n<\/tr>\n<tr>\n<td>Farbe<\/td>\n<td>Kamel<\/td>\n<\/tr>\n<tr>\n<td>Verf\u00fcgbare Gr\u00f6\u00dfen<\/td>\n<td>Bis Gr\u00f6\u00dfe 72<\/td>\n<\/tr>\n<tr>\n<td>Passform<\/td>\n<td>Slim Fit f\u00fcr einen modernen Look<\/td>\n<\/tr>\n<tr>\n<td>Waschanleitung<\/td>\n<td>Professionelle chemische Reinigung<\/td>\n<\/tr>\n<\/tbody>\n<\/table>\n<p>&nbsp;<\/p>\n","protected":false},"excerpt":{"rendered":"<div class=\"product__tax caption rte\">Die Camel Jacket Full Collar ist eine stilvolle und zeitlose Wahl f\u00fcr jeden Anlass. Luxuri\u00f6ses Design mit vollem Kragen sorgt f\u00fcr zus\u00e4tzliche W\u00e4rme und Stil. Diese aus hochwertigen Materialien gefertigte Jacke ist sowohl elegant als auch funktional. Die satte Kamelfarbe und das moderne Design machen es zu einem vielseitigen Kleidungsst\u00fcck f\u00fcr formelle und l\u00e4ssige Ausfl\u00fcge.<\/div>\n","protected":false},"featured_media":2749,"template":"","meta":{"_acf_changed":false},"product_brand":[],"product_cat":[135],"product_tag":[],"class_list":{"0":"post-4568","1":"product","2":"type-product","3":"status-publish","4":"has-post-thumbnail","6":"product_cat-jassen","8":"first","9":"instock","10":"sale","11":"shipping-taxable","12":"purchasable","13":"product-type-simple"},"acf":[],"_links":{"self":[{"href":"https:\/\/www.lomoro.nl\/de\/wp-json\/wp\/v2\/product\/4568","targetHints":{"allow":["GET"]}}],"collection":[{"href":"https:\/\/www.lomoro.nl\/de\/wp-json\/wp\/v2\/product"}],"about":[{"href":"https:\/\/www.lomoro.nl\/de\/wp-json\/wp\/v2\/types\/product"}],"wp:featuredmedia":[{"embeddable":true,"href":"https:\/\/www.lomoro.nl\/de\/wp-json\/wp\/v2\/media\/2749"}],"wp:attachment":[{"href":"https:\/\/www.lomoro.nl\/de\/wp-json\/wp\/v2\/media?parent=4568"}],"wp:term":[{"taxonomy":"product_brand","embeddable":true,"href":"https:\/\/www.lomoro.nl\/de\/wp-json\/wp\/v2\/product_brand?post=4568"},{"taxonomy":"product_cat","embeddable":true,"href":"https:\/\/www.lomoro.nl\/de\/wp-json\/wp\/v2\/product_cat?post=4568"},{"taxonomy":"product_tag","embeddable":true,"href":"https:\/\/www.lomoro.nl\/de\/wp-json\/wp\/v2\/product_tag?post=4568"}],"curies":[{"name":"wp","href":"https:\/\/api.w.org\/{rel}","templated":true}]}}