{"id":4572,"date":"2024-12-17T08:31:59","date_gmt":"2024-12-17T08:31:59","guid":{"rendered":"https:\/\/lomoro.nl\/?post_type=product&#038;p=4572"},"modified":"2025-01-07T11:39:48","modified_gmt":"2025-01-07T11:39:48","slug":"jasje-3","status":"publish","type":"product","link":"https:\/\/www.lomoro.nl\/de\/products\/jasje-3\/","title":{"rendered":"Graue Jacke mit Stehkragen"},"content":{"rendered":"<p>Die graue Stehkragenjacke ist in jeder Hinsicht ein Statement. Das Stehkragen-Design bietet einen schicken und modernen Look, ideal f\u00fcr gesch\u00e4ftliche und Freizeitanl\u00e4sse. Die graue Farbe ist zeitlos und l\u00e4sst sich leicht mit einer Vielzahl von Outfits kombinieren, was diese Jacke zu einer vielseitigen Wahl f\u00fcr jeden Mann macht, der seinen Stil aufwerten m\u00f6chte. Ganz gleich, ob Sie sie zu einer formellen Veranstaltung oder einem Freizeitausflug tragen, diese Jacke wird Ihren Look aufwerten.<\/p>\n<p>Diese aus hochwertigen Materialien gefertigte Jacke bietet nicht nur einen edlen Look, sondern auch langanhaltenden Komfort. Der Stehkragen verleiht dem Design eine moderne Note, w\u00e4hrend der hochwertige Stoff f\u00fcr Atmungsaktivit\u00e4t und eine perfekte Passform sorgt. Diese Jacke kann das ganze Jahr \u00fcber getragen werden und ist daher ein Grundbestandteil der Garderobe.<\/p>\n<table>\n<thead>\n<tr>\n<th><strong>Kenmerk<\/strong><\/th>\n<th><strong>Details<\/strong><\/th>\n<\/tr>\n<\/thead>\n<tbody>\n<tr>\n<td>Material<\/td>\n<td>Premium-Mischgewebe<\/td>\n<\/tr>\n<tr>\n<td>Farbe<\/td>\n<td>Grau<\/td>\n<\/tr>\n<tr>\n<td>Verf\u00fcgbare Gr\u00f6\u00dfen<\/td>\n<td>Bis Gr\u00f6\u00dfe 72<\/td>\n<\/tr>\n<tr>\n<td>Passform<\/td>\n<td>Slim Fit f\u00fcr einen modernen Look<\/td>\n<\/tr>\n<tr>\n<td>Waschhinweise<\/td>\n<td>Professionelle chemische Reinigung<\/td>\n<\/tr>\n<\/tbody>\n<\/table>\n","protected":false},"excerpt":{"rendered":"<div class=\"product__tax caption rte\">Die graue Stehkragenjacke ist die perfekte Balance aus modernem Stil und klassischer Eleganz. Das Stehkragen-Design sorgt f\u00fcr einen raffinierten Look und verleiht Ihrem Look zus\u00e4tzliche Dimension. Diese Jacke in einem eleganten Grauton ist vielseitig einsetzbar und eignet sich sowohl f\u00fcr formelle als auch f\u00fcr ungezwungene Anl\u00e4sse. Es bietet nicht nur Stil, sondern auch Komfort durch die Verwendung hochwertiger Materialien.<\/div>\n<div>\n<p><span style=\"font-weight: 400;\">\u2702\ufe0f Perfekte Passform, speziell f\u00fcr Dich gefertigt.<\/span><\/p>\n<p><span style=\"font-weight: 400;\">\ud83d\udc54 Individuelle Beratung f\u00fcr Ihren einzigartigen Look.<\/span><\/p>\n<p><span style=\"font-weight: 400;\">\ud83e\uddf5 Hochwertige Materialien f\u00fcr ultimativen Komfort.<\/span><\/p>\n<p><span style=\"font-weight: 400;\">\ud83c\udfa8 Stilvoll f\u00fcr jeden Anlass.<\/span><\/p>\n<p><span style=\"font-weight: 400;\">\ud83c\udf81 Genie\u00dfen Sie bei jedem Ladenbesuch ein kostenloses Geschenk!<\/span><\/p>\n<\/div>\n","protected":false},"featured_media":2752,"template":"","meta":{"_acf_changed":false},"product_brand":[],"product_cat":[135],"product_tag":[],"class_list":{"0":"post-4572","1":"product","2":"type-product","3":"status-publish","4":"has-post-thumbnail","6":"product_cat-jassen","8":"first","9":"instock","10":"sale","11":"shipping-taxable","12":"purchasable","13":"product-type-simple"},"acf":[],"_links":{"self":[{"href":"https:\/\/www.lomoro.nl\/de\/wp-json\/wp\/v2\/product\/4572","targetHints":{"allow":["GET"]}}],"collection":[{"href":"https:\/\/www.lomoro.nl\/de\/wp-json\/wp\/v2\/product"}],"about":[{"href":"https:\/\/www.lomoro.nl\/de\/wp-json\/wp\/v2\/types\/product"}],"wp:featuredmedia":[{"embeddable":true,"href":"https:\/\/www.lomoro.nl\/de\/wp-json\/wp\/v2\/media\/2752"}],"wp:attachment":[{"href":"https:\/\/www.lomoro.nl\/de\/wp-json\/wp\/v2\/media?parent=4572"}],"wp:term":[{"taxonomy":"product_brand","embeddable":true,"href":"https:\/\/www.lomoro.nl\/de\/wp-json\/wp\/v2\/product_brand?post=4572"},{"taxonomy":"product_cat","embeddable":true,"href":"https:\/\/www.lomoro.nl\/de\/wp-json\/wp\/v2\/product_cat?post=4572"},{"taxonomy":"product_tag","embeddable":true,"href":"https:\/\/www.lomoro.nl\/de\/wp-json\/wp\/v2\/product_tag?post=4572"}],"curies":[{"name":"wp","href":"https:\/\/api.w.org\/{rel}","templated":true}]}}