{"id":4576,"date":"2024-12-17T08:50:12","date_gmt":"2024-12-17T08:50:12","guid":{"rendered":"https:\/\/lomoro.nl\/?post_type=product&#038;p=4576"},"modified":"2025-01-07T12:12:32","modified_gmt":"2025-01-07T12:12:32","slug":"jasje-4","status":"publish","type":"product","link":"https:\/\/www.lomoro.nl\/de\/products\/jasje-4\/","title":{"rendered":"Jacken mit Kamelpelzkragen"},"content":{"rendered":"<section id=\"shopify-section-template--23762923880771__rich_text_kx9yLB\" class=\"shopify-section section\">\n<div class=\"isolate\">\n<div class=\"rich-text content-container color-scheme-1 gradient rich-text--full-width content-container--full-width section-template--23762923880771__rich_text_kx9yLB-padding\">\n<div class=\"rich-text__wrapper rich-text__wrapper--left page-width\">\n<div class=\"rich-text__blocks left\">\n<div class=\"rich-text__text rte scroll-trigger animate--slide-in\" data-cascade=\"\">Die Kamelpelzkragenjacke ist ein Meisterwerk an Stil und Komfort. Der weiche Pelzkragen sorgt f\u00fcr einen zus\u00e4tzlichen Hauch von Luxus, w\u00e4hrend die warme Kamelfarbe eine raffinierte und vielseitige Wahl bietet. Diese Jacke soll Sie in den k\u00e4lteren Monaten warm und modisch halten und ist somit ein unverzichtbarer Bestandteil Ihrer Garderobe. Perfekt f\u00fcr ein formelles Abendessen oder einen entspannten Winterausflug. Diese aus hochwertigen Materialien gefertigte Jacke bietet eine Kombination aus Haltbarkeit und Stil. Die schmale Passform sorgt f\u00fcr einen modernen, cleanen Look, w\u00e4hrend der Pelzkragen nicht nur f\u00fcr W\u00e4rme sorgt, sondern auch einen Hauch von Eleganz verleiht. Diese Jacke ist die perfekte Mischung aus Funktionalit\u00e4t und Raffinesse und wurde entwickelt, um Ihr Outfit m\u00fchelos aufzuwerten.<\/p>\n<table>\n<thead>\n<tr>\n<th><strong>Kenmerk<\/strong><\/th>\n<th><strong>Details<\/strong><\/th>\n<\/tr>\n<\/thead>\n<tbody>\n<tr>\n<td><strong>Materiaal<\/strong><\/td>\n<td>Luxus Wollmischung mit synthetischem Pelzkragen<\/td>\n<\/tr>\n<tr>\n<td><strong>Kleur<\/strong><\/td>\n<td>Kamel<\/td>\n<\/tr>\n<tr>\n<td><strong>Beschikbare maten<\/strong><\/td>\n<td>Bis Gr\u00f6\u00dfe 72<\/td>\n<\/tr>\n<tr>\n<td><strong>Pasvorm<\/strong><\/td>\n<td>Slim Fit f\u00fcr einen modernen Look<\/td>\n<\/tr>\n<tr>\n<td><strong>Wasinstructies<\/strong><\/td>\n<td>Professionelle chemische Reinigung<\/td>\n<\/tr>\n<\/tbody>\n<\/table>\n<\/div>\n<\/div>\n<\/div>\n<\/div>\n<\/div>\n<\/section>\n","protected":false},"excerpt":{"rendered":"<div class=\"product__tax caption rte\">Die Jacke mit Kamelpelzkragen bietet mit ihrer warmen Kamelfarbe und dem weichen Pelzkragen einen luxuri\u00f6sen und eleganten Look. Diese Jacke vereint Komfort und Raffinesse, perfekt f\u00fcr die k\u00e4lteren Jahreszeiten. Mit ihrer stilvollen Passform und der hochwertigen Verarbeitung ist diese Jacke eine gro\u00dfartige Wahl f\u00fcr alle, die Funktionalit\u00e4t suchen, ohne Kompromisse beim Stil einzugehen. Ideal f\u00fcr formelle und ungezwungene Anl\u00e4sse.<\/div>\n<div>\n<p><span style=\"font-weight: 400;\">\u2702\ufe0f Perfekte Passform, speziell f\u00fcr Dich gefertigt.<\/span><\/p>\n<p><span style=\"font-weight: 400;\">\ud83d\udc54 Individuelle Beratung f\u00fcr Ihren einzigartigen Look.<\/span><\/p>\n<p><span style=\"font-weight: 400;\">\ud83e\uddf5 Hochwertige Materialien f\u00fcr ultimativen Komfort.<\/span><\/p>\n<p><span style=\"font-weight: 400;\">\ud83c\udfa8 Stilvoll f\u00fcr jeden Anlass.<\/span><\/p>\n<p><span style=\"font-weight: 400;\">\ud83c\udf81 Genie\u00dfen Sie bei jedem Ladenbesuch ein kostenloses Geschenk!<\/span><\/p>\n<\/div>\n","protected":false},"featured_media":2755,"template":"","meta":{"_acf_changed":false},"product_brand":[],"product_cat":[135],"product_tag":[],"class_list":{"0":"post-4576","1":"product","2":"type-product","3":"status-publish","4":"has-post-thumbnail","6":"product_cat-jassen","8":"first","9":"instock","10":"sale","11":"shipping-taxable","12":"purchasable","13":"product-type-simple"},"acf":[],"_links":{"self":[{"href":"https:\/\/www.lomoro.nl\/de\/wp-json\/wp\/v2\/product\/4576","targetHints":{"allow":["GET"]}}],"collection":[{"href":"https:\/\/www.lomoro.nl\/de\/wp-json\/wp\/v2\/product"}],"about":[{"href":"https:\/\/www.lomoro.nl\/de\/wp-json\/wp\/v2\/types\/product"}],"wp:featuredmedia":[{"embeddable":true,"href":"https:\/\/www.lomoro.nl\/de\/wp-json\/wp\/v2\/media\/2755"}],"wp:attachment":[{"href":"https:\/\/www.lomoro.nl\/de\/wp-json\/wp\/v2\/media?parent=4576"}],"wp:term":[{"taxonomy":"product_brand","embeddable":true,"href":"https:\/\/www.lomoro.nl\/de\/wp-json\/wp\/v2\/product_brand?post=4576"},{"taxonomy":"product_cat","embeddable":true,"href":"https:\/\/www.lomoro.nl\/de\/wp-json\/wp\/v2\/product_cat?post=4576"},{"taxonomy":"product_tag","embeddable":true,"href":"https:\/\/www.lomoro.nl\/de\/wp-json\/wp\/v2\/product_tag?post=4576"}],"curies":[{"name":"wp","href":"https:\/\/api.w.org\/{rel}","templated":true}]}}