{"id":4583,"date":"2024-12-17T08:55:02","date_gmt":"2024-12-17T08:55:02","guid":{"rendered":"https:\/\/lomoro.nl\/?post_type=product&#038;p=4583"},"modified":"2025-01-07T13:11:17","modified_gmt":"2025-01-07T13:11:17","slug":"jasje-6","status":"publish","type":"product","link":"https:\/\/www.lomoro.nl\/de\/products\/jasje-6\/","title":{"rendered":"Luxuri\u00f6se beige Jacke mit Pelzkragen"},"content":{"rendered":"<p>Die luxuri\u00f6se beige Jacke mit Pelzkragen ist ein zeitloses St\u00fcck, das Stil und Funktionalit\u00e4t m\u00fchelos vereint. Diese Jacke besteht aus hochwertigen Materialien und verf\u00fcgt \u00fcber einen weichen, luxuri\u00f6sen Pelzkragen. Sie ist die ideale Wahl f\u00fcr den modernen Mann. Der schlichte Beigeton strahlt Klasse aus und l\u00e4sst sich leicht mit verschiedenen Looks kombinieren.<\/p>\n<p>Diese Jacke ist auf Komfort und Haltbarkeit ausgelegt und bietet eine hervorragende Passform, die zu einer Vielzahl von K\u00f6rpertypen passt. Egal, ob Sie einen Tag lang ausgehen oder an einem formellen Anlass teilnehmen, diese Jacke wertet Ihren Stil auf und h\u00e4lt Sie in der k\u00e4lteren Jahreszeit warm.<\/p>\n<table>\n<thead>\n<tr>\n<th><strong>Kenmerk<\/strong><\/th>\n<th><strong>Details<\/strong><\/th>\n<\/tr>\n<\/thead>\n<tbody>\n<tr>\n<td><strong>Materiaal<\/strong><\/td>\n<td>Premium Wollmischung mit Pelzkragen<\/td>\n<\/tr>\n<tr>\n<td><strong>Kleur<\/strong><\/td>\n<td>Beige<\/td>\n<\/tr>\n<tr>\n<td><strong>Beschikbare maten<\/strong><\/td>\n<td>Bis Gr\u00f6\u00dfe 72<\/td>\n<\/tr>\n<tr>\n<td><strong>Pasvorm<\/strong><\/td>\n<td>Regul\u00e4re Passform f\u00fcr optimalen Komfort<\/td>\n<\/tr>\n<tr>\n<td><strong>Wasinstructies<\/strong><\/td>\n<td>Dampfen empfohlen<\/td>\n<\/tr>\n<\/tbody>\n<\/table>\n<p>&nbsp;<\/p>\n","protected":false},"excerpt":{"rendered":"<div class=\"product__tax caption rte\">La veste beige de luxe avec col en fourrure est un choix raffin\u00e9 pour ceux qui souhaitent allier confort et style. Le col en fourrure douce ajoute une touche d&#8217;\u00e9l\u00e9gance, tandis que la couleur beige est suffisamment polyvalente pour s&#8217;agencer \u00e0 n&#8217;importe quelle tenue. Id\u00e9ale pour les journ\u00e9es froides, cette veste offre non seulement de la chaleur mais aussi un look luxueux. Parfait pour les occasions formelles et d\u00e9contract\u00e9es.<\/div>\n<div>\n<p><span style=\"font-weight: 400;\">\u2702\ufe0f Perfekte Passform, speziell f\u00fcr Dich gefertigt.<\/span><\/p>\n<p><span style=\"font-weight: 400;\">\ud83d\udc54 Individuelle Beratung f\u00fcr Ihren einzigartigen Look.<\/span><\/p>\n<p><span style=\"font-weight: 400;\">\ud83e\uddf5 Hochwertige Materialien f\u00fcr ultimativen Komfort.<\/span><\/p>\n<p><span style=\"font-weight: 400;\">\ud83c\udfa8 Stilvoll f\u00fcr jeden Anlass.<\/span><\/p>\n<p><span style=\"font-weight: 400;\">\ud83c\udf81 Genie\u00dfen Sie bei jedem Ladenbesuch ein kostenloses Geschenk!<\/span><\/p>\n<\/div>\n","protected":false},"featured_media":2761,"template":"","meta":{"_acf_changed":false},"product_brand":[],"product_cat":[135],"product_tag":[],"class_list":{"0":"post-4583","1":"product","2":"type-product","3":"status-publish","4":"has-post-thumbnail","6":"product_cat-jassen","8":"first","9":"instock","10":"sale","11":"shipping-taxable","12":"purchasable","13":"product-type-simple"},"acf":[],"_links":{"self":[{"href":"https:\/\/www.lomoro.nl\/de\/wp-json\/wp\/v2\/product\/4583","targetHints":{"allow":["GET"]}}],"collection":[{"href":"https:\/\/www.lomoro.nl\/de\/wp-json\/wp\/v2\/product"}],"about":[{"href":"https:\/\/www.lomoro.nl\/de\/wp-json\/wp\/v2\/types\/product"}],"wp:featuredmedia":[{"embeddable":true,"href":"https:\/\/www.lomoro.nl\/de\/wp-json\/wp\/v2\/media\/2761"}],"wp:attachment":[{"href":"https:\/\/www.lomoro.nl\/de\/wp-json\/wp\/v2\/media?parent=4583"}],"wp:term":[{"taxonomy":"product_brand","embeddable":true,"href":"https:\/\/www.lomoro.nl\/de\/wp-json\/wp\/v2\/product_brand?post=4583"},{"taxonomy":"product_cat","embeddable":true,"href":"https:\/\/www.lomoro.nl\/de\/wp-json\/wp\/v2\/product_cat?post=4583"},{"taxonomy":"product_tag","embeddable":true,"href":"https:\/\/www.lomoro.nl\/de\/wp-json\/wp\/v2\/product_tag?post=4583"}],"curies":[{"name":"wp","href":"https:\/\/api.w.org\/{rel}","templated":true}]}}