{"id":4586,"date":"2024-12-17T08:58:08","date_gmt":"2024-12-17T08:58:08","guid":{"rendered":"https:\/\/lomoro.nl\/?post_type=product&#038;p=4586"},"modified":"2025-01-07T14:02:37","modified_gmt":"2025-01-07T14:02:37","slug":"jasje-7","status":"publish","type":"product","link":"https:\/\/www.lomoro.nl\/de\/products\/jasje-7\/","title":{"rendered":"Schwarze Jacke mit pelzgef\u00fcttertem Kragen"},"content":{"rendered":"<p>La veste noire avec col doubl\u00e9 de fourrure est un choix \u00e9l\u00e9gant pour les hommes qui appr\u00e9cient le style et le confort. La doublure en fourrure douce offre une chaleur suppl\u00e9mentaire et un look luxueux, tandis que la couleur noire classique est polyvalente et intemporelle. Parfaite pour un usage quotidien ou des occasions sp\u00e9ciales, cette veste rehaussera n&#8217;importe quelle tenue.<\/p>\n<p>La conception de haute qualit\u00e9 offre un excellent ajustement et une excellente durabilit\u00e9. La finition pr\u00e9cise et l&#8217;utilisation de mat\u00e9riaux de qualit\u00e9 garantissent non seulement le style, mais aussi le confort. Que vous vous rendiez \u00e0 une r\u00e9union d&#8217;affaires ou \u00e0 une soir\u00e9e, cette veste vous fera toujours briller.<\/p>\n<table>\n<thead>\n<tr>\n<th><strong>Caract\u00e9ristique<\/strong><\/th>\n<th><strong>D\u00e9tails<\/strong><\/th>\n<\/tr>\n<\/thead>\n<tbody>\n<tr>\n<td><strong>Mat\u00e9riau<\/strong><\/td>\n<td>M\u00e9lange de laine de haute qualit\u00e9 avec doublure en fourrure<\/td>\n<\/tr>\n<tr>\n<td><strong>Couleur<\/strong><\/td>\n<td>Noir<\/td>\n<\/tr>\n<tr>\n<td><strong>Tailles Disponibles<\/strong><\/td>\n<td>Jusqu&#8217;\u00e0 la taille 72<\/td>\n<\/tr>\n<tr>\n<td><strong>Coupe<\/strong><\/td>\n<td>Coupe r\u00e9guli\u00e8re pour un confort optimal<\/td>\n<\/tr>\n<\/tbody>\n<\/table>\n<p>&nbsp;<\/p>\n","protected":false},"excerpt":{"rendered":"<div class=\"product__tax caption rte\">Die schwarze Jacke mit pelzgef\u00fcttertem Kragen ist die perfekte Mischung aus Luxus und Funktionalit\u00e4t. Mit einer eleganten schwarzen Farbe und einem weichen Pelzkragen bietet diese Jacke ultimative W\u00e4rme und Stil. Ideal f\u00fcr kalte Tage, durch sein zeitloses Design eignet es sich f\u00fcr formelle und informelle Anl\u00e4sse. Werten Sie Ihre Garderobe mit diesem stilvollen und bequemen St\u00fcck auf.<\/div>\n<div>\n<p><span style=\"font-weight: 400;\">\u2702\ufe0f Perfekte Passform, speziell f\u00fcr Dich gefertigt.<\/span><\/p>\n<p><span style=\"font-weight: 400;\">\ud83d\udc54 Individuelle Beratung f\u00fcr Ihren einzigartigen Look.<\/span><\/p>\n<p><span style=\"font-weight: 400;\">\ud83e\uddf5 Hochwertige Materialien f\u00fcr ultimativen Komfort.<\/span><\/p>\n<p><span style=\"font-weight: 400;\">\ud83c\udfa8 Stilvoll f\u00fcr jeden Anlass.<\/span><\/p>\n<p><span style=\"font-weight: 400;\">\ud83c\udf81 Genie\u00dfen Sie bei jedem Ladenbesuch ein kostenloses Geschenk!<\/span><\/p>\n<\/div>\n","protected":false},"featured_media":2764,"template":"","meta":{"_acf_changed":false},"product_brand":[],"product_cat":[135],"product_tag":[],"class_list":{"0":"post-4586","1":"product","2":"type-product","3":"status-publish","4":"has-post-thumbnail","6":"product_cat-jassen","8":"first","9":"instock","10":"sale","11":"shipping-taxable","12":"purchasable","13":"product-type-simple"},"acf":[],"_links":{"self":[{"href":"https:\/\/www.lomoro.nl\/de\/wp-json\/wp\/v2\/product\/4586","targetHints":{"allow":["GET"]}}],"collection":[{"href":"https:\/\/www.lomoro.nl\/de\/wp-json\/wp\/v2\/product"}],"about":[{"href":"https:\/\/www.lomoro.nl\/de\/wp-json\/wp\/v2\/types\/product"}],"wp:featuredmedia":[{"embeddable":true,"href":"https:\/\/www.lomoro.nl\/de\/wp-json\/wp\/v2\/media\/2764"}],"wp:attachment":[{"href":"https:\/\/www.lomoro.nl\/de\/wp-json\/wp\/v2\/media?parent=4586"}],"wp:term":[{"taxonomy":"product_brand","embeddable":true,"href":"https:\/\/www.lomoro.nl\/de\/wp-json\/wp\/v2\/product_brand?post=4586"},{"taxonomy":"product_cat","embeddable":true,"href":"https:\/\/www.lomoro.nl\/de\/wp-json\/wp\/v2\/product_cat?post=4586"},{"taxonomy":"product_tag","embeddable":true,"href":"https:\/\/www.lomoro.nl\/de\/wp-json\/wp\/v2\/product_tag?post=4586"}],"curies":[{"name":"wp","href":"https:\/\/api.w.org\/{rel}","templated":true}]}}