{"id":4590,"date":"2024-12-17T09:00:15","date_gmt":"2024-12-17T09:00:15","guid":{"rendered":"https:\/\/lomoro.nl\/?post_type=product&#038;p=4590"},"modified":"2025-01-07T15:03:05","modified_gmt":"2025-01-07T15:03:05","slug":"jasje-8","status":"publish","type":"product","link":"https:\/\/www.lomoro.nl\/de\/products\/jasje-8\/","title":{"rendered":"Pelzgef\u00fcttertes Kamel"},"content":{"rendered":"<p>Die pelzgef\u00fctterte Kameljacke vereint Stil und Funktionalit\u00e4t. Das warme Fellfutter macht es zur idealen Wahl f\u00fcr kalte Wintertage, w\u00e4hrend die klassische Kamelfarbe zeitlose Eleganz bietet. Egal, ob Sie zu einem Gesch\u00e4ftstreffen gehen oder durch die Stadt schlendern, diese Jacke h\u00e4lt Sie stilvoll und warm. Die Jacke hat einen modernen Schnitt mit Schwerpunkt auf Komfort und Haltbarkeit. Hochwertige Materialien und pr\u00e4zise Verarbeitung garantieren eine lange Lebensdauer. Dieses vielseitige Kleidungsst\u00fcck l\u00e4sst sich problemlos mit einer Vielzahl von Outfits kombinieren und ist somit ein unverzichtbarer Bestandteil Ihrer Garderobe.<\/p>\n<table>\n<thead>\n<tr>\n<th><strong>Merkmal<\/strong><\/th>\n<th><strong>Details<\/strong><\/th>\n<\/tr>\n<\/thead>\n<tbody>\n<tr>\n<td><strong>Material<\/strong><\/td>\n<td>Wollmischung mit synthetischem Pelzfutter<\/td>\n<\/tr>\n<tr>\n<td><strong>Farbe<\/strong><\/td>\n<td>Kamel<\/td>\n<\/tr>\n<tr>\n<td><strong>Verf\u00fcgbare Gr\u00f6\u00dfen<\/strong><\/td>\n<td>Bis Gr\u00f6\u00dfe 72<\/td>\n<\/tr>\n<tr>\n<td><strong>Passform<\/strong><\/td>\n<td>Regular Fit f\u00fcr t\u00e4glichen Komfort<\/td>\n<\/tr>\n<tr>\n<td><strong>Waschanleitung<\/strong><\/td>\n<td>Chemische Reinigung empfohlen<\/td>\n<\/tr>\n<\/tbody>\n<\/table>\n<p>&nbsp;<\/p>\n","protected":false},"excerpt":{"rendered":"<div class=\"product__tax caption rte\">Die mit Fell gef\u00fctterte Kameljacke vereint W\u00e4rme und Eleganz in einem stilvollen Design. Dieser Mantel ist perfekt f\u00fcr k\u00e4ltere Tage und verf\u00fcgt \u00fcber ein hochwertiges Pelzfutter, das zus\u00e4tzlichen Komfort bietet. Mit der klassischen Kamelfarbe und der modernen Passform ist diese Jacke eine vielseitige Wahl f\u00fcr l\u00e4ssige und formelle Anl\u00e4sse. Verleihen Sie Ihrer Wintergarderobe mit diesem raffinierten St\u00fcck einen Hauch von Luxus.<\/div>\n<div>\n<p><span style=\"font-weight: 400;\">\u2702\ufe0f Perfekte Passform, speziell f\u00fcr Dich gefertigt.<\/span><\/p>\n<p><span style=\"font-weight: 400;\">\ud83d\udc54 Individuelle Beratung f\u00fcr Ihren einzigartigen Look.<\/span><\/p>\n<p><span style=\"font-weight: 400;\">\ud83e\uddf5 Hochwertige Materialien f\u00fcr ultimativen Komfort.<\/span><\/p>\n<p><span style=\"font-weight: 400;\">\ud83c\udfa8 Stilvoll f\u00fcr jeden Anlass.<\/span><\/p>\n<p><span style=\"font-weight: 400;\">\ud83c\udf81 Genie\u00dfen Sie bei jedem Ladenbesuch ein kostenloses Geschenk!<\/span><\/p>\n<\/div>\n","protected":false},"featured_media":2767,"template":"","meta":{"_acf_changed":false},"product_brand":[],"product_cat":[135],"product_tag":[],"class_list":{"0":"post-4590","1":"product","2":"type-product","3":"status-publish","4":"has-post-thumbnail","6":"product_cat-jassen","8":"first","9":"instock","10":"sale","11":"shipping-taxable","12":"purchasable","13":"product-type-simple"},"acf":[],"_links":{"self":[{"href":"https:\/\/www.lomoro.nl\/de\/wp-json\/wp\/v2\/product\/4590","targetHints":{"allow":["GET"]}}],"collection":[{"href":"https:\/\/www.lomoro.nl\/de\/wp-json\/wp\/v2\/product"}],"about":[{"href":"https:\/\/www.lomoro.nl\/de\/wp-json\/wp\/v2\/types\/product"}],"wp:featuredmedia":[{"embeddable":true,"href":"https:\/\/www.lomoro.nl\/de\/wp-json\/wp\/v2\/media\/2767"}],"wp:attachment":[{"href":"https:\/\/www.lomoro.nl\/de\/wp-json\/wp\/v2\/media?parent=4590"}],"wp:term":[{"taxonomy":"product_brand","embeddable":true,"href":"https:\/\/www.lomoro.nl\/de\/wp-json\/wp\/v2\/product_brand?post=4590"},{"taxonomy":"product_cat","embeddable":true,"href":"https:\/\/www.lomoro.nl\/de\/wp-json\/wp\/v2\/product_cat?post=4590"},{"taxonomy":"product_tag","embeddable":true,"href":"https:\/\/www.lomoro.nl\/de\/wp-json\/wp\/v2\/product_tag?post=4590"}],"curies":[{"name":"wp","href":"https:\/\/api.w.org\/{rel}","templated":true}]}}