{"id":4610,"date":"2024-12-16T05:38:57","date_gmt":"2024-12-16T05:38:57","guid":{"rendered":"https:\/\/lomoro.nl\/?post_type=product&#038;p=4610"},"modified":"2025-01-08T05:41:34","modified_gmt":"2025-01-08T05:41:34","slug":"het-ultieme-pak-in-twee-stijlen-3","status":"publish","type":"product","link":"https:\/\/www.lomoro.nl\/de\/products\/het-ultieme-pak-in-twee-stijlen-3\/","title":{"rendered":"Dunkelgr\u00fcne Anz\u00fcge im Doppelstil"},"content":{"rendered":"<p>Der Deep Green Double Style Suit bietet die perfekte Mischung aus klassischer Eleganz und modernem Stil. Es ist sowohl im einreihigen als auch im zweireihigen Design erh\u00e4ltlich und passt zu jedem Stilgeschmack. Die tiefgr\u00fcne Farbe ist satt und auff\u00e4llig und sorgt f\u00fcr einen einzigartigen Farbtupfer, der sich perfekt f\u00fcr ein Statement bei formellen Anl\u00e4ssen eignet. Egal, ob Sie an einer Hochzeit, einer Gala oder einem wichtigen Gesch\u00e4ftstreffen teilnehmen, dieser Anzug verspricht, Ihren Look auf die n\u00e4chste Stufe zu heben.<\/p>\n<p>Dieser Anzug besteht aus einer luxuri\u00f6sen Wollmischung und bietet Komfort, Atmungsaktivit\u00e4t und Haltbarkeit. Der Slim-Fit-Schnitt sorgt f\u00fcr eine schlanke und schmeichelhafte Silhouette, w\u00e4hrend der verstellbare Bund der Hose f\u00fcr eine perfekte Passform sorgt. Die fachm\u00e4nnisch gefertigten N\u00e4hte und die Liebe zum Detail garantieren ein hochwertiges Finish, das die Zeit \u00fcberdauert.<\/p>\n<p>&nbsp;<\/p>\n<table style=\"height: 408px;\" width=\"550\">\n<tbody>\n<tr>\n<td><b>Merkmal<\/b><\/td>\n<td><b>Details<\/b><\/td>\n<\/tr>\n<tr>\n<td><b>Material<\/b><\/td>\n<td><span style=\"font-weight: 400;\">Premium-Wollmix<\/span><\/td>\n<\/tr>\n<tr>\n<td><b>Farbe<\/b><\/td>\n<td><span style=\"font-weight: 400;\">Tiefgr\u00fcn<\/span><\/td>\n<\/tr>\n<tr>\n<td><b>Verf\u00fcgbare Gr\u00f6\u00dfen<\/b><\/td>\n<td><span style=\"font-weight: 400;\">Kleine Gr\u00f6\u00dfen 46-62 \/ Gro\u00dfe Gr\u00f6\u00dfen 58-72<\/span><\/td>\n<\/tr>\n<tr>\n<td><b>Passform<\/b><\/td>\n<td><span style=\"font-weight: 400;\">Slim Fit<\/span><\/td>\n<\/tr>\n<tr>\n<td><b>Stil<\/b><\/td>\n<td><span style=\"font-weight: 400;\">Doppelte Stile, klassisch-modern<\/span><\/td>\n<\/tr>\n<tr>\n<td><b>Pflegehinweise<\/b><\/td>\n<td><span style=\"font-weight: 400;\">Nur professionelle Reinigung<\/span><\/td>\n<\/tr>\n<\/tbody>\n<\/table>\n<p>&nbsp;<\/p>\n","protected":false},"excerpt":{"rendered":"<div class=\"product__tax caption rte\">\n<p>Der Deep Green Double Styles Suit ist die perfekte Balance zwischen K\u00fchnheit und Eleganz. Mit seiner tiefgr\u00fcnen Farbe und den doppelten Stilen ist es ideal, um bei Hochzeiten, formellen Anl\u00e4ssen oder Gesch\u00e4ftstreffen ein Statement zu setzen.<\/p>\n<p>Dieses aus hochwertigen Materialien gefertigte Kost\u00fcm bietet die perfekte Kombination aus Stil, Komfort und Vielseitigkeit. Egal, ob Sie sich f\u00fcr das einreihige oder zweireihige Design entscheiden, dieses Kost\u00fcm wird mit Sicherheit alle Blicke auf sich ziehen und einen bleibenden Eindruck hinterlassen.<\/p>\n<p>\u2702\ufe0f Perfekte Passform, speziell f\u00fcr Sie gefertigt.<\/p>\n<p>\ud83d\udc54 Individuelle Beratung f\u00fcr Ihren einzigartigen Look.<\/p>\n<p>\ud83e\uddf5 Hochwertige Materialien f\u00fcr ultimativen Komfort.<\/p>\n<p>\ud83c\udfa8 Stilvoll f\u00fcr jeden Anlass.<\/p>\n<p>\ud83c\udf81 Genie\u00dfen Sie bei jedem Ladenbesuch ein kostenloses Geschenk!<\/p>\n<\/div>\n","protected":false},"featured_media":2383,"template":"","meta":{"_acf_changed":false},"product_brand":[],"product_cat":[132],"product_tag":[],"class_list":{"0":"post-4610","1":"product","2":"type-product","3":"status-publish","4":"has-post-thumbnail","6":"product_cat-imperial-kostuums","8":"first","9":"instock","10":"sale","11":"shipping-taxable","12":"purchasable","13":"product-type-simple"},"acf":[],"_links":{"self":[{"href":"https:\/\/www.lomoro.nl\/de\/wp-json\/wp\/v2\/product\/4610","targetHints":{"allow":["GET"]}}],"collection":[{"href":"https:\/\/www.lomoro.nl\/de\/wp-json\/wp\/v2\/product"}],"about":[{"href":"https:\/\/www.lomoro.nl\/de\/wp-json\/wp\/v2\/types\/product"}],"wp:featuredmedia":[{"embeddable":true,"href":"https:\/\/www.lomoro.nl\/de\/wp-json\/wp\/v2\/media\/2383"}],"wp:attachment":[{"href":"https:\/\/www.lomoro.nl\/de\/wp-json\/wp\/v2\/media?parent=4610"}],"wp:term":[{"taxonomy":"product_brand","embeddable":true,"href":"https:\/\/www.lomoro.nl\/de\/wp-json\/wp\/v2\/product_brand?post=4610"},{"taxonomy":"product_cat","embeddable":true,"href":"https:\/\/www.lomoro.nl\/de\/wp-json\/wp\/v2\/product_cat?post=4610"},{"taxonomy":"product_tag","embeddable":true,"href":"https:\/\/www.lomoro.nl\/de\/wp-json\/wp\/v2\/product_tag?post=4610"}],"curies":[{"name":"wp","href":"https:\/\/api.w.org\/{rel}","templated":true}]}}