{"id":4643,"date":"2024-12-16T05:55:22","date_gmt":"2024-12-16T05:55:22","guid":{"rendered":"https:\/\/lomoro.nl\/?post_type=product&#038;p=4643"},"modified":"2025-01-08T07:45:49","modified_gmt":"2025-01-08T07:45:49","slug":"het-ultieme-pak-in-twee-stijlen-14","status":"publish","type":"product","link":"https:\/\/www.lomoro.nl\/de\/products\/het-ultieme-pak-in-twee-stijlen-14\/","title":{"rendered":"T\u00fcrkisfarbene Anz\u00fcge im Doppel-Stil"},"content":{"rendered":"<p>Das Turkoois Double Stijlen Kostuum ist eine perfekte Verschmelzung von modernem Design und lebendiger Farbe. Mit seinem einzigartigen T\u00fcrkiston setzt es garantiert ein Statement und bleibt dennoch raffiniert. Egal, ob Sie eine Sommerhochzeit, eine gesch\u00e4ftliche Veranstaltung oder eine festliche Feier besuchen, dieser Anzug bietet die perfekte Balance aus K\u00fchnheit und Eleganz. Sie k\u00f6nnen je nach gew\u00fcnschtem Look zwischen einer einreihigen oder einer zweireihigen Variante w\u00e4hlen, was ihn zu einer vielseitigen Erg\u00e4nzung f\u00fcr jede Garderobe macht.<\/p>\n<p>Dieser Anzug aus einer hochwertigen Wollmischung gew\u00e4hrleistet Atmungsaktivit\u00e4t, Haltbarkeit und Komfort, auch bei stundenlangem Tragen. Das Slim-Fit-Design sorgt f\u00fcr eine schmeichelhafte Silhouette und die Hose verf\u00fcgt \u00fcber einen verstellbaren Bund f\u00fcr die perfekte Passform. Die Liebe zum Detail in der Verarbeitung sorgt f\u00fcr ein zeitloses und hochwertiges Finish, das bei jeder Gelegenheit auff\u00e4llt.<\/p>\n<p>&nbsp;<\/p>\n<table style=\"height: 417px;\" width=\"659\">\n<tbody>\n<tr>\n<td><b>Merkmal<\/b><\/td>\n<td><b>Details<\/b><\/td>\n<\/tr>\n<tr>\n<td><b>Material<\/b><\/td>\n<td><span style=\"font-weight: 400;\">Premium-Wollmix<\/span><\/td>\n<\/tr>\n<tr>\n<td><b>Farbe<\/b><\/td>\n<td><span style=\"font-weight: 400;\">T\u00fcrkis<\/span><\/td>\n<\/tr>\n<tr>\n<td><b>Verf\u00fcgbare Gr\u00f6\u00dfen<\/b><\/td>\n<td><span style=\"font-weight: 400;\">Kleine Gr\u00f6\u00dfen 46-62 \/ Gro\u00dfe Gr\u00f6\u00dfen 58-72<\/span><\/td>\n<\/tr>\n<tr>\n<td><b>Passform<\/b><\/td>\n<td><span style=\"font-weight: 400;\">Slim Fit<\/span><\/td>\n<\/tr>\n<tr>\n<td><b>Stil<\/b><\/td>\n<td><span style=\"font-weight: 400;\">Doppelte Stile, klassisch-modern<\/span><\/td>\n<\/tr>\n<tr>\n<td><b>Pflegehinweise<\/b><\/td>\n<td><span style=\"font-weight: 400;\">Nur professionelle Reinigung<\/span><\/td>\n<\/tr>\n<\/tbody>\n<\/table>\n<p>&nbsp;<\/p>\n","protected":false},"excerpt":{"rendered":"<div class=\"product__tax caption rte\">\n<p>Der t\u00fcrkisfarbene Double Styles-Anzug verleiht Ihrer Garderobe einen kr\u00e4ftigen und erfrischenden Farbtupfer. Sein auff\u00e4lliger T\u00fcrkiston und die vielseitigen Designoptionen machen es zur idealen Wahl f\u00fcr Hochzeiten, besondere Anl\u00e4sse und berufliche Zusammenk\u00fcnfte.<\/p>\n<p>Dieser mit Pr\u00e4zision aus hochwertigen Materialien gefertigte Anzug bietet au\u00dfergew\u00f6hnlichen Komfort und Haltbarkeit. Die Kombination aus einreihigen und zweireihigen Modellen gibt Ihnen die Flexibilit\u00e4t, f\u00fcr jeden Anlass den perfekten Look zu kreieren.<\/p>\n<p>\u2702\ufe0f Perfekte Passform, speziell f\u00fcr Sie gefertigt.<\/p>\n<p>\ud83d\udc54 Individuelle Beratung f\u00fcr Ihren einzigartigen Look.<\/p>\n<p>\ud83e\uddf5 Hochwertige Materialien f\u00fcr ultimativen Komfort.<\/p>\n<p>\ud83c\udfa8 Stilvoll f\u00fcr jeden Anlass.<\/p>\n<p>\ud83c\udf81 Genie\u00dfen Sie bei jedem Ladenbesuch ein kostenloses Geschenk!<\/p>\n<\/div>\n","protected":false},"featured_media":2392,"template":"","meta":{"_acf_changed":false},"product_brand":[],"product_cat":[132],"product_tag":[],"class_list":{"0":"post-4643","1":"product","2":"type-product","3":"status-publish","4":"has-post-thumbnail","6":"product_cat-imperial-kostuums","8":"first","9":"instock","10":"sale","11":"shipping-taxable","12":"purchasable","13":"product-type-simple"},"acf":[],"_links":{"self":[{"href":"https:\/\/www.lomoro.nl\/de\/wp-json\/wp\/v2\/product\/4643","targetHints":{"allow":["GET"]}}],"collection":[{"href":"https:\/\/www.lomoro.nl\/de\/wp-json\/wp\/v2\/product"}],"about":[{"href":"https:\/\/www.lomoro.nl\/de\/wp-json\/wp\/v2\/types\/product"}],"wp:featuredmedia":[{"embeddable":true,"href":"https:\/\/www.lomoro.nl\/de\/wp-json\/wp\/v2\/media\/2392"}],"wp:attachment":[{"href":"https:\/\/www.lomoro.nl\/de\/wp-json\/wp\/v2\/media?parent=4643"}],"wp:term":[{"taxonomy":"product_brand","embeddable":true,"href":"https:\/\/www.lomoro.nl\/de\/wp-json\/wp\/v2\/product_brand?post=4643"},{"taxonomy":"product_cat","embeddable":true,"href":"https:\/\/www.lomoro.nl\/de\/wp-json\/wp\/v2\/product_cat?post=4643"},{"taxonomy":"product_tag","embeddable":true,"href":"https:\/\/www.lomoro.nl\/de\/wp-json\/wp\/v2\/product_tag?post=4643"}],"curies":[{"name":"wp","href":"https:\/\/api.w.org\/{rel}","templated":true}]}}