{"id":4649,"date":"2024-12-16T06:11:29","date_gmt":"2024-12-16T06:11:29","guid":{"rendered":"https:\/\/lomoro.nl\/?post_type=product&#038;p=4649"},"modified":"2025-01-08T07:58:32","modified_gmt":"2025-01-08T07:58:32","slug":"het-ultieme-pak-in-twee-stijlen-10","status":"publish","type":"product","link":"https:\/\/www.lomoro.nl\/de\/products\/het-ultieme-pak-in-twee-stijlen-10\/","title":{"rendered":"Schwarze Kost\u00fcme im Doppelstil"},"content":{"rendered":"<p>Der Black Double Styles Suit ist ein ikonisches St\u00fcck, das sowohl elegant als auch vielseitig ist. Der Anzug ist sowohl im einreihigen als auch im zweireihigen Stil erh\u00e4ltlich, sodass Sie sich f\u00fcr einen klassischen oder gewagteren Look entscheiden k\u00f6nnen. Das tiefe Schwarz ist die perfekte Farbe f\u00fcr jeden formellen Anlass, von Hochzeiten bis hin zu Galas und Gesch\u00e4ftstreffen, und unterstreicht ein Gef\u00fchl von Eleganz und Selbstvertrauen. Es ist so konzipiert, dass es f\u00fcr jeden Anlass die perfekte Balance zwischen Stil und Komfort bietet.<\/p>\n<p>Dieser Anzug ist aus einer luxuri\u00f6sen Wollmischung gefertigt, die auch bei l\u00e4ngerem Tragen f\u00fcr Atmungsaktivit\u00e4t und lang anhaltenden Komfort sorgt. Die schmale Passform sorgt f\u00fcr einen schlanken, stromlinienf\u00f6rmigen Look, der jeder K\u00f6rperform schmeichelt. F\u00fcr zus\u00e4tzlichen Komfort verf\u00fcgt die Hose \u00fcber einen verstellbaren Bund und die feine Verarbeitung der N\u00e4hte und Kn\u00f6pfe sorgt f\u00fcr ein tadelloses Erscheinungsbild. Der Black Double Styles Suit ist daher die ideale Wahl f\u00fcr alle, die Wert auf Stil und Handwerkskunst legen.<\/p>\n<p>&nbsp;<\/p>\n<table style=\"height: 407px;\" width=\"580\">\n<tbody>\n<tr>\n<td><b>Merkmal<\/b><\/td>\n<td><b>Details<\/b><\/td>\n<\/tr>\n<tr>\n<td><b>Material<\/b><\/td>\n<td><span style=\"font-weight: 400;\">Premium-Wollmix<\/span><\/td>\n<\/tr>\n<tr>\n<td><b>Farbe<\/b><\/td>\n<td><span style=\"font-weight: 400;\">Schwarz<\/span><\/td>\n<\/tr>\n<tr>\n<td><b>Verf\u00fcgbare Gr\u00f6\u00dfen<\/b><\/td>\n<td><span style=\"font-weight: 400;\">Kleine Gr\u00f6\u00dfen 46-62 \/ Gro\u00dfe Gr\u00f6\u00dfen 58-72<\/span><\/td>\n<\/tr>\n<tr>\n<td><b>Passform<\/b><\/td>\n<td><span style=\"font-weight: 400;\">Slim Fit<\/span><\/td>\n<\/tr>\n<tr>\n<td><b>Stil<\/b><\/td>\n<td><span style=\"font-weight: 400;\">Doppelte Stile, klassisch-modern<\/span><\/td>\n<\/tr>\n<tr>\n<td><b>Pflegehinweise<\/b><\/td>\n<td><span style=\"font-weight: 400;\">Nur professionelle Reinigung<\/span><\/td>\n<\/tr>\n<\/tbody>\n<\/table>\n<p>&nbsp;<\/p>\n","protected":false},"excerpt":{"rendered":"<p>Der schwarze Anzug im Double-Style ist die ultimative Wahl f\u00fcr alle, die zeitlose Eleganz suchen. Der schwarze Anzug, wahlweise einreihig oder zweireihig, eignet sich perfekt f\u00fcr formelle Anl\u00e4sse, Hochzeiten oder gesch\u00e4ftliche Anl\u00e4sse.<\/p>\n<p>Mit hochwertigen Materialien und Handwerkskunst bietet dieses Kost\u00fcm nicht nur Stil, sondern auch Komfort und Haltbarkeit. Durch das schlichte, moderne Design passt es zu jedem Anlass und ist ein Must-Have in Ihrer Garderobe.<\/p>\n<p>\u2702\ufe0f Perfekte Passform, speziell f\u00fcr Sie gefertigt.<\/p>\n<p>\ud83d\udc54 Individuelle Beratung f\u00fcr Ihren einzigartigen Look.<\/p>\n<p>\ud83e\uddf5 Hochwertige Materialien f\u00fcr ultimativen Komfort.<\/p>\n<p>\ud83c\udfa8 Stilvoll f\u00fcr jeden Anlass.<\/p>\n<p>\ud83c\udf81 Genie\u00dfen Sie bei jedem Ladenbesuch ein kostenloses Geschenk!<\/p>\n","protected":false},"featured_media":2404,"template":"","meta":{"_acf_changed":false},"product_brand":[],"product_cat":[132],"product_tag":[],"class_list":{"0":"post-4649","1":"product","2":"type-product","3":"status-publish","4":"has-post-thumbnail","6":"product_cat-imperial-kostuums","8":"first","9":"instock","10":"sale","11":"shipping-taxable","12":"purchasable","13":"product-type-simple"},"acf":[],"_links":{"self":[{"href":"https:\/\/www.lomoro.nl\/de\/wp-json\/wp\/v2\/product\/4649","targetHints":{"allow":["GET"]}}],"collection":[{"href":"https:\/\/www.lomoro.nl\/de\/wp-json\/wp\/v2\/product"}],"about":[{"href":"https:\/\/www.lomoro.nl\/de\/wp-json\/wp\/v2\/types\/product"}],"wp:featuredmedia":[{"embeddable":true,"href":"https:\/\/www.lomoro.nl\/de\/wp-json\/wp\/v2\/media\/2404"}],"wp:attachment":[{"href":"https:\/\/www.lomoro.nl\/de\/wp-json\/wp\/v2\/media?parent=4649"}],"wp:term":[{"taxonomy":"product_brand","embeddable":true,"href":"https:\/\/www.lomoro.nl\/de\/wp-json\/wp\/v2\/product_brand?post=4649"},{"taxonomy":"product_cat","embeddable":true,"href":"https:\/\/www.lomoro.nl\/de\/wp-json\/wp\/v2\/product_cat?post=4649"},{"taxonomy":"product_tag","embeddable":true,"href":"https:\/\/www.lomoro.nl\/de\/wp-json\/wp\/v2\/product_tag?post=4649"}],"curies":[{"name":"wp","href":"https:\/\/api.w.org\/{rel}","templated":true}]}}