{"id":4656,"date":"2024-12-16T06:28:39","date_gmt":"2024-12-16T06:28:39","guid":{"rendered":"https:\/\/lomoro.nl\/?post_type=product&#038;p=4656"},"modified":"2025-01-08T08:12:34","modified_gmt":"2025-01-08T08:12:34","slug":"het-ultieme-pak-in-twee-stijlen-13","status":"publish","type":"product","link":"https:\/\/www.lomoro.nl\/de\/products\/het-ultieme-pak-in-twee-stijlen-13\/","title":{"rendered":"Orangefarbene Double-Styles-Kost\u00fcme"},"content":{"rendered":"<p>Der Orange Double Styles Suit ist ein Statement-St\u00fcck, das sich durch seine kr\u00e4ftige orange Farbe auszeichnet. Das Kost\u00fcm bietet zwei Stiloptionen: ein einreihiges oder zweireihiges Design, sodass Sie w\u00e4hlen k\u00f6nnen, welcher Stil am besten zu Ihnen passt. Der leuchtende Orangeton verleiht jedem Anlass Energie und Flair und eignet sich daher perfekt f\u00fcr Hochzeiten, festliche Veranstaltungen oder Gesch\u00e4ftstreffen, bei denen Sie einen starken Eindruck hinterlassen m\u00f6chten. Dieser Anzug ist so konzipiert, dass er sowohl modebewusste als auch klassische Stile umfasst, mit einem raffinierten Look, der nie aus der Mode kommt.<\/p>\n<p>Die hochwertige Wollmischung, aus der der Anzug gefertigt ist, sorgt sowohl f\u00fcr Atmungsaktivit\u00e4t als auch f\u00fcr langanhaltenden Tragekomfort, auch bei l\u00e4ngerem Tragen. Das Slim-Fit-Design sorgt f\u00fcr einen eleganten, stromlinienf\u00f6rmigen Look, w\u00e4hrend der verstellbare Bund der Hose f\u00fcr eine individuelle Passform sorgt. Egal, ob Sie sich f\u00fcr einen klassischen oder einen moderneren Look entscheiden, der Orange Double Styles Suit bietet Vielseitigkeit, Stil und Funktionalit\u00e4t in einem. Die Handwerkskunst und die sorgf\u00e4ltige Verarbeitung machen diesen Anzug zu einem Must-Have f\u00fcr jeden modebewussten Mann.<\/p>\n<table style=\"height: 407px;\" width=\"732\">\n<tbody>\n<tr>\n<td><b>Merkmal<\/b><\/td>\n<td><b>Details<\/b><\/td>\n<\/tr>\n<tr>\n<td><b>Material<\/b><\/td>\n<td><span style=\"font-weight: 400;\">Premium-Wollmix<\/span><\/td>\n<\/tr>\n<tr>\n<td><b>Farbe<\/b><\/td>\n<td><span style=\"font-weight: 400;\">Orange<\/span><\/td>\n<\/tr>\n<tr>\n<td><b>Verf\u00fcgbare Gr\u00f6\u00dfen<\/b><\/td>\n<td><span style=\"font-weight: 400;\">Kleine Gr\u00f6\u00dfen 46-62 \/ Gro\u00dfe Gr\u00f6\u00dfen 58-72<\/span><\/td>\n<\/tr>\n<tr>\n<td><b>Passform<\/b><\/td>\n<td><span style=\"font-weight: 400;\">Slim Fit<\/span><\/td>\n<\/tr>\n<tr>\n<td><b>Stil<\/b><\/td>\n<td><span style=\"font-weight: 400;\">Doppelte Stile, klassisch-modern<\/span><\/td>\n<\/tr>\n<tr>\n<td><b>Pflegehinweise<\/b><\/td>\n<td><span style=\"font-weight: 400;\">Nur professionelle Reinigung<\/span><\/td>\n<\/tr>\n<\/tbody>\n<\/table>\n<p>&nbsp;<\/p>\n","protected":false},"excerpt":{"rendered":"<p>Das Orange Double Styles Kost\u00fcm ist eine mutige Wahl f\u00fcr einen stilvollen und energiegeladenen Look. Die leuchtend orange Farbe und die Vielseitigkeit sowohl einreihiger als auch zweireihiger Modelle machen dieses Kost\u00fcm ideal f\u00fcr Partys, Hochzeiten und besondere Anl\u00e4sse.<\/p>\n<p>Dieses aus hochwertigen Materialien gefertigte Kost\u00fcm bietet nicht nur einen optischen Reiz, sondern auch Komfort und Haltbarkeit. Es bietet die perfekte Balance aus Flair und Raffinesse, sodass Sie sich bei jeder Veranstaltung sicher f\u00fchlen.<\/p>\n<p>\u2702\ufe0f Perfekte Passform, speziell f\u00fcr Sie gefertigt.<\/p>\n<p>\ud83d\udc54 Individuelle Beratung f\u00fcr Ihren einzigartigen Look.<\/p>\n<p>\ud83e\uddf5 Hochwertige Materialien f\u00fcr ultimativen Komfort.<\/p>\n<p>\ud83c\udfa8 Stilvoll f\u00fcr jeden Anlass.<\/p>\n<p>\ud83c\udf81 Genie\u00dfen Sie bei jedem Ladenbesuch ein kostenloses Geschenk!<\/p>\n","protected":false},"featured_media":2416,"template":"","meta":{"_acf_changed":false},"product_brand":[],"product_cat":[132],"product_tag":[],"class_list":{"0":"post-4656","1":"product","2":"type-product","3":"status-publish","4":"has-post-thumbnail","6":"product_cat-imperial-kostuums","8":"first","9":"instock","10":"sale","11":"shipping-taxable","12":"purchasable","13":"product-type-simple"},"acf":[],"_links":{"self":[{"href":"https:\/\/www.lomoro.nl\/de\/wp-json\/wp\/v2\/product\/4656","targetHints":{"allow":["GET"]}}],"collection":[{"href":"https:\/\/www.lomoro.nl\/de\/wp-json\/wp\/v2\/product"}],"about":[{"href":"https:\/\/www.lomoro.nl\/de\/wp-json\/wp\/v2\/types\/product"}],"wp:featuredmedia":[{"embeddable":true,"href":"https:\/\/www.lomoro.nl\/de\/wp-json\/wp\/v2\/media\/2416"}],"wp:attachment":[{"href":"https:\/\/www.lomoro.nl\/de\/wp-json\/wp\/v2\/media?parent=4656"}],"wp:term":[{"taxonomy":"product_brand","embeddable":true,"href":"https:\/\/www.lomoro.nl\/de\/wp-json\/wp\/v2\/product_brand?post=4656"},{"taxonomy":"product_cat","embeddable":true,"href":"https:\/\/www.lomoro.nl\/de\/wp-json\/wp\/v2\/product_cat?post=4656"},{"taxonomy":"product_tag","embeddable":true,"href":"https:\/\/www.lomoro.nl\/de\/wp-json\/wp\/v2\/product_tag?post=4656"}],"curies":[{"name":"wp","href":"https:\/\/api.w.org\/{rel}","templated":true}]}}