{"id":4663,"date":"2024-12-16T06:37:14","date_gmt":"2024-12-16T06:37:14","guid":{"rendered":"https:\/\/lomoro.nl\/?post_type=product&#038;p=4663"},"modified":"2025-01-08T08:26:16","modified_gmt":"2025-01-08T08:26:16","slug":"het-ultieme-pak-in-twee-stijlen-12","status":"publish","type":"product","link":"https:\/\/www.lomoro.nl\/de\/products\/het-ultieme-pak-in-twee-stijlen-12\/","title":{"rendered":"Hellgr\u00fcne Anz\u00fcge im Doppelstil"},"content":{"rendered":"<p>Der hellgr\u00fcne Anzug im Doppelstil kombiniert eine moderne, raffinierte Farbe mit einem zeitlosen Design und ist somit eine ausgezeichnete Wahl f\u00fcr jeden Anlass. Egal, ob Sie sich f\u00fcr den einreihigen oder zweireihigen Stil entscheiden, dieses Kost\u00fcm wird Sie mit seinem sanften hellgr\u00fcnen Farbton, der sowohl energiegeladen als auch stilvoll ist, mit Sicherheit zum Blickfang machen. Die hellgr\u00fcne Farbe bietet eine erfrischende Abwechslung zu den traditionellen dunklen T\u00f6nen und eignet sich sowohl f\u00fcr formelle Veranstaltungen als auch f\u00fcr weniger formelle Zusammenk\u00fcnfte. Dieses Kost\u00fcm ist ideal f\u00fcr alle, die einen mutigen und dennoch raffinierten Look w\u00fcnschen.<\/p>\n<p>Dieses aus hochwertigen Materialien gefertigte Kost\u00fcm bietet Komfort und Atmungsaktivit\u00e4t, auch wenn es \u00fcber einen l\u00e4ngeren Zeitraum getragen wird. Der Slim-Fit-Schnitt betont einen geradlinigen, modernen Look und bietet gleichzeitig eine perfekte Passform f\u00fcr jeden K\u00f6rpertyp. Der verstellbare Bund der Hose sorgt f\u00fcr zus\u00e4tzliche Flexibilit\u00e4t und eine individuelle Passform. Mit seiner raffinierten Verarbeitung und Liebe zum Detail ist der hellgr\u00fcne Double Styles-Anzug das perfekte Ensemble f\u00fcr alle, die Stil und Komfort in einem suchen.<\/p>\n<p>&nbsp;<\/p>\n<table style=\"height: 422px;\" width=\"597\">\n<tbody>\n<tr>\n<td><b>Merkmal<\/b><\/td>\n<td><b>Details<\/b><\/td>\n<\/tr>\n<tr>\n<td><b>Material<\/b><\/td>\n<td><span style=\"font-weight: 400;\">Premium-Wollmix<\/span><\/td>\n<\/tr>\n<tr>\n<td><b>Farbe<\/b><\/td>\n<td><span style=\"font-weight: 400;\">Hellgr\u00fcn<\/span><\/td>\n<\/tr>\n<tr>\n<td><b>Verf\u00fcgbare Gr\u00f6\u00dfen<\/b><\/td>\n<td><span style=\"font-weight: 400;\">Kleine Gr\u00f6\u00dfen 46-62 \/ Gro\u00dfe Gr\u00f6\u00dfen 58-72<\/span><\/td>\n<\/tr>\n<tr>\n<td><b>Passform<\/b><\/td>\n<td><span style=\"font-weight: 400;\">Slim Fit<\/span><\/td>\n<\/tr>\n<tr>\n<td><b>Stil<\/b><\/td>\n<td><span style=\"font-weight: 400;\">Doppelte Stile, klassisch-modern<\/span><\/td>\n<\/tr>\n<tr>\n<td><b>Pflegehinweise<\/b><\/td>\n<td><span style=\"font-weight: 400;\">Nur professionelle Reinigung<\/span><\/td>\n<\/tr>\n<\/tbody>\n<\/table>\n<p>&nbsp;<\/p>\n","protected":false},"excerpt":{"rendered":"<div class=\"product__tax caption rte\">\n<p>Der hellgr\u00fcne Double-Styles-Anzug bietet einen frischen, raffinierten Look, der sowohl f\u00fcr gesch\u00e4ftliche als auch f\u00fcr festliche Anl\u00e4sse perfekt ist. Der hellgr\u00fcne Farbton strahlt Eleganz aus, w\u00e4hrend die Wahl zwischen einreihigen und zweireihigen Modellen einen vielseitigen und modischen Look garantiert.<\/p>\n<p>Mit seiner schmalen Passform und den hochwertigen Stoffen bietet dieser Anzug idealen Komfort, ohne Kompromisse beim Stil einzugehen. Es ist die perfekte Wahl f\u00fcr alle, die ihre Garderobe mit einem modernen und eleganten Look auffrischen m\u00f6chten.<\/p>\n<p>\u2702\ufe0f Perfekte Passform, speziell f\u00fcr Sie gefertigt.<\/p>\n<p>\ud83d\udc54 Individuelle Beratung f\u00fcr Ihren einzigartigen Look.<\/p>\n<p>\ud83e\uddf5 Hochwertige Materialien f\u00fcr ultimativen Komfort.<\/p>\n<p>\ud83c\udfa8 Stilvoll f\u00fcr jeden Anlass.<\/p>\n<p>\ud83c\udf81 Genie\u00dfen Sie bei jedem Ladenbesuch ein kostenloses Geschenk!<\/p>\n<\/div>\n","protected":false},"featured_media":2428,"template":"","meta":{"_acf_changed":false},"product_brand":[],"product_cat":[132],"product_tag":[],"class_list":{"0":"post-4663","1":"product","2":"type-product","3":"status-publish","4":"has-post-thumbnail","6":"product_cat-imperial-kostuums","8":"first","9":"instock","10":"sale","11":"shipping-taxable","12":"purchasable","13":"product-type-simple"},"acf":[],"_links":{"self":[{"href":"https:\/\/www.lomoro.nl\/de\/wp-json\/wp\/v2\/product\/4663","targetHints":{"allow":["GET"]}}],"collection":[{"href":"https:\/\/www.lomoro.nl\/de\/wp-json\/wp\/v2\/product"}],"about":[{"href":"https:\/\/www.lomoro.nl\/de\/wp-json\/wp\/v2\/types\/product"}],"wp:featuredmedia":[{"embeddable":true,"href":"https:\/\/www.lomoro.nl\/de\/wp-json\/wp\/v2\/media\/2428"}],"wp:attachment":[{"href":"https:\/\/www.lomoro.nl\/de\/wp-json\/wp\/v2\/media?parent=4663"}],"wp:term":[{"taxonomy":"product_brand","embeddable":true,"href":"https:\/\/www.lomoro.nl\/de\/wp-json\/wp\/v2\/product_brand?post=4663"},{"taxonomy":"product_cat","embeddable":true,"href":"https:\/\/www.lomoro.nl\/de\/wp-json\/wp\/v2\/product_cat?post=4663"},{"taxonomy":"product_tag","embeddable":true,"href":"https:\/\/www.lomoro.nl\/de\/wp-json\/wp\/v2\/product_tag?post=4663"}],"curies":[{"name":"wp","href":"https:\/\/api.w.org\/{rel}","templated":true}]}}