{"id":4675,"date":"2024-12-16T06:41:14","date_gmt":"2024-12-16T06:41:14","guid":{"rendered":"https:\/\/lomoro.nl\/?post_type=product&#038;p=4675"},"modified":"2025-01-08T09:05:53","modified_gmt":"2025-01-08T09:05:53","slug":"het-ultieme-pak-in-twee-stijlen-11","status":"publish","type":"product","link":"https:\/\/www.lomoro.nl\/de\/products\/het-ultieme-pak-in-twee-stijlen-11\/","title":{"rendered":"Kastanienbraune Anz\u00fcge im Doppelstil"},"content":{"rendered":"<p>Der Maroon Double Styles Suit ist f\u00fcr diejenigen gedacht, die einen eleganten und modernen Look suchen. Die satte kastanienbraune Farbe verleiht dem Anzug einen klassischen Charme, der sowohl f\u00fcr formelle als auch halbformelle Anl\u00e4sse perfekt ist. Egal, ob Sie sich f\u00fcr den einreihigen oder zweireihigen Stil entscheiden, mit diesem Kost\u00fcm machen Sie immer den richtigen Eindruck. Der kastanienbraune Farbton verleiht Ihrem Look W\u00e4rme, w\u00e4hrend der kr\u00e4ftige Stil Ihr Selbstvertrauen st\u00e4rkt.<\/p>\n<p>Dieser aus luxuri\u00f6sen Wollmischmaterialien gefertigte Anzug bietet nicht nur einen eleganten Look, sondern auch ultimativen Komfort den ganzen Tag \u00fcber. Der Slim-Fit-Schnitt garantiert eine moderne und schlanke Passform, w\u00e4hrend der verstellbare Bund f\u00fcr eine perfekt taillierte Passform sorgt. Dieser Anzug bietet sowohl Stil als auch Funktionalit\u00e4t und ist die ideale Wahl f\u00fcr alle, die ihre Garderobe mit einem vielseitigen und zeitlosen St\u00fcck aufwerten m\u00f6chten.<\/p>\n<p>&nbsp;<\/p>\n<table style=\"height: 408px;\" width=\"581\">\n<tbody>\n<tr>\n<td><b>Merkmal<\/b><\/td>\n<td><b>Details<\/b><\/td>\n<\/tr>\n<tr>\n<td><b>Material<\/b><\/td>\n<td><span style=\"font-weight: 400;\">Premium-Wollmix<\/span><\/td>\n<\/tr>\n<tr>\n<td><b>Farbe<\/b><\/td>\n<td><span style=\"font-weight: 400;\">Kastanienbraun<\/span><\/td>\n<\/tr>\n<tr>\n<td><b>Verf\u00fcgbare Gr\u00f6\u00dfen<\/b><\/td>\n<td><span style=\"font-weight: 400;\">Kleine Gr\u00f6\u00dfen 46-62 \/ Gro\u00dfe Gr\u00f6\u00dfen 58-72<\/span><\/td>\n<\/tr>\n<tr>\n<td><b>Passform<\/b><\/td>\n<td><span style=\"font-weight: 400;\">Slim Fit<\/span><\/td>\n<\/tr>\n<tr>\n<td><b>Stil<\/b><\/td>\n<td><span style=\"font-weight: 400;\">Doppelte Stile, klassisch-modern<\/span><\/td>\n<\/tr>\n<tr>\n<td><b>Pflegehinweise<\/b><\/td>\n<td><span style=\"font-weight: 400;\">Nur professionelle Reinigung<\/span><\/td>\n<\/tr>\n<\/tbody>\n<\/table>\n<p>&nbsp;<\/p>\n","protected":false},"excerpt":{"rendered":"<div class=\"product__tax caption rte\">\n<p>Der Chestnut Brown Double Styles Suit bietet einen eleganten und gewagten Look, der Sie mit Sicherheit ins Rampenlicht r\u00fccken wird. Der kastanienbraune Farbton verleiht dem Anzug einen klassischen Look, w\u00e4hrend die Wahl zwischen einreihigen oder zweireihigen Modellen ihn f\u00fcr verschiedene Anl\u00e4sse vielseitig einsetzbar macht.<\/p>\n<p>Das aus hochwertigen Materialien gefertigte Kost\u00fcm bietet sowohl Komfort als auch eine perfekte Passform. Egal, ob Sie zu einem Gesch\u00e4ftstreffen oder einem formellen Anlass gehen, dieser Anzug sorgt f\u00fcr einen eleganten und selbstbewussten Auftritt.<\/p>\n<p>\u2702\ufe0f Perfekte Passform, speziell f\u00fcr Sie gefertigt.<\/p>\n<p>\ud83d\udc54 Individuelle Beratung f\u00fcr Ihren einzigartigen Look.<\/p>\n<p>\ud83e\uddf5 Hochwertige Materialien f\u00fcr ultimativen Komfort.<\/p>\n<p>\ud83c\udfa8 Stilvoll f\u00fcr jeden Anlass.<\/p>\n<p>\ud83c\udf81 Genie\u00dfen Sie bei jedem Ladenbesuch ein kostenloses Geschenk!<\/p>\n<\/div>\n","protected":false},"featured_media":2449,"template":"","meta":{"_acf_changed":false},"product_brand":[],"product_cat":[132],"product_tag":[],"class_list":{"0":"post-4675","1":"product","2":"type-product","3":"status-publish","4":"has-post-thumbnail","6":"product_cat-imperial-kostuums","8":"first","9":"instock","10":"sale","11":"shipping-taxable","12":"purchasable","13":"product-type-simple"},"acf":[],"_links":{"self":[{"href":"https:\/\/www.lomoro.nl\/de\/wp-json\/wp\/v2\/product\/4675","targetHints":{"allow":["GET"]}}],"collection":[{"href":"https:\/\/www.lomoro.nl\/de\/wp-json\/wp\/v2\/product"}],"about":[{"href":"https:\/\/www.lomoro.nl\/de\/wp-json\/wp\/v2\/types\/product"}],"wp:featuredmedia":[{"embeddable":true,"href":"https:\/\/www.lomoro.nl\/de\/wp-json\/wp\/v2\/media\/2449"}],"wp:attachment":[{"href":"https:\/\/www.lomoro.nl\/de\/wp-json\/wp\/v2\/media?parent=4675"}],"wp:term":[{"taxonomy":"product_brand","embeddable":true,"href":"https:\/\/www.lomoro.nl\/de\/wp-json\/wp\/v2\/product_brand?post=4675"},{"taxonomy":"product_cat","embeddable":true,"href":"https:\/\/www.lomoro.nl\/de\/wp-json\/wp\/v2\/product_cat?post=4675"},{"taxonomy":"product_tag","embeddable":true,"href":"https:\/\/www.lomoro.nl\/de\/wp-json\/wp\/v2\/product_tag?post=4675"}],"curies":[{"name":"wp","href":"https:\/\/api.w.org\/{rel}","templated":true}]}}