{"id":4681,"date":"2024-12-16T06:46:08","date_gmt":"2024-12-16T06:46:08","guid":{"rendered":"https:\/\/lomoro.nl\/?post_type=product&#038;p=4681"},"modified":"2025-01-08T09:18:14","modified_gmt":"2025-01-08T09:18:14","slug":"het-ultieme-pak-in-twee-stijlen-7","status":"publish","type":"product","link":"https:\/\/www.lomoro.nl\/de\/products\/het-ultieme-pak-in-twee-stijlen-7\/","title":{"rendered":"Olivgr\u00fcne Anz\u00fcge im Doppelstil"},"content":{"rendered":"<p>Der olivgr\u00fcne Double-Styles-Anzug ist die perfekte Wahl f\u00fcr alle, die einen eleganten und dennoch gewagten Look suchen. Die olivgr\u00fcne Farbe ist dezent und stilvoll, ideal f\u00fcr gesch\u00e4ftliche und formelle Anl\u00e4sse. Ganz gleich, ob Sie an einer Hochzeit, einem wichtigen Meeting oder einem anderen besonderen Anlass teilnehmen, dieser Anzug ist ein Ausdruck von Eleganz und Klasse. Es bietet die Wahl zwischen einreihigen und zweireihigen Modellen, sodass Sie immer den perfekten Look f\u00fcr Ihre Veranstaltung kreieren k\u00f6nnen.<\/p>\n<p>Der Olive Green Double Styles Suit besteht aus luxuri\u00f6sen Wollmischmaterialien und bietet nicht nur einen modernen Look, sondern auch unvergleichlichen Komfort. Der Slim-Fit-Schnitt sorgt f\u00fcr eine figurbetonte Passform, w\u00e4hrend der verstellbare Bund eine perfekte Anpassung des Kost\u00fcms an Ihren K\u00f6rper erm\u00f6glicht. Es ist sowohl stilvoll als auch funktional, mit Liebe zum Detail und einer hochwertigen Verarbeitung, die f\u00fcr langanhaltendes Tragevergn\u00fcgen sorgt.<\/p>\n<p>&nbsp;<\/p>\n<table>\n<tbody>\n<tr>\n<td>Kenmerk<\/td>\n<td>Details<\/td>\n<\/tr>\n<tr>\n<td>Materiaal<\/td>\n<td><span style=\"font-weight: 400;\">Luxe wolmix<\/span><\/td>\n<\/tr>\n<tr>\n<td>Kleur<\/td>\n<td><span style=\"font-weight: 400;\">Olijfgroen<\/span><\/td>\n<\/tr>\n<tr>\n<td>Beschikbare maten<\/td>\n<td>Kleine maten 46-62 \/ Grote maten 58-72<\/td>\n<\/tr>\n<tr>\n<td>Pasvorm<\/td>\n<td><span style=\"font-weight: 400;\">Slim fit<\/span><\/td>\n<\/tr>\n<tr>\n<td>Stijl<\/td>\n<td><span style=\"font-weight: 400;\">Single-breasted &amp; Double-breasted<\/span><\/td>\n<\/tr>\n<tr>\n<td>Wasinstructies<\/td>\n<td><span style=\"font-weight: 400;\">Alleen professionele reiniging<\/span><\/td>\n<\/tr>\n<\/tbody>\n<\/table>\n","protected":false},"excerpt":{"rendered":"<div class=\"product__tax caption rte\">\n<p>Der olivgr\u00fcne Double-Styles-Anzug kombiniert eine raffinierte Farbe mit einem modernen Schnitt f\u00fcr einen zeitlosen Look. Der olivgr\u00fcne Farbton verleiht Ihrem formellen oder halbformellen Look eine subtile und dennoch auff\u00e4llige Note. Dieser Anzug bietet Vielseitigkeit f\u00fcr verschiedene Anl\u00e4sse, von Gesch\u00e4ftstreffen bis hin zu Hochzeiten.<\/p>\n<p>Der Anzug besteht aus hochwertigen Materialien und sorgt f\u00fcr Komfort und eine perfekte Passform, w\u00e4hrend er gleichzeitig einen modernen und eleganten Look beh\u00e4lt. W\u00e4hlen Sie den olivgr\u00fcnen Double Styles-Anzug und hinterlassen Sie einen starken Eindruck.<\/p>\n<p>\u2702\ufe0f Perfekte Passform, speziell f\u00fcr Sie gefertigt.<\/p>\n<p>\ud83d\udc54 Individuelle Beratung f\u00fcr Ihren einzigartigen Look.<\/p>\n<p>\ud83e\uddf5 Hochwertige Materialien f\u00fcr ultimativen Komfort.<\/p>\n<p>\ud83c\udfa8 Stilvoll f\u00fcr jeden Anlass.<\/p>\n<p>\ud83c\udf81 Genie\u00dfen Sie bei jedem Ladenbesuch ein kostenloses Geschenk!<\/p>\n<\/div>\n","protected":false},"featured_media":2461,"template":"","meta":{"_acf_changed":false},"product_brand":[],"product_cat":[132],"product_tag":[],"class_list":{"0":"post-4681","1":"product","2":"type-product","3":"status-publish","4":"has-post-thumbnail","6":"product_cat-imperial-kostuums","8":"first","9":"instock","10":"sale","11":"shipping-taxable","12":"purchasable","13":"product-type-simple"},"acf":[],"_links":{"self":[{"href":"https:\/\/www.lomoro.nl\/de\/wp-json\/wp\/v2\/product\/4681","targetHints":{"allow":["GET"]}}],"collection":[{"href":"https:\/\/www.lomoro.nl\/de\/wp-json\/wp\/v2\/product"}],"about":[{"href":"https:\/\/www.lomoro.nl\/de\/wp-json\/wp\/v2\/types\/product"}],"wp:featuredmedia":[{"embeddable":true,"href":"https:\/\/www.lomoro.nl\/de\/wp-json\/wp\/v2\/media\/2461"}],"wp:attachment":[{"href":"https:\/\/www.lomoro.nl\/de\/wp-json\/wp\/v2\/media?parent=4681"}],"wp:term":[{"taxonomy":"product_brand","embeddable":true,"href":"https:\/\/www.lomoro.nl\/de\/wp-json\/wp\/v2\/product_brand?post=4681"},{"taxonomy":"product_cat","embeddable":true,"href":"https:\/\/www.lomoro.nl\/de\/wp-json\/wp\/v2\/product_cat?post=4681"},{"taxonomy":"product_tag","embeddable":true,"href":"https:\/\/www.lomoro.nl\/de\/wp-json\/wp\/v2\/product_tag?post=4681"}],"curies":[{"name":"wp","href":"https:\/\/api.w.org\/{rel}","templated":true}]}}