{"id":4687,"date":"2024-12-16T06:50:53","date_gmt":"2024-12-16T06:50:53","guid":{"rendered":"https:\/\/lomoro.nl\/?post_type=product&#038;p=4687"},"modified":"2025-01-08T09:33:01","modified_gmt":"2025-01-08T09:33:01","slug":"het-ultieme-pak-in-twee-stijlen-6","status":"publish","type":"product","link":"https:\/\/www.lomoro.nl\/de\/products\/het-ultieme-pak-in-twee-stijlen-6\/","title":{"rendered":"Braune Anz\u00fcge im Doppelstil"},"content":{"rendered":"<p>Der braune Anzug im Doppelstil ist eine elegante Wahl, die ein Statement setzt, ohne \u00fcbertrieben zu wirken. Die tiefbraune Farbe verleiht Ihrer Garderobe einen Hauch von W\u00e4rme und Eleganz. Ob Sie an einer Gala, einem wichtigen Meeting oder einer Hochzeit teilnehmen, dieser Anzug schafft die perfekte Balance zwischen Tradition und Moderne. Durch die Wahl zwischen einreihigen und zweireihigen Modellen k\u00f6nnen Sie Ihren Look dem jeweiligen Anlass anpassen.<\/p>\n<p>Dieser aus einer luxuri\u00f6sen Wollmischung gefertigte Anzug bietet nicht nur einen erstklassigen Look, sondern auch unvergleichlichen Komfort. Der Slim-Fit-Schnitt betont Ihre Silhouette, w\u00e4hrend der verstellbare Bund f\u00fcr eine perfekte Passform sorgt. Dieses Kost\u00fcm wurde mit Liebe zum Detail und Langlebigkeit entworfen, was es zu einer Investition in Stil und Qualit\u00e4t macht.<\/p>\n<p>&nbsp;<\/p>\n<table style=\"height: 408px;\" width=\"547\">\n<tbody>\n<tr>\n<td><b>Merkmal<\/b><\/td>\n<td><b>Details<\/b><\/td>\n<\/tr>\n<tr>\n<td><b>Material<\/b><\/td>\n<td><span style=\"font-weight: 400;\">Premium-Wollmix<\/span><\/td>\n<\/tr>\n<tr>\n<td><b>Farbe<\/b><\/td>\n<td><span style=\"font-weight: 400;\">B\u00e4rin<\/span><\/td>\n<\/tr>\n<tr>\n<td><b>Verf\u00fcgbare Gr\u00f6\u00dfen<\/b><\/td>\n<td><span style=\"font-weight: 400;\">Kleine Gr\u00f6\u00dfen 46-62 \/ Gro\u00dfe Gr\u00f6\u00dfen 58-72<\/span><\/td>\n<\/tr>\n<tr>\n<td><b>Passform<\/b><\/td>\n<td><span style=\"font-weight: 400;\">Slim Fit<\/span><\/td>\n<\/tr>\n<tr>\n<td><b>Stil<\/b><\/td>\n<td><span style=\"font-weight: 400;\">Doppelte Stile, klassisch-modern<\/span><\/td>\n<\/tr>\n<tr>\n<td><b>Pflegehinweise<\/b><\/td>\n<td><span style=\"font-weight: 400;\">Nur professionelle Reinigung<\/span><\/td>\n<\/tr>\n<\/tbody>\n<\/table>\n<p>&nbsp;<\/p>\n","protected":false},"excerpt":{"rendered":"<div class=\"product__tax caption rte\">\n<p>Der braune Anzug im Doppelstil bietet einen warmen und eleganten Look f\u00fcr jeden formellen Anlass. Der satte Braunton strahlt Luxus und Klasse aus und eignet sich daher sowohl f\u00fcr Gesch\u00e4ftstreffen als auch f\u00fcr festliche Anl\u00e4sse.<\/p>\n<p>Mit der Wahl zwischen einreihigem und zweireihigem Design vereint dieser Anzug Vielseitigkeit mit zeitloser Eleganz. Es ist eine perfekte Mischung aus Komfort, Stil und Handwerkskunst.<\/p>\n<p>\u2702\ufe0f Perfekte Passform, speziell f\u00fcr Sie gefertigt.<\/p>\n<p>\ud83d\udc54 Individuelle Beratung f\u00fcr Ihren einzigartigen Look.<\/p>\n<p>\ud83e\uddf5 Hochwertige Materialien f\u00fcr ultimativen Komfort.<\/p>\n<p>\ud83c\udfa8 Stilvoll f\u00fcr jeden Anlass.<\/p>\n<p>\ud83c\udf81 Genie\u00dfen Sie bei jedem Ladenbesuch ein kostenloses Geschenk!<\/p>\n<\/div>\n","protected":false},"featured_media":2464,"template":"","meta":{"_acf_changed":false},"product_brand":[],"product_cat":[132],"product_tag":[],"class_list":{"0":"post-4687","1":"product","2":"type-product","3":"status-publish","4":"has-post-thumbnail","6":"product_cat-imperial-kostuums","8":"first","9":"instock","10":"sale","11":"shipping-taxable","12":"purchasable","13":"product-type-simple"},"acf":[],"_links":{"self":[{"href":"https:\/\/www.lomoro.nl\/de\/wp-json\/wp\/v2\/product\/4687","targetHints":{"allow":["GET"]}}],"collection":[{"href":"https:\/\/www.lomoro.nl\/de\/wp-json\/wp\/v2\/product"}],"about":[{"href":"https:\/\/www.lomoro.nl\/de\/wp-json\/wp\/v2\/types\/product"}],"wp:featuredmedia":[{"embeddable":true,"href":"https:\/\/www.lomoro.nl\/de\/wp-json\/wp\/v2\/media\/2464"}],"wp:attachment":[{"href":"https:\/\/www.lomoro.nl\/de\/wp-json\/wp\/v2\/media?parent=4687"}],"wp:term":[{"taxonomy":"product_brand","embeddable":true,"href":"https:\/\/www.lomoro.nl\/de\/wp-json\/wp\/v2\/product_brand?post=4687"},{"taxonomy":"product_cat","embeddable":true,"href":"https:\/\/www.lomoro.nl\/de\/wp-json\/wp\/v2\/product_cat?post=4687"},{"taxonomy":"product_tag","embeddable":true,"href":"https:\/\/www.lomoro.nl\/de\/wp-json\/wp\/v2\/product_tag?post=4687"}],"curies":[{"name":"wp","href":"https:\/\/api.w.org\/{rel}","templated":true}]}}