{"id":4692,"date":"2024-12-17T11:50:19","date_gmt":"2024-12-17T11:50:19","guid":{"rendered":"https:\/\/lomoro.nl\/?post_type=product&#038;p=4692"},"modified":"2025-01-08T09:41:23","modified_gmt":"2025-01-08T09:41:23","slug":"pak-4","status":"publish","type":"product","link":"https:\/\/www.lomoro.nl\/de\/products\/pak-4\/","title":{"rendered":"Dunkelgrauer zweireihiger Nadelstreifenanzug"},"content":{"rendered":"<p>Der dunkelgraue zweireihige Nadelstreifenanzug ist ein zeitloses Meisterwerk, das f\u00fcr einen starken und professionellen Auftritt sorgt. Der dunkelgraue Farbton in Kombination mit dem dezenten Nadelstreifenmuster ergibt einen klassischen und modernen Look, der f\u00fcr Gesch\u00e4ftstreffen, formelle Veranstaltungen und besondere Anl\u00e4sse geeignet ist. Das zweireihige Design verst\u00e4rkt die Schulterlinie und bietet eine sichere, stilvolle Passform.<\/p>\n<p>Dieser aus hochwertigen Materialien gefertigte Anzug bietet nicht nur einen luxuri\u00f6sen Look, sondern auch optimalen Komfort den ganzen Tag \u00fcber. Ganz gleich, ob Sie sich f\u00fcr einen schlanken Stil in kleinen Gr\u00f6\u00dfen oder eine lockere Passform in \u00dcbergr\u00f6\u00dfen entscheiden, dieser Anzug bietet Vielseitigkeit und ein makelloses Aussehen. F\u00fcr einen klassischen, eleganten Look l\u00e4sst es sich leicht mit einem wei\u00dfen Hemd und schwarzen Lederschuhen kombinieren.<\/p>\n<table>\n<tbody>\n<tr>\n<td><b>Merkmal<\/b><\/td>\n<td><b>Details<\/b><\/td>\n<\/tr>\n<tr>\n<td><b>Material<\/b><\/td>\n<td><span style=\"font-weight: 400;\">Hochwertige Wollmischung<\/span><\/td>\n<\/tr>\n<tr>\n<td><b>Farbe<\/b><\/td>\n<td>Dunkelgrau mit Nadelstreifen<\/td>\n<\/tr>\n<tr>\n<td><b>Stil<\/b><\/td>\n<td><span style=\"font-weight: 400;\">Doppelreihig, formell<\/span><\/td>\n<\/tr>\n<tr>\n<td><b>Passform<\/b><\/td>\n<td><span style=\"font-weight: 400;\">Slim Fit<\/span><\/td>\n<\/tr>\n<tr>\n<td><b>Verschluss<\/b><\/td>\n<td><span style=\"font-weight: 400;\">Doppelknopfreihe<\/span><\/td>\n<\/tr>\n<tr>\n<td><b>Pflege<\/b><\/td>\n<td><span style=\"font-weight: 400;\">Chemische Reinigung zur Qualit\u00e4tserhaltung<\/span><\/td>\n<\/tr>\n<\/tbody>\n<\/table>\n","protected":false},"excerpt":{"rendered":"<p>Der dunkelgraue zweireihige Nadelstreifenanzug strahlt Eleganz und Autorit\u00e4t aus. Das stilvolle Nadelstreifenmuster und der dunkelgraue Farbton machen es perfekt f\u00fcr formelle und gesch\u00e4ftliche Anl\u00e4sse. Mit modernem Zweireiher-Design und hochwertigem Stoff ist dieser Anzug die ideale Wahl f\u00fcr den stilvollen Mann. Erh\u00e4ltlich in kleinen und gro\u00dfen Gr\u00f6\u00dfen f\u00fcr eine perfekte Passform.<\/p>\n<p>\u2702\ufe0f Perfekte Passform, speziell f\u00fcr Sie gefertigt.<\/p>\n<p>\ud83d\udc54 Individuelle Beratung f\u00fcr Ihren einzigartigen Look.<\/p>\n<p>\ud83e\uddf5 Hochwertige Materialien f\u00fcr ultimativen Komfort.<\/p>\n<p>\ud83c\udfa8 Stilvoll f\u00fcr jeden Anlass.<\/p>\n<p>\ud83c\udf81 Genie\u00dfen Sie bei jedem Ladenbesuch ein kostenloses Geschenk!<\/p>\n","protected":false},"featured_media":2863,"template":"","meta":{"_acf_changed":false},"product_brand":[],"product_cat":[138],"product_tag":[],"class_list":{"0":"post-4692","1":"product","2":"type-product","3":"status-publish","4":"has-post-thumbnail","6":"product_cat-outlet","8":"first","9":"instock","10":"sale","11":"shipping-taxable","12":"purchasable","13":"product-type-simple"},"acf":[],"_links":{"self":[{"href":"https:\/\/www.lomoro.nl\/de\/wp-json\/wp\/v2\/product\/4692","targetHints":{"allow":["GET"]}}],"collection":[{"href":"https:\/\/www.lomoro.nl\/de\/wp-json\/wp\/v2\/product"}],"about":[{"href":"https:\/\/www.lomoro.nl\/de\/wp-json\/wp\/v2\/types\/product"}],"wp:featuredmedia":[{"embeddable":true,"href":"https:\/\/www.lomoro.nl\/de\/wp-json\/wp\/v2\/media\/2863"}],"wp:attachment":[{"href":"https:\/\/www.lomoro.nl\/de\/wp-json\/wp\/v2\/media?parent=4692"}],"wp:term":[{"taxonomy":"product_brand","embeddable":true,"href":"https:\/\/www.lomoro.nl\/de\/wp-json\/wp\/v2\/product_brand?post=4692"},{"taxonomy":"product_cat","embeddable":true,"href":"https:\/\/www.lomoro.nl\/de\/wp-json\/wp\/v2\/product_cat?post=4692"},{"taxonomy":"product_tag","embeddable":true,"href":"https:\/\/www.lomoro.nl\/de\/wp-json\/wp\/v2\/product_tag?post=4692"}],"curies":[{"name":"wp","href":"https:\/\/api.w.org\/{rel}","templated":true}]}}