{"id":4694,"date":"2024-12-16T07:13:10","date_gmt":"2024-12-16T07:13:10","guid":{"rendered":"https:\/\/lomoro.nl\/?post_type=product&#038;p=4694"},"modified":"2025-01-08T09:47:18","modified_gmt":"2025-01-08T09:47:18","slug":"het-ultieme-pak-in-twee-stijlen-4","status":"publish","type":"product","link":"https:\/\/www.lomoro.nl\/de\/products\/het-ultieme-pak-in-twee-stijlen-4\/","title":{"rendered":"Graue Anz\u00fcge im Doppelstil"},"content":{"rendered":"<p>Der graue Anzug im Double-Style verk\u00f6rpert subtile Eleganz und Flexibilit\u00e4t. Der neutrale Grauton erm\u00f6glicht eine einfache Kombination mit verschiedenen Accessoires, von der klassischen Krawatte bis zum auff\u00e4lligen Einstecktuch. Der Anzug soll Komfort und Stil f\u00fcr wichtige Anl\u00e4sse wie Hochzeiten, Gesch\u00e4ftstreffen und Galas bieten.<\/p>\n<p>Die Wahl zwischen einreihigen und zweireihigen Modellen gibt Ihnen die Freiheit, Ihren perfekten Look zu kreieren. Das hochwertige Material und die raffinierte Verarbeitung machen dieses Kost\u00fcm nicht nur zu einer modischen, sondern auch zu einer nachhaltigen Investition.<\/p>\n<p>&nbsp;<\/p>\n<table style=\"height: 425px;\" width=\"639\">\n<tbody>\n<tr>\n<td><b>Merkmal<\/b><\/td>\n<td><b>Details<\/b><\/td>\n<\/tr>\n<tr>\n<td><b>Material<\/b><\/td>\n<td><span style=\"font-weight: 400;\">Premium-Wollmix<\/span><\/td>\n<\/tr>\n<tr>\n<td><b>Farbe<\/b><\/td>\n<td><span style=\"font-weight: 400;\">Grau<\/span><\/td>\n<\/tr>\n<tr>\n<td><b>Verf\u00fcgbare Gr\u00f6\u00dfen<\/b><\/td>\n<td><span style=\"font-weight: 400;\">Kleine Gr\u00f6\u00dfen 46-62 \/ Gro\u00dfe Gr\u00f6\u00dfen 58-72<\/span><\/td>\n<\/tr>\n<tr>\n<td><b>Passform<\/b><\/td>\n<td><span style=\"font-weight: 400;\">Slim Fit<\/span><\/td>\n<\/tr>\n<tr>\n<td><b>Stil<\/b><\/td>\n<td><span style=\"font-weight: 400;\">Doppelte Stile, klassisch-modern<\/span><\/td>\n<\/tr>\n<tr>\n<td><b>Pflegehinweise<\/b><\/td>\n<td><span style=\"font-weight: 400;\">Nur professionelle Reinigung<\/span><\/td>\n<\/tr>\n<\/tbody>\n<\/table>\n<p>&nbsp;<\/p>\n","protected":false},"excerpt":{"rendered":"<div class=\"product__tax caption rte\">\n<p>Der graue Anzug im Double-Style strahlt Eleganz und Vielseitigkeit aus und eignet sich perfekt f\u00fcr formelle und halbformelle Anl\u00e4sse. Mit seiner zeitlosen grauen Farbe bietet es einen eleganten Look, der zu jedem Stil passt.<\/p>\n<p>W\u00e4hlen Sie zwischen einreihigen und zweireihigen Designs f\u00fcr einen Look, der Ihre Pers\u00f6nlichkeit widerspiegelt. Dieser Anzug vereint moderne Passform mit traditioneller Handwerkskunst.<\/p>\n<p>\u2702\ufe0f Perfekte Passform, speziell f\u00fcr Sie gefertigt.<\/p>\n<p>\ud83d\udc54 Individuelle Beratung f\u00fcr Ihren einzigartigen Look.<\/p>\n<p>\ud83e\uddf5 Hochwertige Materialien f\u00fcr ultimativen Komfort.<\/p>\n<p>\ud83c\udfa8 Stilvoll f\u00fcr jeden Anlass.<\/p>\n<p>\ud83c\udf81 Genie\u00dfen Sie bei jedem Ladenbesuch ein kostenloses Geschenk!<\/p>\n<\/div>\n","protected":false},"featured_media":2485,"template":"","meta":{"_acf_changed":false},"product_brand":[],"product_cat":[132],"product_tag":[],"class_list":{"0":"post-4694","1":"product","2":"type-product","3":"status-publish","4":"has-post-thumbnail","6":"product_cat-imperial-kostuums","8":"first","9":"instock","10":"sale","11":"shipping-taxable","12":"purchasable","13":"product-type-simple"},"acf":[],"_links":{"self":[{"href":"https:\/\/www.lomoro.nl\/de\/wp-json\/wp\/v2\/product\/4694","targetHints":{"allow":["GET"]}}],"collection":[{"href":"https:\/\/www.lomoro.nl\/de\/wp-json\/wp\/v2\/product"}],"about":[{"href":"https:\/\/www.lomoro.nl\/de\/wp-json\/wp\/v2\/types\/product"}],"wp:featuredmedia":[{"embeddable":true,"href":"https:\/\/www.lomoro.nl\/de\/wp-json\/wp\/v2\/media\/2485"}],"wp:attachment":[{"href":"https:\/\/www.lomoro.nl\/de\/wp-json\/wp\/v2\/media?parent=4694"}],"wp:term":[{"taxonomy":"product_brand","embeddable":true,"href":"https:\/\/www.lomoro.nl\/de\/wp-json\/wp\/v2\/product_brand?post=4694"},{"taxonomy":"product_cat","embeddable":true,"href":"https:\/\/www.lomoro.nl\/de\/wp-json\/wp\/v2\/product_cat?post=4694"},{"taxonomy":"product_tag","embeddable":true,"href":"https:\/\/www.lomoro.nl\/de\/wp-json\/wp\/v2\/product_tag?post=4694"}],"curies":[{"name":"wp","href":"https:\/\/api.w.org\/{rel}","templated":true}]}}