{"id":4703,"date":"2024-12-16T07:20:03","date_gmt":"2024-12-16T07:20:03","guid":{"rendered":"https:\/\/lomoro.nl\/?post_type=product&#038;p=4703"},"modified":"2025-01-08T10:06:41","modified_gmt":"2025-01-08T10:06:41","slug":"het-ultieme-pak-in-twee-stijlen-2","status":"publish","type":"product","link":"https:\/\/www.lomoro.nl\/de\/products\/het-ultieme-pak-in-twee-stijlen-2\/","title":{"rendered":"Dunkelgr\u00fcne Anz\u00fcge im Doppelstil"},"content":{"rendered":"<p>Der dunkelgr\u00fcne Double Styles-Anzug ist ein Meisterwerk an Stil und Funktionalit\u00e4t. Die tiefgr\u00fcne Farbe sorgt f\u00fcr einen frischen, raffinierten Look, der sowohl zu Gesch\u00e4ftstreffen als auch zu festlichen Anl\u00e4ssen perfekt passt. Dank des hochwertigen Materials bietet dieses Kost\u00fcm Komfort, ohne auf Eleganz zu verzichten.<\/p>\n<p>Mit der Auswahl an einreihigen und zweireihigen Designs k\u00f6nnen Sie Ihren Look ganz einfach an den jeweiligen Anlass anpassen. Die pr\u00e4zise Verarbeitung und der moderne Schnitt machen diesen Anzug zu einer unverzichtbaren Erg\u00e4nzung der Garderobe jedes stilvollen Mannes.<\/p>\n<table style=\"height: 404px;\" width=\"603\">\n<tbody>\n<tr>\n<td><b>Merkmal<\/b><\/td>\n<td><b>Details<\/b><\/td>\n<\/tr>\n<tr>\n<td><b>Material<\/b><\/td>\n<td><span style=\"font-weight: 400;\">Premium-Wollmix<\/span><\/td>\n<\/tr>\n<tr>\n<td><b>Farbe<\/b><\/td>\n<td><span style=\"font-weight: 400;\">Dunkelgr\u00fcn<\/span><\/td>\n<\/tr>\n<tr>\n<td><b>Verf\u00fcgbare Gr\u00f6\u00dfen<\/b><\/td>\n<td><span style=\"font-weight: 400;\">Kleine Gr\u00f6\u00dfen 46-62 \/ Gro\u00dfe Gr\u00f6\u00dfen 58-72<\/span><\/td>\n<\/tr>\n<tr>\n<td><b>Passform<\/b><\/td>\n<td><span style=\"font-weight: 400;\">Slim Fit<\/span><\/td>\n<\/tr>\n<tr>\n<td><b>Stil<\/b><\/td>\n<td><span style=\"font-weight: 400;\">Doppelte Stile, klassisch-modern<\/span><\/td>\n<\/tr>\n<tr>\n<td><b>Pflegehinweise<\/b><\/td>\n<td><span style=\"font-weight: 400;\">Nur professionelle Reinigung<\/span><\/td>\n<\/tr>\n<\/tbody>\n<\/table>\n<p>&nbsp;<\/p>\n","protected":false},"excerpt":{"rendered":"<div class=\"product__tax caption rte\">\n<p>Der dunkelgr\u00fcne Anzug im Double-Style kombiniert satte, nat\u00fcrliche Farbt\u00f6ne mit einer modernen Passform. Dieser Anzug ist ideal f\u00fcr formelle und festliche Anl\u00e4sse und strahlt Eleganz und Selbstbewusstsein aus.<\/p>\n<p>Mit einer Auswahl an einreihigen und zweireihigen Modellen bietet dieser Anzug Vielseitigkeit und zeitlose Klasse, perfekt f\u00fcr jede Garderobe.<\/p>\n<p>\u2702\ufe0f Perfekte Passform, speziell f\u00fcr Sie gefertigt.<\/p>\n<p>\ud83d\udc54 Individuelle Beratung f\u00fcr Ihren einzigartigen Look.<\/p>\n<p>\ud83e\uddf5 Hochwertige Materialien f\u00fcr ultimativen Komfort.<\/p>\n<p>\ud83c\udfa8 Stilvoll f\u00fcr jeden Anlass.<\/p>\n<p>\ud83c\udf81 Genie\u00dfen Sie bei jedem Ladenbesuch ein kostenloses Geschenk!<\/p>\n<\/div>\n","protected":false},"featured_media":2488,"template":"","meta":{"_acf_changed":false},"product_brand":[],"product_cat":[132],"product_tag":[],"class_list":{"0":"post-4703","1":"product","2":"type-product","3":"status-publish","4":"has-post-thumbnail","6":"product_cat-imperial-kostuums","8":"first","9":"instock","10":"sale","11":"shipping-taxable","12":"purchasable","13":"product-type-simple"},"acf":[],"_links":{"self":[{"href":"https:\/\/www.lomoro.nl\/de\/wp-json\/wp\/v2\/product\/4703","targetHints":{"allow":["GET"]}}],"collection":[{"href":"https:\/\/www.lomoro.nl\/de\/wp-json\/wp\/v2\/product"}],"about":[{"href":"https:\/\/www.lomoro.nl\/de\/wp-json\/wp\/v2\/types\/product"}],"wp:featuredmedia":[{"embeddable":true,"href":"https:\/\/www.lomoro.nl\/de\/wp-json\/wp\/v2\/media\/2488"}],"wp:attachment":[{"href":"https:\/\/www.lomoro.nl\/de\/wp-json\/wp\/v2\/media?parent=4703"}],"wp:term":[{"taxonomy":"product_brand","embeddable":true,"href":"https:\/\/www.lomoro.nl\/de\/wp-json\/wp\/v2\/product_brand?post=4703"},{"taxonomy":"product_cat","embeddable":true,"href":"https:\/\/www.lomoro.nl\/de\/wp-json\/wp\/v2\/product_cat?post=4703"},{"taxonomy":"product_tag","embeddable":true,"href":"https:\/\/www.lomoro.nl\/de\/wp-json\/wp\/v2\/product_tag?post=4703"}],"curies":[{"name":"wp","href":"https:\/\/api.w.org\/{rel}","templated":true}]}}