{"id":4717,"date":"2024-12-16T07:33:24","date_gmt":"2024-12-16T07:33:24","guid":{"rendered":"https:\/\/lomoro.nl\/?post_type=product&#038;p=4717"},"modified":"2025-01-08T10:36:28","modified_gmt":"2025-01-08T10:36:28","slug":"het-ultieme-pak-in-twee-stijlen","status":"publish","type":"product","link":"https:\/\/www.lomoro.nl\/de\/products\/het-ultieme-pak-in-twee-stijlen\/","title":{"rendered":"Hellblaue Anz\u00fcge im Doppelstil"},"content":{"rendered":"<p>Der hellblaue Double-Styles-Anzug strahlt Klasse und Raffinesse aus und ist perfekt f\u00fcr M\u00e4nner, die einen frischen, modernen Stil lieben. Der hellblaue Farbton verleiht einen Hauch von Frische, ideal f\u00fcr die Fr\u00fchlings- und Sommermonate. Das aus hochwertigen Stoffen gefertigte Kost\u00fcm bietet ultimativen Komfort und Haltbarkeit.<\/p>\n<p>Ob Sie sich f\u00fcr die einreihige oder zweireihige Variante entscheiden, dieser Anzug garantiert eine perfekte Balance zwischen Komfort und Stil. Die raffinierten Details und die pr\u00e4zise Verarbeitung machen es zu einer hervorragenden Wahl f\u00fcr verschiedene formelle und festliche Anl\u00e4sse.<\/p>\n<p>&nbsp;<\/p>\n<table style=\"height: 404px;\" width=\"608\">\n<tbody>\n<tr>\n<td><b>Merkmal<\/b><\/td>\n<td><b>Details<\/b><\/td>\n<\/tr>\n<tr>\n<td><b>Material<\/b><\/td>\n<td><span style=\"font-weight: 400;\">Premium-Wollmix<\/span><\/td>\n<\/tr>\n<tr>\n<td><b>Farbe<\/b><\/td>\n<td><span style=\"font-weight: 400;\">Hellblau<\/span><\/td>\n<\/tr>\n<tr>\n<td><b>Verf\u00fcgbare Gr\u00f6\u00dfen<\/b><\/td>\n<td><span style=\"font-weight: 400;\">Kleine Gr\u00f6\u00dfen 46-62 \/ Gro\u00dfe Gr\u00f6\u00dfen 58-72<\/span><\/td>\n<\/tr>\n<tr>\n<td><b>Passform<\/b><\/td>\n<td><span style=\"font-weight: 400;\">Slim Fit<\/span><\/td>\n<\/tr>\n<tr>\n<td><b>Stil<\/b><\/td>\n<td><span style=\"font-weight: 400;\">Doppelte Stile, klassisch-modern<\/span><\/td>\n<\/tr>\n<tr>\n<td><b>Pflegehinweise<\/b><\/td>\n<td><span style=\"font-weight: 400;\">Nur professionelle Reinigung<\/span><\/td>\n<\/tr>\n<\/tbody>\n<\/table>\n<p>&nbsp;<\/p>\n","protected":false},"excerpt":{"rendered":"<div class=\"product__tax caption rte\">\n<p>Der hellblaue Double Styles Anzug vereint moderne Eleganz mit einem frischen Look. Ideal f\u00fcr stilvolle Anl\u00e4sse wie Hochzeiten und Gesch\u00e4ftstreffen.<\/p>\n<p>Mit einer Auswahl an einreihigen und zweireihigen Designs bietet dieser Anzug Vielseitigkeit und eine elegante Passform f\u00fcr jeden Anlass.<\/p>\n<p>\u2702\ufe0f Perfekte Passform, speziell f\u00fcr Sie gefertigt.<\/p>\n<p>\ud83d\udc54 Individuelle Beratung f\u00fcr Ihren einzigartigen Look.<\/p>\n<p>\ud83e\uddf5 Hochwertige Materialien f\u00fcr ultimativen Komfort.<\/p>\n<p>\ud83c\udfa8 Stilvoll f\u00fcr jeden Anlass.<\/p>\n<p>\ud83c\udf81 Genie\u00dfen Sie bei jedem Ladenbesuch ein kostenloses Geschenk!<\/p>\n<\/div>\n","protected":false},"featured_media":2509,"template":"","meta":{"_acf_changed":false},"product_brand":[],"product_cat":[132],"product_tag":[],"class_list":{"0":"post-4717","1":"product","2":"type-product","3":"status-publish","4":"has-post-thumbnail","6":"product_cat-imperial-kostuums","8":"first","9":"instock","10":"sale","11":"shipping-taxable","12":"purchasable","13":"product-type-simple"},"acf":[],"_links":{"self":[{"href":"https:\/\/www.lomoro.nl\/de\/wp-json\/wp\/v2\/product\/4717","targetHints":{"allow":["GET"]}}],"collection":[{"href":"https:\/\/www.lomoro.nl\/de\/wp-json\/wp\/v2\/product"}],"about":[{"href":"https:\/\/www.lomoro.nl\/de\/wp-json\/wp\/v2\/types\/product"}],"wp:featuredmedia":[{"embeddable":true,"href":"https:\/\/www.lomoro.nl\/de\/wp-json\/wp\/v2\/media\/2509"}],"wp:attachment":[{"href":"https:\/\/www.lomoro.nl\/de\/wp-json\/wp\/v2\/media?parent=4717"}],"wp:term":[{"taxonomy":"product_brand","embeddable":true,"href":"https:\/\/www.lomoro.nl\/de\/wp-json\/wp\/v2\/product_brand?post=4717"},{"taxonomy":"product_cat","embeddable":true,"href":"https:\/\/www.lomoro.nl\/de\/wp-json\/wp\/v2\/product_cat?post=4717"},{"taxonomy":"product_tag","embeddable":true,"href":"https:\/\/www.lomoro.nl\/de\/wp-json\/wp\/v2\/product_tag?post=4717"}],"curies":[{"name":"wp","href":"https:\/\/api.w.org\/{rel}","templated":true}]}}