{"id":4726,"date":"2024-12-16T07:38:49","date_gmt":"2024-12-16T07:38:49","guid":{"rendered":"https:\/\/lomoro.nl\/?post_type=product&#038;p=4726"},"modified":"2025-01-08T10:50:26","modified_gmt":"2025-01-08T10:50:26","slug":"het-ultieme-pak-in-twee-stijlen-23","status":"publish","type":"product","link":"https:\/\/www.lomoro.nl\/de\/products\/het-ultieme-pak-in-twee-stijlen-23\/","title":{"rendered":"T\u00fcrkisblaue Anz\u00fcge im Doppelstil"},"content":{"rendered":"<p>Der t\u00fcrkisblaue Double-Styles-Anzug bietet einen raffinierten und lebendigen Look, der jeden Anlass versch\u00f6nert. Die leuchtenden Farben in Kombination mit dem modernen Design sorgen daf\u00fcr, dass Sie immer stilvoll aussehen, egal ob Sie zu einer Hochzeit, einem Gesch\u00e4ftstreffen oder einer anderen formellen Veranstaltung gehen. Das Kost\u00fcm ist aus hochwertigen Materialien gefertigt, was ultimativen Komfort und Haltbarkeit gew\u00e4hrleistet.<\/p>\n<p>Dieses Kost\u00fcm gibt es sowohl im einreihigen als auch im zweireihigen Stil, sodass Sie sich f\u00fcr einen klassischen oder gewagteren Look entscheiden k\u00f6nnen. Die dezenten Details und der perfekt verarbeitete Schnitt machen den Anzug f\u00fcr alle formellen Anl\u00e4sse geeignet. Der t\u00fcrkisblaue Anzug ist die perfekte M\u00f6glichkeit, mit einem Hauch von Modernit\u00e4t und Stil aufzufallen.<\/p>\n<p>&nbsp;<\/p>\n<table style=\"height: 387px;\" width=\"635\">\n<tbody>\n<tr>\n<td><b>Merkmal<\/b><\/td>\n<td><b>Details<\/b><\/td>\n<\/tr>\n<tr>\n<td><b>Material<\/b><\/td>\n<td><span style=\"font-weight: 400;\">Premium-Wollmix<\/span><\/td>\n<\/tr>\n<tr>\n<td><b>Farbe<\/b><\/td>\n<td><span style=\"font-weight: 400;\">T\u00fcrkisblau<\/span><\/td>\n<\/tr>\n<tr>\n<td><b>Verf\u00fcgbare Gr\u00f6\u00dfen<\/b><\/td>\n<td><span style=\"font-weight: 400;\">Kleine Gr\u00f6\u00dfen 46-62 \/ Gro\u00dfe Gr\u00f6\u00dfen 58-72<\/span><\/td>\n<\/tr>\n<tr>\n<td><b>Passform<\/b><\/td>\n<td><span style=\"font-weight: 400;\">Slim Fit<\/span><\/td>\n<\/tr>\n<tr>\n<td><b>Stil<\/b><\/td>\n<td><span style=\"font-weight: 400;\">Doppelte Stile, klassisch-modern<\/span><\/td>\n<\/tr>\n<tr>\n<td><b>Pflegehinweise<\/b><\/td>\n<td><span style=\"font-weight: 400;\">Nur professionelle Reinigung<\/span><\/td>\n<\/tr>\n<\/tbody>\n<\/table>\n<p>&nbsp;<\/p>\n","protected":false},"excerpt":{"rendered":"<div class=\"product__tax caption rte\">\n<p>Der t\u00fcrkisblaue Double-Styles-Anzug ist die perfekte Wahl f\u00fcr alle, die einen frischen und lebendigen Look suchen. Dieses Kost\u00fcm ist ideal f\u00fcr besondere Anl\u00e4sse wie Hochzeiten und exklusive Partys.<\/p>\n<p>Der hochwertige Stoff und der elegante Schnitt sorgen f\u00fcr Komfort und Stil und machen diesen Anzug zu einem Must-have f\u00fcr den modernen Mann, der beeindrucken m\u00f6chte.<\/p>\n<p>\u2702\ufe0f Perfekte Passform, speziell f\u00fcr Sie gefertigt.<\/p>\n<p>\ud83d\udc54 Individuelle Beratung f\u00fcr Ihren einzigartigen Look.<\/p>\n<p>\ud83e\uddf5 Hochwertige Materialien f\u00fcr ultimativen Komfort.<\/p>\n<p>\ud83c\udfa8 Stilvoll f\u00fcr jeden Anlass.<\/p>\n<p>\ud83c\udf81 Genie\u00dfen Sie bei jedem Ladenbesuch ein kostenloses Geschenk!<\/p>\n<\/div>\n","protected":false},"featured_media":2530,"template":"","meta":{"_acf_changed":false},"product_brand":[],"product_cat":[132],"product_tag":[],"class_list":{"0":"post-4726","1":"product","2":"type-product","3":"status-publish","4":"has-post-thumbnail","6":"product_cat-imperial-kostuums","8":"first","9":"instock","10":"sale","11":"shipping-taxable","12":"purchasable","13":"product-type-simple"},"acf":[],"_links":{"self":[{"href":"https:\/\/www.lomoro.nl\/de\/wp-json\/wp\/v2\/product\/4726","targetHints":{"allow":["GET"]}}],"collection":[{"href":"https:\/\/www.lomoro.nl\/de\/wp-json\/wp\/v2\/product"}],"about":[{"href":"https:\/\/www.lomoro.nl\/de\/wp-json\/wp\/v2\/types\/product"}],"wp:featuredmedia":[{"embeddable":true,"href":"https:\/\/www.lomoro.nl\/de\/wp-json\/wp\/v2\/media\/2530"}],"wp:attachment":[{"href":"https:\/\/www.lomoro.nl\/de\/wp-json\/wp\/v2\/media?parent=4726"}],"wp:term":[{"taxonomy":"product_brand","embeddable":true,"href":"https:\/\/www.lomoro.nl\/de\/wp-json\/wp\/v2\/product_brand?post=4726"},{"taxonomy":"product_cat","embeddable":true,"href":"https:\/\/www.lomoro.nl\/de\/wp-json\/wp\/v2\/product_cat?post=4726"},{"taxonomy":"product_tag","embeddable":true,"href":"https:\/\/www.lomoro.nl\/de\/wp-json\/wp\/v2\/product_tag?post=4726"}],"curies":[{"name":"wp","href":"https:\/\/api.w.org\/{rel}","templated":true}]}}