{"id":4738,"date":"2024-12-16T07:44:29","date_gmt":"2024-12-16T07:44:29","guid":{"rendered":"https:\/\/lomoro.nl\/?post_type=product&#038;p=4738"},"modified":"2025-01-08T11:06:47","modified_gmt":"2025-01-08T11:06:47","slug":"het-ultieme-pak-in-twee-stijlen-15","status":"publish","type":"product","link":"https:\/\/www.lomoro.nl\/de\/products\/het-ultieme-pak-in-twee-stijlen-15\/","title":{"rendered":"Himmelblaue Anz\u00fcge im Doppelstil"},"content":{"rendered":"<p>Der himmelblaue Anzug im Doppelstil strahlt einen zeitlosen Charme aus und ist perfekt f\u00fcr den Mann, der einen anspruchsvollen und dennoch modernen Look sucht. Die sanfte blaue Farbe verleiht Ihrer formellen Garderobe eine luftige, frische Note, w\u00e4hrend die hohe Qualit\u00e4t des Materials f\u00fcr Komfort und Haltbarkeit sorgt. Dieser Anzug ist perfekt f\u00fcr Hochzeiten, Gesch\u00e4ftstreffen oder andere wichtige Veranstaltungen und soll auf subtile, elegante Weise die Aufmerksamkeit auf sich ziehen.<\/p>\n<p>Die hervorragende Passform und die detaillierte Verarbeitung machen diesen Anzug zu einem Must-have f\u00fcr den modebewussten Mann. Der Sky Blue Double Styles Suit bietet die Wahl zwischen einreihigen und zweireihigen Modellen, sodass Sie den klassischen Look mit einem modernen Flair kombinieren k\u00f6nnen. Der luxuri\u00f6se Stoff und die raffinierten Details sorgen f\u00fcr einen luxuri\u00f6sen Look, w\u00e4hrend die Vielseitigkeit der Farbe es Ihnen erm\u00f6glicht, den Anzug zu verschiedenen Anl\u00e4ssen zu tragen.<\/p>\n<p>&nbsp;<\/p>\n<table style=\"height: 401px;\" width=\"637\">\n<tbody>\n<tr>\n<td><b>Merkmal<\/b><\/td>\n<td><b>Details<\/b><\/td>\n<\/tr>\n<tr>\n<td><b>Material<\/b><\/td>\n<td><span style=\"font-weight: 400;\">Premium-Wollmix<\/span><\/td>\n<\/tr>\n<tr>\n<td><b>Farbe<\/b><\/td>\n<td><span style=\"font-weight: 400;\">Himmelblau<\/span><\/td>\n<\/tr>\n<tr>\n<td><b>Verf\u00fcgbare Gr\u00f6\u00dfen<\/b><\/td>\n<td><span style=\"font-weight: 400;\">Kleine Gr\u00f6\u00dfen 46-62 \/ Gro\u00dfe Gr\u00f6\u00dfen 58-72<\/span><\/td>\n<\/tr>\n<tr>\n<td><b>Passform<\/b><\/td>\n<td><span style=\"font-weight: 400;\">Slim Fit<\/span><\/td>\n<\/tr>\n<tr>\n<td><b>Stil<\/b><\/td>\n<td><span style=\"font-weight: 400;\">Doppelte Stile, klassisch-modern<\/span><\/td>\n<\/tr>\n<tr>\n<td><b>Pflegehinweise<\/b><\/td>\n<td><span style=\"font-weight: 400;\">Nur professionelle Reinigung<\/span><\/td>\n<\/tr>\n<\/tbody>\n<\/table>\n<p>&nbsp;<\/p>\n","protected":false},"excerpt":{"rendered":"<div class=\"product__tax caption rte\">\n<p>Der Sky Blue Double Styles Suit ist die perfekte Wahl f\u00fcr alle, die Eleganz und Frische vereinen m\u00f6chten. Der dezente Blauton sorgt f\u00fcr einen raffinierten Look, der zu jedem Anlass passt.<\/p>\n<p>Dieser aus hochwertigen Materialien gefertigte Anzug bietet sowohl Stil als auch Komfort und eignet sich daher ideal f\u00fcr Hochzeiten, Firmenveranstaltungen oder andere formelle Anl\u00e4sse.<\/p>\n<p>\u2702\ufe0f Perfekte Passform, speziell f\u00fcr Sie gefertigt.<\/p>\n<p>\ud83d\udc54 Individuelle Beratung f\u00fcr Ihren einzigartigen Look.<\/p>\n<p>\ud83e\uddf5 Hochwertige Materialien f\u00fcr ultimativen Komfort.<\/p>\n<p>\ud83c\udfa8 Stilvoll f\u00fcr jeden Anlass.<\/p>\n<p>\ud83c\udf81 Genie\u00dfen Sie bei jedem Ladenbesuch ein kostenloses Geschenk!<\/p>\n<\/div>\n","protected":false},"featured_media":2533,"template":"","meta":{"_acf_changed":false},"product_brand":[],"product_cat":[132],"product_tag":[],"class_list":{"0":"post-4738","1":"product","2":"type-product","3":"status-publish","4":"has-post-thumbnail","6":"product_cat-imperial-kostuums","8":"first","9":"instock","10":"sale","11":"shipping-taxable","12":"purchasable","13":"product-type-simple"},"acf":[],"_links":{"self":[{"href":"https:\/\/www.lomoro.nl\/de\/wp-json\/wp\/v2\/product\/4738","targetHints":{"allow":["GET"]}}],"collection":[{"href":"https:\/\/www.lomoro.nl\/de\/wp-json\/wp\/v2\/product"}],"about":[{"href":"https:\/\/www.lomoro.nl\/de\/wp-json\/wp\/v2\/types\/product"}],"wp:featuredmedia":[{"embeddable":true,"href":"https:\/\/www.lomoro.nl\/de\/wp-json\/wp\/v2\/media\/2533"}],"wp:attachment":[{"href":"https:\/\/www.lomoro.nl\/de\/wp-json\/wp\/v2\/media?parent=4738"}],"wp:term":[{"taxonomy":"product_brand","embeddable":true,"href":"https:\/\/www.lomoro.nl\/de\/wp-json\/wp\/v2\/product_brand?post=4738"},{"taxonomy":"product_cat","embeddable":true,"href":"https:\/\/www.lomoro.nl\/de\/wp-json\/wp\/v2\/product_cat?post=4738"},{"taxonomy":"product_tag","embeddable":true,"href":"https:\/\/www.lomoro.nl\/de\/wp-json\/wp\/v2\/product_tag?post=4738"}],"curies":[{"name":"wp","href":"https:\/\/api.w.org\/{rel}","templated":true}]}}