{"id":4754,"date":"2024-12-16T07:50:04","date_gmt":"2024-12-16T07:50:04","guid":{"rendered":"https:\/\/lomoro.nl\/?post_type=product&#038;p=4754"},"modified":"2025-01-08T11:24:42","modified_gmt":"2025-01-08T11:24:42","slug":"het-ultieme-pak-in-twee-stijlen-16","status":"publish","type":"product","link":"https:\/\/www.lomoro.nl\/de\/products\/het-ultieme-pak-in-twee-stijlen-16\/","title":{"rendered":"Hellbeige Doppelanz\u00fcge"},"content":{"rendered":"<p><span>Der hellbeige Double-Styles-Anzug ist die perfekte Wahl f\u00fcr den Mann, der einen raffinierten und dennoch auff\u00e4lligen Look sucht. Der helle Beigeton verleiht Ihrer formellen Garderobe einen Hauch von Frische, ohne auf Eleganz zu verzichten. Dieses Kost\u00fcm wurde mit Liebe zum Detail entworfen und bietet eine hervorragende Passform, die Ihrer Figur schmeichelt. Ob zur Hochzeit, zum gesch\u00e4ftlichen Anlass oder zu einem anderen formellen Anlass, dieser Anzug macht immer einen stilvollen Eindruck.<\/span><\/p>\n<p><span>Mit seinem klassischen Zweireiher-Design bietet der Light Beige Double Styles Suit einen zeitlosen Look, der sich leicht an Ihren pers\u00f6nlichen Stil anpassen l\u00e4sst. Der hochwertige Stoff und die sorgf\u00e4ltige Verarbeitung sorgen daf\u00fcr, dass dieses Kost\u00fcm jahrelang h\u00e4lt. Durch die Vielseitigkeit der Farbe eignet es sich f\u00fcr verschiedene Anl\u00e4sse, w\u00e4hrend die schmale Passform f\u00fcr einen modernen Look sorgt, der Ihr Selbstvertrauen st\u00e4rkt.<\/span><\/p>\n<p>&nbsp;<\/p>\n<table>\n<tbody>\n<tr>\n<td><b><span>Besonderheit<\/span><\/b><\/td>\n<td><b><span>Details<\/span><\/b><\/td>\n<\/tr>\n<tr>\n<td><b><span>Material<\/span><\/b><\/td>\n<td><span>Hochwertige Wollmischung<\/span><\/td>\n<\/tr>\n<tr>\n<td><b><span>Farbe<\/span><\/b><\/td>\n<td><span>Hellbeige<\/span><\/td>\n<\/tr>\n<tr>\n<td><b><span>Verf\u00fcgbare Gr\u00f6\u00dfen<\/span><\/b><\/td>\n<td><span>Kleine Gr\u00f6\u00dfen 46-62 \/ Gro\u00dfe Gr\u00f6\u00dfen 58-72<\/span><\/td>\n<\/tr>\n<tr>\n<td><b><span>Fit<\/span><\/b><\/td>\n<td><span>Schlanke Passform<\/span><\/td>\n<\/tr>\n<tr>\n<td><b><span>Stil<\/span><\/b><\/td>\n<td><span>Zweireihig<\/span><\/td>\n<\/tr>\n<tr>\n<td><b><span>Waschanleitung<\/span><\/b><\/td>\n<td><span>Nur professionelle Reinigung<\/span><\/td>\n<\/tr>\n<\/tbody>\n<\/table>\n<p>&nbsp;<\/p>\n","protected":false},"excerpt":{"rendered":"<div class=\"product__tax caption rte\">\n<p><span>Der hellbeige Doppelanzug bietet die perfekte Balance zwischen Eleganz und Raffinesse. Der sanfte Beigeton sorgt f\u00fcr einen leichten und frischen Look, der zu verschiedenen Anl\u00e4ssen passt.<\/span><\/p>\n<p><span>Mit einer hochwertigen Verarbeitung und einer engen Passform bietet dieser Anzug sowohl Stil als auch Komfort. Es ist die ideale Wahl f\u00fcr Hochzeiten, Firmenveranstaltungen und andere formelle Anl\u00e4sse.<\/span><\/p>\n<p>\u2702\ufe0f<span>Perfekte Passform, speziell f\u00fcr Sie gefertigt.<\/span><\/p>\n<p>\ud83d\udc54<span>Individuelle Beratung f\u00fcr Ihren einzigartigen Look.<\/span><\/p>\n<p>\ud83e\uddf5<span>Hochwertige Materialien f\u00fcr ultimativen Komfort.<\/span><\/p>\n<p>\ud83c\udfa8<span>Stilvoll f\u00fcr jeden Anlass.<\/span><\/p>\n<p>\ud83c\udf81<span>Genie\u00dfen Sie bei jedem Ladenbesuch ein Gratisgeschenk!<\/span><\/p>\n<\/div>\n","protected":false},"featured_media":2545,"template":"","meta":{"_acf_changed":false},"product_brand":[],"product_cat":[132],"product_tag":[],"class_list":{"0":"post-4754","1":"product","2":"type-product","3":"status-publish","4":"has-post-thumbnail","6":"product_cat-imperial-kostuums","8":"first","9":"instock","10":"sale","11":"shipping-taxable","12":"purchasable","13":"product-type-simple"},"acf":[],"_links":{"self":[{"href":"https:\/\/www.lomoro.nl\/de\/wp-json\/wp\/v2\/product\/4754","targetHints":{"allow":["GET"]}}],"collection":[{"href":"https:\/\/www.lomoro.nl\/de\/wp-json\/wp\/v2\/product"}],"about":[{"href":"https:\/\/www.lomoro.nl\/de\/wp-json\/wp\/v2\/types\/product"}],"wp:featuredmedia":[{"embeddable":true,"href":"https:\/\/www.lomoro.nl\/de\/wp-json\/wp\/v2\/media\/2545"}],"wp:attachment":[{"href":"https:\/\/www.lomoro.nl\/de\/wp-json\/wp\/v2\/media?parent=4754"}],"wp:term":[{"taxonomy":"product_brand","embeddable":true,"href":"https:\/\/www.lomoro.nl\/de\/wp-json\/wp\/v2\/product_brand?post=4754"},{"taxonomy":"product_cat","embeddable":true,"href":"https:\/\/www.lomoro.nl\/de\/wp-json\/wp\/v2\/product_cat?post=4754"},{"taxonomy":"product_tag","embeddable":true,"href":"https:\/\/www.lomoro.nl\/de\/wp-json\/wp\/v2\/product_tag?post=4754"}],"curies":[{"name":"wp","href":"https:\/\/api.w.org\/{rel}","templated":true}]}}